{"id":83130,"date":"2025-05-05T11:48:28","date_gmt":"2025-05-05T08:48:28","guid":{"rendered":"https:\/\/nautical.store\/toode\/pellep-vela-fd-brim-lierihattu\/"},"modified":"2025-05-05T11:48:28","modified_gmt":"2025-05-05T08:48:28","slug":"pellep-vela-fd-brim-lierihattu","status":"publish","type":"product","link":"https:\/\/nautical.store\/fi\/tuote\/pellep-vela-fd-brim-lierihattu\/","title":{"rendered":"PelleP Vela FD Brim &#8211; lierihattu"},"content":{"rendered":"<p>Suojaava aurinkohattu, valmistettu kest\u00e4v\u00e4st\u00e4 ja nopeasti kuivuvasta Rip Stop -materiaalista, verkkovuorilla ja s\u00e4\u00e4dett\u00e4vill\u00e4 hihnoilla. Vela FD Brim -hattu on valmistettu polyamidista, ja siin\u00e4 on polyesterivuori. Hatussa on PFC-vapaa DWR-k\u00e4sittely, ja se on k\u00e4sitelty hylkim\u00e4\u00e4n staattista s\u00e4hk\u00f6\u00e4 sek\u00e4 suolavett\u00e4. Edess\u00e4 brodeerattu Pelle P -logo ja takana P-kirjainlogo.<\/p>\n","protected":false},"excerpt":{"rendered":"<p>Aurinkolta suojaava, vett\u00e4hylkiv\u00e4 lierihattu<\/p>\n","protected":false},"featured_media":78571,"template":"","meta":{"_acf_changed":false},"pwb-brand":[838],"product_brand":[],"product_cat":[628,629,926,1259,1260],"product_tag":[],"woo-feed-brand":[],"class_list":{"0":"post-83130","1":"product","2":"type-product","3":"status-publish","4":"has-post-thumbnail","6":"pwb-brand-pelle-petterson-fi","7":"product_cat-asusteet","8":"product_cat-asusteet-naiset","9":"product_cat-asusteet-fi","10":"product_cat-miesten-golfvaatteet","11":"product_cat-naisten-golfvaatteet","13":"first","14":"instock","15":"taxable","16":"shipping-taxable","17":"purchasable","18":"product-type-variable","19":"wvs-archive-product-wrapper"},"acf":[],"brands":[{"id":838,"name":"Pelle Petterson","slug":"pelle-petterson-fi"}],"_links":{"self":[{"href":"https:\/\/nautical.store\/fi\/wp-json\/wp\/v2\/product\/83130","targetHints":{"allow":["GET"]}}],"collection":[{"href":"https:\/\/nautical.store\/fi\/wp-json\/wp\/v2\/product"}],"about":[{"href":"https:\/\/nautical.store\/fi\/wp-json\/wp\/v2\/types\/product"}],"wp:featuredmedia":[{"embeddable":true,"href":"https:\/\/nautical.store\/fi\/wp-json\/wp\/v2\/media\/78571"}],"wp:attachment":[{"href":"https:\/\/nautical.store\/fi\/wp-json\/wp\/v2\/media?parent=83130"}],"wp:term":[{"taxonomy":"pwb-brand","embeddable":true,"href":"https:\/\/nautical.store\/fi\/wp-json\/wp\/v2\/pwb-brand?post=83130"},{"taxonomy":"product_brand","embeddable":true,"href":"https:\/\/nautical.store\/fi\/wp-json\/wp\/v2\/product_brand?post=83130"},{"taxonomy":"product_cat","embeddable":true,"href":"https:\/\/nautical.store\/fi\/wp-json\/wp\/v2\/product_cat?post=83130"},{"taxonomy":"product_tag","embeddable":true,"href":"https:\/\/nautical.store\/fi\/wp-json\/wp\/v2\/product_tag?post=83130"},{"taxonomy":"woo-feed-brand","embeddable":true,"href":"https:\/\/nautical.store\/fi\/wp-json\/wp\/v2\/woo-feed-brand?post=83130"}],"curies":[{"name":"wp","href":"https:\/\/api.w.org\/{rel}","templated":true}]}}