{"id":83298,"date":"2025-04-28T17:00:14","date_gmt":"2025-04-28T14:00:14","guid":{"rendered":"https:\/\/nautical.store\/toode\/naisten-dock-paita\/"},"modified":"2025-04-28T17:00:14","modified_gmt":"2025-04-28T14:00:14","slug":"naisten-dock-paita","status":"publish","type":"product","link":"https:\/\/nautical.store\/fi\/tuote\/naisten-dock-paita\/","title":{"rendered":"Naisten Dock-paita"},"content":{"rendered":"<p><!--StartFragment --><\/p>\n<p>Kevyt ja naisellinen kes\u00e4paita, joka on tehty pehme\u00e4st\u00e4, hieman strukturoidusta kankaasta. Sopii t\u00e4ydellisesti yhteen Dock-sarjan hameen kanssa.<\/p>\n<p>\u2022 Materiaali: 95 % puuvillaa, 5 % elastaania<br \/>\n\u2022 Istuva malli<br \/>\n\u2022 Hengitt\u00e4v\u00e4, kevyt ja pehme\u00e4 kangas<br \/>\n\u2022 Kaulus avoimella nappilistalla<br \/>\n\u2022 Laskokset edess\u00e4 ja takana vy\u00f6t\u00e4r\u00f6n kohdalla<br \/>\n\u2022 Solmittava nauha sel\u00e4ss\u00e4<br \/>\n\u2022 Lyhyet hihat<br \/>\n\u2022 Metallinen Pelle P -logomerkki vasemmassa helmassa<br \/>\n\u2022 Vahvistettu yksityiskohta niskassa, jossa P-logolla varustettu kirjonta<\/p>\n<p><!--EndFragment --><\/p>\n","protected":false},"excerpt":{"rendered":"<p>Kevyt, pehme\u00e4 ja naisellinen kes\u00e4paita kes\u00e4n raikkaissa v\u00e4reiss\u00e4<\/p>\n","protected":false},"featured_media":78191,"template":"","meta":{"_acf_changed":false},"pwb-brand":[838],"product_brand":[],"product_cat":[827,590],"product_tag":[],"woo-feed-brand":[],"class_list":{"0":"post-83298","1":"product","2":"type-product","3":"status-publish","4":"has-post-thumbnail","6":"pwb-brand-pelle-petterson-fi","7":"product_cat-naiset","8":"product_cat-paidat","10":"first","11":"instock","12":"taxable","13":"shipping-taxable","14":"purchasable","15":"product-type-variable","16":"wvs-archive-product-wrapper"},"acf":[],"brands":[{"id":838,"name":"Pelle Petterson","slug":"pelle-petterson-fi"}],"_links":{"self":[{"href":"https:\/\/nautical.store\/fi\/wp-json\/wp\/v2\/product\/83298","targetHints":{"allow":["GET"]}}],"collection":[{"href":"https:\/\/nautical.store\/fi\/wp-json\/wp\/v2\/product"}],"about":[{"href":"https:\/\/nautical.store\/fi\/wp-json\/wp\/v2\/types\/product"}],"wp:featuredmedia":[{"embeddable":true,"href":"https:\/\/nautical.store\/fi\/wp-json\/wp\/v2\/media\/78191"}],"wp:attachment":[{"href":"https:\/\/nautical.store\/fi\/wp-json\/wp\/v2\/media?parent=83298"}],"wp:term":[{"taxonomy":"pwb-brand","embeddable":true,"href":"https:\/\/nautical.store\/fi\/wp-json\/wp\/v2\/pwb-brand?post=83298"},{"taxonomy":"product_brand","embeddable":true,"href":"https:\/\/nautical.store\/fi\/wp-json\/wp\/v2\/product_brand?post=83298"},{"taxonomy":"product_cat","embeddable":true,"href":"https:\/\/nautical.store\/fi\/wp-json\/wp\/v2\/product_cat?post=83298"},{"taxonomy":"product_tag","embeddable":true,"href":"https:\/\/nautical.store\/fi\/wp-json\/wp\/v2\/product_tag?post=83298"},{"taxonomy":"woo-feed-brand","embeddable":true,"href":"https:\/\/nautical.store\/fi\/wp-json\/wp\/v2\/woo-feed-brand?post=83298"}],"curies":[{"name":"wp","href":"https:\/\/api.w.org\/{rel}","templated":true}]}}