{"id":83310,"date":"2025-04-08T10:58:58","date_gmt":"2025-04-08T07:58:58","guid":{"rendered":"https:\/\/nautical.store\/toode\/pellep-miesten-takki-arolla-aero\/"},"modified":"2025-04-08T10:58:58","modified_gmt":"2025-04-08T07:58:58","slug":"pellep-miesten-takki-arolla-aero","status":"publish","type":"product","link":"https:\/\/nautical.store\/fi\/tuote\/pellep-miesten-takki-arolla-aero\/","title":{"rendered":"PelleP Miesten Takki Arolla Aero"},"content":{"rendered":"<p><!--StartFragment --><\/p>\n<p>Monik\u00e4ytt\u00f6inen ja kevyt miesten takki, suunniteltu aktiiviseen ulkoiluun.<\/p>\n<p>Valmistettu Hi:Res SWR2L -materiaalista \u2013 joustava, tuulen- ja vedenpit\u00e4v\u00e4 kangas. Arolla Aero -takki on h\u00f6yhenenkevyt mutta yll\u00e4tt\u00e4v\u00e4n l\u00e4mmin. Sen vuori sis\u00e4lt\u00e4\u00e4 Sorona Aura -kuitua, joka on osittain per\u00e4isin maissikasveista, sek\u00e4 kierr\u00e4tetty\u00e4 polyesteri\u00e4 PET-pulloista.<\/p>\n<p>Takissa on k\u00e4yt\u00e4nn\u00f6llinen rintatasku PelleP-vetoketjulla, keskell\u00e4 YKK-k\u00e4\u00e4nteinen spiraalivetoketju ja kaksi huomaamattomasti sijoitettua sivutaskua. Takin mukana tulee yhteensopiva pussi, jonka ansiosta se on helppo pakata reppuun ja kuljettaa mukana.<\/p>\n<p>Olipa kyseess\u00e4 viile\u00e4 p\u00e4iv\u00e4 vesill\u00e4 tai golfkent\u00e4ll\u00e4 kev\u00e4\u00e4ll\u00e4 ja syksyll\u00e4, viile\u00e4 kes\u00e4ilta tai kylm\u00e4 talvis\u00e4\u00e4 vuorilla \u2013 Arolla Aero on t\u00e4ydellinen l\u00e4mp\u00f6kerros, joka kulkee mukana ymp\u00e4ri vuoden.<\/p>\n<p>&nbsp;<\/p>\n<p>Materiaaliominaisuudet:<\/p>\n<ul>\n<li>100 % polyesteri\u00e4<\/li>\n<li>Hi:Res SWR2L-kangas \u2013 tuulen- ja vedenpit\u00e4v\u00e4<\/li>\n<li>Kevyt rakenne, sopii p\u00e4\u00e4llimm\u00e4iseksi tai v\u00e4likerrokseksi<\/li>\n<li>Sorona Aura -vuori, osittain biohajoava, valmistettu maissikasveista<\/li>\n<li>Kierr\u00e4tetty polyesteri PET-pulloista<\/li>\n<li>Keskell\u00e4 YKK-k\u00e4\u00e4nteinen spiraalivetoketju, PelleP-logollinen vetimell\u00e4<\/li>\n<li>Kaksi piilotettua sivutaskua PelleP-logollisilla vetimill\u00e4<\/li>\n<li>Piilotettu rintatasku PelleP-logollisella vetimell\u00e4<\/li>\n<li>Kohopainettu PelleP-logo rinnassa ja sel\u00e4n keskell\u00e4<\/li>\n<li>True Experience -painatus alasel\u00e4ss\u00e4<\/li>\n<li>PelleP-embleemi hihassa<\/li>\n<li>Mukana samaa materiaalia oleva s\u00e4ilytyspussi<\/li>\n<li>Sis\u00e4puolella ripustuslenkki<\/li>\n<li>Joustava helma ja hihansuut<\/li>\n<li>Normaali istuvuus<\/li>\n<\/ul>\n<p>&nbsp;<\/p>\n<p>&nbsp;<\/p>\n<p><!--EndFragment --><\/p>\n","protected":false},"excerpt":{"rendered":"<p>Monik\u00e4ytt\u00f6inen ja kevyt miesten takki<\/p>\n","protected":false},"featured_media":80380,"template":"","meta":{"_acf_changed":false},"pwb-brand":[838],"product_brand":[],"product_cat":[1259,1261,702,682],"product_tag":[],"woo-feed-brand":[],"class_list":{"0":"post-83310","1":"product","2":"type-product","3":"status-publish","4":"has-post-thumbnail","6":"pwb-brand-pelle-petterson-fi","7":"product_cat-miesten-golfvaatteet","8":"product_cat-miesten-purjehdusvaatteet","9":"product_cat-paallysvaatteet-miehet","10":"product_cat-tekniset-vaatteet","12":"first","13":"instock","14":"taxable","15":"shipping-taxable","16":"purchasable","17":"product-type-variable","18":"wvs-archive-product-wrapper"},"acf":[],"brands":[{"id":838,"name":"Pelle Petterson","slug":"pelle-petterson-fi"}],"_links":{"self":[{"href":"https:\/\/nautical.store\/fi\/wp-json\/wp\/v2\/product\/83310","targetHints":{"allow":["GET"]}}],"collection":[{"href":"https:\/\/nautical.store\/fi\/wp-json\/wp\/v2\/product"}],"about":[{"href":"https:\/\/nautical.store\/fi\/wp-json\/wp\/v2\/types\/product"}],"wp:featuredmedia":[{"embeddable":true,"href":"https:\/\/nautical.store\/fi\/wp-json\/wp\/v2\/media\/80380"}],"wp:attachment":[{"href":"https:\/\/nautical.store\/fi\/wp-json\/wp\/v2\/media?parent=83310"}],"wp:term":[{"taxonomy":"pwb-brand","embeddable":true,"href":"https:\/\/nautical.store\/fi\/wp-json\/wp\/v2\/pwb-brand?post=83310"},{"taxonomy":"product_brand","embeddable":true,"href":"https:\/\/nautical.store\/fi\/wp-json\/wp\/v2\/product_brand?post=83310"},{"taxonomy":"product_cat","embeddable":true,"href":"https:\/\/nautical.store\/fi\/wp-json\/wp\/v2\/product_cat?post=83310"},{"taxonomy":"product_tag","embeddable":true,"href":"https:\/\/nautical.store\/fi\/wp-json\/wp\/v2\/product_tag?post=83310"},{"taxonomy":"woo-feed-brand","embeddable":true,"href":"https:\/\/nautical.store\/fi\/wp-json\/wp\/v2\/woo-feed-brand?post=83310"}],"curies":[{"name":"wp","href":"https:\/\/api.w.org\/{rel}","templated":true}]}}