{"id":83322,"date":"2025-05-04T14:21:44","date_gmt":"2025-05-04T11:21:44","guid":{"rendered":"https:\/\/nautical.store\/toode\/elizabeth-top\/"},"modified":"2025-05-04T14:21:44","modified_gmt":"2025-05-04T11:21:44","slug":"elizabeth-top","status":"publish","type":"product","link":"https:\/\/nautical.store\/fi\/tuote\/elizabeth-top\/","title":{"rendered":"Elizabeth Top"},"content":{"rendered":"<p><!--StartFragment --><\/p>\n<p>Neulottu lyhythihainen pusero, valmistettu pehme\u00e4st\u00e4 ja ilmavasta alpakavillasekoitteesta. 70 % babyalpakkaa \/ 30 % polyamidia.<\/p>\n<p>Hihansuissa ja helmassa joustinneulos sek\u00e4 py\u00f6re\u00e4 p\u00e4\u00e4ntie.<br \/>\nKest\u00e4v\u00e4sti tuotettu Euroopassa.<\/p>\n<p>&nbsp;<\/p>\n<p>&nbsp;<\/p>\n<p><!--EndFragment --><\/p>\n","protected":false},"excerpt":{"rendered":"<p><!--StartFragment --><\/p>\n<p>Pehme\u00e4 ja kevyt naisten neulepusero<\/p>\n","protected":false},"featured_media":78076,"template":"","meta":{"_acf_changed":false},"pwb-brand":[836],"product_brand":[],"product_cat":[877,827,601],"product_tag":[],"woo-feed-brand":[],"class_list":{"0":"post-83322","1":"product","2":"type-product","3":"status-publish","4":"has-post-thumbnail","6":"pwb-brand-holebrook-fi","7":"product_cat-edullinen-hinta-naiset","8":"product_cat-naiset","9":"product_cat-neuleet","11":"first","12":"outofstock","13":"taxable","14":"shipping-taxable","15":"product-type-variable","16":"wvs-archive-product-wrapper"},"acf":[],"brands":[{"id":836,"name":"Holebrook","slug":"holebrook-fi"}],"_links":{"self":[{"href":"https:\/\/nautical.store\/fi\/wp-json\/wp\/v2\/product\/83322","targetHints":{"allow":["GET"]}}],"collection":[{"href":"https:\/\/nautical.store\/fi\/wp-json\/wp\/v2\/product"}],"about":[{"href":"https:\/\/nautical.store\/fi\/wp-json\/wp\/v2\/types\/product"}],"wp:featuredmedia":[{"embeddable":true,"href":"https:\/\/nautical.store\/fi\/wp-json\/wp\/v2\/media\/78076"}],"wp:attachment":[{"href":"https:\/\/nautical.store\/fi\/wp-json\/wp\/v2\/media?parent=83322"}],"wp:term":[{"taxonomy":"pwb-brand","embeddable":true,"href":"https:\/\/nautical.store\/fi\/wp-json\/wp\/v2\/pwb-brand?post=83322"},{"taxonomy":"product_brand","embeddable":true,"href":"https:\/\/nautical.store\/fi\/wp-json\/wp\/v2\/product_brand?post=83322"},{"taxonomy":"product_cat","embeddable":true,"href":"https:\/\/nautical.store\/fi\/wp-json\/wp\/v2\/product_cat?post=83322"},{"taxonomy":"product_tag","embeddable":true,"href":"https:\/\/nautical.store\/fi\/wp-json\/wp\/v2\/product_tag?post=83322"},{"taxonomy":"woo-feed-brand","embeddable":true,"href":"https:\/\/nautical.store\/fi\/wp-json\/wp\/v2\/woo-feed-brand?post=83322"}],"curies":[{"name":"wp","href":"https:\/\/api.w.org\/{rel}","templated":true}]}}