{"id":83342,"date":"2025-04-30T20:32:28","date_gmt":"2025-04-30T17:32:28","guid":{"rendered":"https:\/\/nautical.store\/toode\/pellep-miesten-housut-1200-active\/"},"modified":"2026-04-15T16:30:11","modified_gmt":"2026-04-15T13:30:11","slug":"pellep-miesten-housut-1200-active","status":"publish","type":"product","link":"https:\/\/nautical.store\/fi\/tuote\/pellep-miesten-housut-1200-active\/","title":{"rendered":"PelleP Miesten Housut 1200 Active"},"content":{"rendered":"<p data-start=\"341\" data-end=\"659\">Housuissa on vetoketjusepalus edess\u00e4 sek\u00e4 tarrakiinnityksell\u00e4 s\u00e4\u00e4dett\u00e4v\u00e4 vy\u00f6t\u00e4r\u00f6. Sivuilta l\u00f6ytyv\u00e4t k\u00e4yt\u00e4nn\u00f6lliset taskut sek\u00e4 kaksi piilotettua, vetoketjullista lahjetaskua. Takana on lis\u00e4ksi taskut, joiden sis\u00e4pinnan silikoniyksityiskohta auttaa pit\u00e4m\u00e4\u00e4n tavarat paikoillaan. Erinomainen valinta esimerkiksi golfiin.<\/p>\n<p data-start=\"661\" data-end=\"1193\">\u2022 Materiaali: 89 % nailonia, 11 % elastaania<br data-start=\"705\" data-end=\"708\" \/>\u2022 Vett\u00e4hylkiv\u00e4 ja nopeasti kuivuva joustokangas<br data-start=\"755\" data-end=\"758\" \/>\u2022 Tarrakiinnityksell\u00e4 s\u00e4\u00e4dett\u00e4v\u00e4 vy\u00f6t\u00e4r\u00f6<br data-start=\"798\" data-end=\"801\" \/>\u2022 Kaksi piilotettua vetoketjullista lahjetaskua<br data-start=\"848\" data-end=\"851\" data-is-only-node=\"\" \/>\u2022 Takatasku silikoniyksityiskohdalla sis\u00e4puolella<br data-start=\"900\" data-end=\"903\" \/>\u2022 Kaksi sivutaskua<br data-start=\"921\" data-end=\"924\" \/>\u2022 Kohokuvioitu Pelle P -neppari<br data-start=\"955\" data-end=\"958\" \/>\u2022 Laminoidut lahkeensuut<br data-start=\"982\" data-end=\"985\" \/>\u2022 Vetoketjusepalus<br data-start=\"1003\" data-end=\"1006\" \/>\u2022 Kontrastiv\u00e4riset tikkaukset<br data-start=\"1035\" data-end=\"1038\" \/>\u2022 Pelle P -kirjailu vasemmassa lahkeessa ja takavy\u00f6lenkiss\u00e4<br data-start=\"1097\" data-end=\"1100\" \/>\u2022 P-logokirjailu takataskun alla<\/p>\n","protected":false},"excerpt":{"rendered":"<p>Kevyet ja joustavat housut aktiiviseen k\u00e4ytt\u00f6\u00f6n<\/p>\n","protected":false},"featured_media":95321,"template":"","meta":{"_acf_changed":false},"pwb-brand":[838],"product_brand":[],"product_cat":[1180,610,777,1259,682],"product_tag":[],"woo-feed-brand":[],"class_list":{"0":"post-83342","1":"product","2":"type-product","3":"status-publish","4":"has-post-thumbnail","6":"pwb-brand-pelle-petterson-fi","7":"product_cat-golf-fi","8":"product_cat-housut","9":"product_cat-miehet","10":"product_cat-miesten-golfvaatteet","11":"product_cat-tekniset-vaatteet","13":"first","14":"instock","15":"taxable","16":"shipping-taxable","17":"purchasable","18":"product-type-variable","19":"wvs-archive-product-wrapper"},"acf":[],"brands":[{"id":838,"name":"Pelle Petterson","slug":"pelle-petterson-fi"}],"_links":{"self":[{"href":"https:\/\/nautical.store\/fi\/wp-json\/wp\/v2\/product\/83342","targetHints":{"allow":["GET"]}}],"collection":[{"href":"https:\/\/nautical.store\/fi\/wp-json\/wp\/v2\/product"}],"about":[{"href":"https:\/\/nautical.store\/fi\/wp-json\/wp\/v2\/types\/product"}],"wp:featuredmedia":[{"embeddable":true,"href":"https:\/\/nautical.store\/fi\/wp-json\/wp\/v2\/media\/95321"}],"wp:attachment":[{"href":"https:\/\/nautical.store\/fi\/wp-json\/wp\/v2\/media?parent=83342"}],"wp:term":[{"taxonomy":"pwb-brand","embeddable":true,"href":"https:\/\/nautical.store\/fi\/wp-json\/wp\/v2\/pwb-brand?post=83342"},{"taxonomy":"product_brand","embeddable":true,"href":"https:\/\/nautical.store\/fi\/wp-json\/wp\/v2\/product_brand?post=83342"},{"taxonomy":"product_cat","embeddable":true,"href":"https:\/\/nautical.store\/fi\/wp-json\/wp\/v2\/product_cat?post=83342"},{"taxonomy":"product_tag","embeddable":true,"href":"https:\/\/nautical.store\/fi\/wp-json\/wp\/v2\/product_tag?post=83342"},{"taxonomy":"woo-feed-brand","embeddable":true,"href":"https:\/\/nautical.store\/fi\/wp-json\/wp\/v2\/woo-feed-brand?post=83342"}],"curies":[{"name":"wp","href":"https:\/\/api.w.org\/{rel}","templated":true}]}}