{"id":83362,"date":"2025-04-08T11:39:52","date_gmt":"2025-04-08T08:39:52","guid":{"rendered":"https:\/\/nautical.store\/toode\/pellep-naisten-polo-momentum\/"},"modified":"2025-04-08T11:39:52","modified_gmt":"2025-04-08T08:39:52","slug":"pellep-naisten-polo-momentum","status":"publish","type":"product","link":"https:\/\/nautical.store\/fi\/tuote\/pellep-naisten-polo-momentum\/","title":{"rendered":"PelleP Naisten Polo Momentum"},"content":{"rendered":"<p><!--StartFragment --><\/p>\n<p>Momentum Polo on tekninen pikeepaita, joka on valmistettu kevyest\u00e4, pehme\u00e4st\u00e4 ja nopeasti kuivuvasta joustavasta materiaalista. Hengitt\u00e4v\u00e4 kangas siirt\u00e4\u00e4 kosteuden tehokkaasti iholta ja kuivuu nopeasti, mik\u00e4 pit\u00e4\u00e4 olosi miellytt\u00e4v\u00e4n viile\u00e4n\u00e4 ja kuivana l\u00e4mpimiss\u00e4 olosuhteissa. Paidassa on UV-suoja.<\/p>\n<p>Ominaisuudet:<\/p>\n<ul>\n<li>Materiaali: 100 % polyesteri<\/li>\n<li>Lyhyet hihat<\/li>\n<li>Ribattu kaulus ja hihansuut, joissa kontrastiv\u00e4rinen raita<\/li>\n<li>Vahvistetut saumat kontrastiv\u00e4rill\u00e4 edess\u00e4 ja helmassa<\/li>\n<li>Kontrastiv\u00e4rinen niskateippi<\/li>\n<li>Heijastava Pelle P -logopainatus vasemmassa olkap\u00e4\u00e4ss\u00e4 ja niskassa<\/li>\n<li>Heijastava True Experience -logopainatus alasel\u00e4ss\u00e4<\/li>\n<\/ul>\n<p><!--EndFragment --><\/p>\n","protected":false},"excerpt":{"rendered":"<p>Naisten pikeepaita UV-suojalla<\/p>\n","protected":false},"featured_media":79883,"template":"","meta":{"_acf_changed":false},"pwb-brand":[838],"product_brand":[],"product_cat":[827,1260,1262,590,726],"product_tag":[],"woo-feed-brand":[],"class_list":{"0":"post-83362","1":"product","2":"type-product","3":"status-publish","4":"has-post-thumbnail","6":"pwb-brand-pelle-petterson-fi","7":"product_cat-naiset","8":"product_cat-naisten-golfvaatteet","9":"product_cat-naisten-purjehdusvaatteet","10":"product_cat-paidat","11":"product_cat-tekniset-vaatteet-naiset","13":"first","14":"instock","15":"taxable","16":"shipping-taxable","17":"purchasable","18":"product-type-variable","19":"wvs-archive-product-wrapper"},"acf":[],"brands":[{"id":838,"name":"Pelle Petterson","slug":"pelle-petterson-fi"}],"_links":{"self":[{"href":"https:\/\/nautical.store\/fi\/wp-json\/wp\/v2\/product\/83362","targetHints":{"allow":["GET"]}}],"collection":[{"href":"https:\/\/nautical.store\/fi\/wp-json\/wp\/v2\/product"}],"about":[{"href":"https:\/\/nautical.store\/fi\/wp-json\/wp\/v2\/types\/product"}],"wp:featuredmedia":[{"embeddable":true,"href":"https:\/\/nautical.store\/fi\/wp-json\/wp\/v2\/media\/79883"}],"wp:attachment":[{"href":"https:\/\/nautical.store\/fi\/wp-json\/wp\/v2\/media?parent=83362"}],"wp:term":[{"taxonomy":"pwb-brand","embeddable":true,"href":"https:\/\/nautical.store\/fi\/wp-json\/wp\/v2\/pwb-brand?post=83362"},{"taxonomy":"product_brand","embeddable":true,"href":"https:\/\/nautical.store\/fi\/wp-json\/wp\/v2\/product_brand?post=83362"},{"taxonomy":"product_cat","embeddable":true,"href":"https:\/\/nautical.store\/fi\/wp-json\/wp\/v2\/product_cat?post=83362"},{"taxonomy":"product_tag","embeddable":true,"href":"https:\/\/nautical.store\/fi\/wp-json\/wp\/v2\/product_tag?post=83362"},{"taxonomy":"woo-feed-brand","embeddable":true,"href":"https:\/\/nautical.store\/fi\/wp-json\/wp\/v2\/woo-feed-brand?post=83362"}],"curies":[{"name":"wp","href":"https:\/\/api.w.org\/{rel}","templated":true}]}}