{"id":83397,"date":"2025-04-08T11:16:43","date_gmt":"2025-04-08T08:16:43","guid":{"rendered":"https:\/\/nautical.store\/toode\/sonning-pikkureppu\/"},"modified":"2025-04-08T11:16:43","modified_gmt":"2025-04-08T08:16:43","slug":"sonning-pikkureppu","status":"publish","type":"product","link":"https:\/\/nautical.store\/fi\/tuote\/sonning-pikkureppu\/","title":{"rendered":"Sonning-pikkureppu"},"content":{"rendered":"<p><!--StartFragment --><\/p>\n<p>Orca Bay Sonning &#8211; kompakti nahkareppu jokap\u00e4iv\u00e4iseen menoon<\/p>\n<p>Tyylik\u00e4s ja n\u00e4pp\u00e4r\u00e4n kokoinen Sonning-reppu pit\u00e4\u00e4 t\u00e4rke\u00e4t tavarat mukana \u2013 olitpa sitten kaupungilla, t\u00f6iss\u00e4 tai viikonloppureissulla. Aidosta \u00f6ljyk\u00e4sitellyst\u00e4 nahasta valmistettu reppu vain paranee vanhetessaan, saaden uniikin ja persoonallisen lookin. K\u00e4det j\u00e4\u00e4v\u00e4t vapaaksi, mutta tyyli s\u00e4ilyy!<\/p>\n<ul>\n<li>Monik\u00e4ytt\u00f6inen ja ajaton \u2013 sopii arkeen ja vapaa-aikaan<\/li>\n<li>S\u00e4\u00e4dett\u00e4v\u00e4t nahkahihnat \u2013 istuu mukavasti sel\u00e4ss\u00e4<\/li>\n<li>Vetoketjullinen takatasku \u2013 t\u00e4rke\u00e4t jutut helposti tallessa<\/li>\n<li>Edess\u00e4 vetoketjulokero \u2013 nopea p\u00e4\u00e4sy usein tarvittaviin<\/li>\n<li>Nahkainen kantokahva \u2013 nopeaan napppaamiseen<\/li>\n<li>Sis\u00e4ll\u00e4 kuvioitu kangasvuori + oma puhelintasku<\/li>\n<li>P\u00e4\u00e4osasto vetoketjulla \u2013 turvallinen s\u00e4ilytys<\/li>\n<li>Sis\u00e4tasku vetoketjulla \u2013 lis\u00e4tilaa pienemmille tavaroille<\/li>\n<li>Orca Bay -logo tyylikk\u00e4\u00e4sti painettuna<\/li>\n<\/ul>\n<p>Mitat: Korkeus 290 mm \u00d7 Leveys 235 mm \u00d7 Syvyys 140 mm<br \/>\nPaino: 0,87 kg<\/p>\n<p><!--EndFragment --><\/p>\n","protected":false},"excerpt":{"rendered":"<p>Aidosta nahasta valmistettu pikkureppu<\/p>\n","protected":false},"featured_media":83395,"template":"","meta":{"_acf_changed":false},"pwb-brand":[1178],"product_brand":[],"product_cat":[628,629],"product_tag":[],"woo-feed-brand":[],"class_list":{"0":"post-83397","1":"product","2":"type-product","3":"status-publish","4":"has-post-thumbnail","6":"pwb-brand-orca-bay-fi","7":"product_cat-asusteet","8":"product_cat-asusteet-naiset","10":"first","11":"instock","12":"taxable","13":"shipping-taxable","14":"purchasable","15":"product-type-simple"},"acf":[],"brands":[{"id":1178,"name":"Orca Bay","slug":"orca-bay-fi"}],"_links":{"self":[{"href":"https:\/\/nautical.store\/fi\/wp-json\/wp\/v2\/product\/83397","targetHints":{"allow":["GET"]}}],"collection":[{"href":"https:\/\/nautical.store\/fi\/wp-json\/wp\/v2\/product"}],"about":[{"href":"https:\/\/nautical.store\/fi\/wp-json\/wp\/v2\/types\/product"}],"wp:featuredmedia":[{"embeddable":true,"href":"https:\/\/nautical.store\/fi\/wp-json\/wp\/v2\/media\/83395"}],"wp:attachment":[{"href":"https:\/\/nautical.store\/fi\/wp-json\/wp\/v2\/media?parent=83397"}],"wp:term":[{"taxonomy":"pwb-brand","embeddable":true,"href":"https:\/\/nautical.store\/fi\/wp-json\/wp\/v2\/pwb-brand?post=83397"},{"taxonomy":"product_brand","embeddable":true,"href":"https:\/\/nautical.store\/fi\/wp-json\/wp\/v2\/product_brand?post=83397"},{"taxonomy":"product_cat","embeddable":true,"href":"https:\/\/nautical.store\/fi\/wp-json\/wp\/v2\/product_cat?post=83397"},{"taxonomy":"product_tag","embeddable":true,"href":"https:\/\/nautical.store\/fi\/wp-json\/wp\/v2\/product_tag?post=83397"},{"taxonomy":"woo-feed-brand","embeddable":true,"href":"https:\/\/nautical.store\/fi\/wp-json\/wp\/v2\/woo-feed-brand?post=83397"}],"curies":[{"name":"wp","href":"https:\/\/api.w.org\/{rel}","templated":true}]}}