{"id":83475,"date":"2025-07-30T22:46:08","date_gmt":"2025-07-30T19:46:08","guid":{"rendered":"https:\/\/nautical.store\/toode\/miesten-portland-purjehduskengat-navy\/"},"modified":"2025-07-30T22:46:08","modified_gmt":"2025-07-30T19:46:08","slug":"miesten-portland-purjehduskengat-navy","status":"publish","type":"product","link":"https:\/\/nautical.store\/fi\/tuote\/miesten-portland-purjehduskengat-navy\/","title":{"rendered":"Miesten Portland-purjehduskeng\u00e4t navy"},"content":{"rendered":"<p><!--StartFragment --><\/p>\n<p>Portland-miesten purjehduskeng\u00e4t yhdist\u00e4v\u00e4t rennon merihenkisen tyylin ja mukavan arkik\u00e4yt\u00f6n t\u00e4ydellisesti. Pehme\u00e4ksi k\u00e4sitellyst\u00e4 laadukkaasta nubuk-nahasta tehdyt keng\u00e4t istuvat hyvin jalkaan, n\u00e4ytt\u00e4v\u00e4t hyv\u00e4lt\u00e4 ja kest\u00e4v\u00e4t k\u00e4ytt\u00f6\u00e4.<\/p>\n<p>Huolella k\u00e4sintehdyt keng\u00e4t yhdist\u00e4v\u00e4t perinteisen kaksirenkaisen nauhakiinnityksen ja aidot nahkanauhat j\u00e4m\u00e4kk\u00e4\u00e4n, teknisest\u00e4 EVA-materiaalista valmistettuun paksuun pohjaan. Nubuk tuntuu miellytt\u00e4v\u00e4lt\u00e4 jalassa, mutta kest\u00e4\u00e4 enemm\u00e4n kuin mokkanahka \u2013 sopii mainiosti kes\u00e4k\u00e4ytt\u00f6\u00f6n, olitpa sitten satamassa tai kaupungilla.<\/p>\n<p>Ominaisuudet:<\/p>\n<ul>\n<li>Pehme\u00e4 ja kest\u00e4v\u00e4 nubuk-nahkap\u00e4\u00e4llinen<\/li>\n<li>Kaksikerroksinen kumipohja, joka ei luista eik\u00e4 j\u00e4t\u00e4 j\u00e4lki\u00e4<\/li>\n<li>Aitoa raakaa nahkaa olevat nauhat<\/li>\n<li>T\u00e4yspohjainen nahkavuori, joka hengitt\u00e4\u00e4 ja tuntuu mukavalta<\/li>\n<li>Perinteinen kaksirenkaisen nauhoituksen malli<\/li>\n<li>EVA-v\u00e4lipohja tuo lis\u00e4pehmeytt\u00e4 ja tukea<\/li>\n<\/ul>\n<p>Vinkki tyyliin: Yhdist\u00e4 kevyisiin chino-shortseihin ja v\u00e4rikk\u00e4\u00e4seen pikeepaitaan \u2013 saat huolettoman ja siistin kes\u00e4lookin helposti kasaan.<\/p>\n<p><!--EndFragment --><\/p>\n","protected":false},"excerpt":{"rendered":"<p><!--StartFragment --><\/p>\n<p>Perinteiset miesten keng\u00e4t<\/p>\n<p><!--EndFragment --><\/p>\n<p><!--EndFragment --><\/p>\n","protected":false},"featured_media":83467,"template":"","meta":{"_acf_changed":false},"pwb-brand":[1178],"product_brand":[],"product_cat":[817,777],"product_tag":[],"woo-feed-brand":[],"class_list":{"0":"post-83475","1":"product","2":"type-product","3":"status-publish","4":"has-post-thumbnail","6":"pwb-brand-orca-bay-fi","7":"product_cat-jalkineet","8":"product_cat-miehet","10":"first","11":"instock","12":"taxable","13":"shipping-taxable","14":"purchasable","15":"product-type-variable","16":"wvs-archive-product-wrapper"},"acf":[],"brands":[{"id":1178,"name":"Orca Bay","slug":"orca-bay-fi"}],"_links":{"self":[{"href":"https:\/\/nautical.store\/fi\/wp-json\/wp\/v2\/product\/83475","targetHints":{"allow":["GET"]}}],"collection":[{"href":"https:\/\/nautical.store\/fi\/wp-json\/wp\/v2\/product"}],"about":[{"href":"https:\/\/nautical.store\/fi\/wp-json\/wp\/v2\/types\/product"}],"wp:featuredmedia":[{"embeddable":true,"href":"https:\/\/nautical.store\/fi\/wp-json\/wp\/v2\/media\/83467"}],"wp:attachment":[{"href":"https:\/\/nautical.store\/fi\/wp-json\/wp\/v2\/media?parent=83475"}],"wp:term":[{"taxonomy":"pwb-brand","embeddable":true,"href":"https:\/\/nautical.store\/fi\/wp-json\/wp\/v2\/pwb-brand?post=83475"},{"taxonomy":"product_brand","embeddable":true,"href":"https:\/\/nautical.store\/fi\/wp-json\/wp\/v2\/product_brand?post=83475"},{"taxonomy":"product_cat","embeddable":true,"href":"https:\/\/nautical.store\/fi\/wp-json\/wp\/v2\/product_cat?post=83475"},{"taxonomy":"product_tag","embeddable":true,"href":"https:\/\/nautical.store\/fi\/wp-json\/wp\/v2\/product_tag?post=83475"},{"taxonomy":"woo-feed-brand","embeddable":true,"href":"https:\/\/nautical.store\/fi\/wp-json\/wp\/v2\/woo-feed-brand?post=83475"}],"curies":[{"name":"wp","href":"https:\/\/api.w.org\/{rel}","templated":true}]}}