{"id":83558,"date":"2025-07-31T17:26:28","date_gmt":"2025-07-31T14:26:28","guid":{"rendered":"https:\/\/nautical.store\/toode\/esther-hame\/"},"modified":"2025-07-31T17:26:28","modified_gmt":"2025-07-31T14:26:28","slug":"esther-hame","status":"publish","type":"product","link":"https:\/\/nautical.store\/fi\/tuote\/esther-hame\/","title":{"rendered":"Esther-hame"},"content":{"rendered":"<p><!--StartFragment --><\/p>\n<p>Esther-hame \u2013 pehme\u00e4, mukava ja tyylik\u00e4s valinta kes\u00e4\u00e4n.<\/p>\n<p>Valmistettu 93 % viskoosista ja 7 % elastaanista \u2013 materiaali on miellytt\u00e4v\u00e4n pehme\u00e4, joustava ja kauniisti laskeutuva.<br \/>\nSelk\u00e4puolen joustava vy\u00f6t\u00e4r\u00f6 takaa hyv\u00e4n istuvuuden. Keskipitk\u00e4 malli ja takahalkio luovat klassisen ja siistin siluetin.<br \/>\nYhdist\u00e4 Esther-toppiin tai lyhythihaiseen Esther-paitaan ja saat viimeistellyn kokonaisuuden.<br \/>\nKangas on Oeko-Tex\u00ae-sertifioitu \u2013 turvallinen ja laadukas valinta. Valmistettu vastuullisesti Euroopassa.<\/p>\n<p>\u2022 mukava ja pehme\u00e4 materiaali<br \/>\n\u2022 joustava vy\u00f6t\u00e4r\u00f6 takana<br \/>\n\u2022 keskipitk\u00e4 helma<br \/>\n\u2022 halkio takana<br \/>\n\u2022 Oeko-Tex\u00ae-sertifioitu kangas<br \/>\n\u2022 eurooppalaista tuotantoa<\/p>\n<p><!--EndFragment --><\/p>\n","protected":false},"excerpt":{"rendered":"<p>Mukava kes\u00e4hame<\/p>\n","protected":false},"featured_media":83501,"template":"","meta":{"_acf_changed":false},"pwb-brand":[836],"product_brand":[],"product_cat":[877,639,827],"product_tag":[],"woo-feed-brand":[],"class_list":{"0":"post-83558","1":"product","2":"type-product","3":"status-publish","4":"has-post-thumbnail","6":"pwb-brand-holebrook-fi","7":"product_cat-edullinen-hinta-naiset","8":"product_cat-hameet","9":"product_cat-naiset","11":"first","12":"instock","13":"sale","14":"taxable","15":"shipping-taxable","16":"purchasable","17":"product-type-variable","18":"wvs-archive-product-wrapper"},"acf":[],"brands":[{"id":836,"name":"Holebrook","slug":"holebrook-fi"}],"_links":{"self":[{"href":"https:\/\/nautical.store\/fi\/wp-json\/wp\/v2\/product\/83558","targetHints":{"allow":["GET"]}}],"collection":[{"href":"https:\/\/nautical.store\/fi\/wp-json\/wp\/v2\/product"}],"about":[{"href":"https:\/\/nautical.store\/fi\/wp-json\/wp\/v2\/types\/product"}],"wp:featuredmedia":[{"embeddable":true,"href":"https:\/\/nautical.store\/fi\/wp-json\/wp\/v2\/media\/83501"}],"wp:attachment":[{"href":"https:\/\/nautical.store\/fi\/wp-json\/wp\/v2\/media?parent=83558"}],"wp:term":[{"taxonomy":"pwb-brand","embeddable":true,"href":"https:\/\/nautical.store\/fi\/wp-json\/wp\/v2\/pwb-brand?post=83558"},{"taxonomy":"product_brand","embeddable":true,"href":"https:\/\/nautical.store\/fi\/wp-json\/wp\/v2\/product_brand?post=83558"},{"taxonomy":"product_cat","embeddable":true,"href":"https:\/\/nautical.store\/fi\/wp-json\/wp\/v2\/product_cat?post=83558"},{"taxonomy":"product_tag","embeddable":true,"href":"https:\/\/nautical.store\/fi\/wp-json\/wp\/v2\/product_tag?post=83558"},{"taxonomy":"woo-feed-brand","embeddable":true,"href":"https:\/\/nautical.store\/fi\/wp-json\/wp\/v2\/woo-feed-brand?post=83558"}],"curies":[{"name":"wp","href":"https:\/\/api.w.org\/{rel}","templated":true}]}}