{"id":84256,"date":"2025-09-02T21:52:00","date_gmt":"2025-09-02T18:52:00","guid":{"rendered":"https:\/\/nautical.store\/toode\/indie-crew\/"},"modified":"2026-03-02T22:31:00","modified_gmt":"2026-03-02T20:31:00","slug":"indie-crew","status":"publish","type":"product","link":"https:\/\/nautical.store\/fi\/tuote\/indie-crew\/","title":{"rendered":"Indie Crew"},"content":{"rendered":"<p>Neule on valmistettu laadukkaasta merinovillan ja kashmirin sekoitteesta, ja siin\u00e4 on kaunis kudottu struktuurimainen kuvio, joka tuo pintaan syvyytt\u00e4 ja tekstuuria. Py\u00f6re\u00e4 p\u00e4\u00e4ntie ja resorireunat antavat klassisen ilmeen. Vapaa mitoitus ja raglanhihat tekev\u00e4t istuvuudesta rennon ja mukavan. K\u00e4ytetty lanka on RWS-sertifioitu, mik\u00e4 takaa el\u00e4inten hyvinvoinnin, vastuullisen villank\u00e4sittelyn ja kest\u00e4v\u00e4n laidunnuksen. Valmistettu ymp\u00e4rist\u00f6yst\u00e4v\u00e4llisesti Euroopassa.<\/p>\n<p>Neule on valmistettu laadukkaasta merinovillan ja kashmirin sekoitteesta, ja siin\u00e4 on kaunis kudottu struktuurimainen kuvio, joka tuo pintaan syvyytt\u00e4 ja tekstuuria. Py\u00f6re\u00e4 p\u00e4\u00e4ntie ja resorireunat antavat klassisen ilmeen. Vapaa mitoitus ja raglanhihat tekev\u00e4t istuvuudesta rennon ja mukavan. K\u00e4ytetty lanka on RWS-sertifioitu, mik\u00e4 takaa el\u00e4inten hyvinvoinnin, vastuullisen villank\u00e4sittelyn ja kest\u00e4v\u00e4n laidunnuksen. Valmistettu ymp\u00e4rist\u00f6yst\u00e4v\u00e4llisesti Euroopassa.<br \/>\n\u2013 Vapaa mitoitus<br \/>\n\u2013 Kudottu struktuurimainen kuvio<br \/>\n\u2013 Raglanhihat<br \/>\n\u2013 RWS-sertifioitu lanka<br \/>\n\u2013 90 % merinovillaa, 10 % kashmiria<br \/>\n\u2013 Valmistettu Euroopassa<\/p>\n","protected":false},"excerpt":{"rendered":"<p>Neulepaita kashmirin ja merinovillan sekoitteesta<\/p>\n","protected":false},"featured_media":84250,"template":"","meta":{"_acf_changed":false},"pwb-brand":[836],"product_brand":[],"product_cat":[877,827,601],"product_tag":[],"woo-feed-brand":[],"class_list":{"0":"post-84256","1":"product","2":"type-product","3":"status-publish","4":"has-post-thumbnail","6":"pwb-brand-holebrook-fi","7":"product_cat-edullinen-hinta-naiset","8":"product_cat-naiset","9":"product_cat-neuleet","11":"first","12":"instock","13":"sale","14":"taxable","15":"shipping-taxable","16":"purchasable","17":"product-type-variable","18":"wvs-archive-product-wrapper"},"acf":[],"brands":[{"id":836,"name":"Holebrook","slug":"holebrook-fi"}],"_links":{"self":[{"href":"https:\/\/nautical.store\/fi\/wp-json\/wp\/v2\/product\/84256","targetHints":{"allow":["GET"]}}],"collection":[{"href":"https:\/\/nautical.store\/fi\/wp-json\/wp\/v2\/product"}],"about":[{"href":"https:\/\/nautical.store\/fi\/wp-json\/wp\/v2\/types\/product"}],"wp:featuredmedia":[{"embeddable":true,"href":"https:\/\/nautical.store\/fi\/wp-json\/wp\/v2\/media\/84250"}],"wp:attachment":[{"href":"https:\/\/nautical.store\/fi\/wp-json\/wp\/v2\/media?parent=84256"}],"wp:term":[{"taxonomy":"pwb-brand","embeddable":true,"href":"https:\/\/nautical.store\/fi\/wp-json\/wp\/v2\/pwb-brand?post=84256"},{"taxonomy":"product_brand","embeddable":true,"href":"https:\/\/nautical.store\/fi\/wp-json\/wp\/v2\/product_brand?post=84256"},{"taxonomy":"product_cat","embeddable":true,"href":"https:\/\/nautical.store\/fi\/wp-json\/wp\/v2\/product_cat?post=84256"},{"taxonomy":"product_tag","embeddable":true,"href":"https:\/\/nautical.store\/fi\/wp-json\/wp\/v2\/product_tag?post=84256"},{"taxonomy":"woo-feed-brand","embeddable":true,"href":"https:\/\/nautical.store\/fi\/wp-json\/wp\/v2\/woo-feed-brand?post=84256"}],"curies":[{"name":"wp","href":"https:\/\/api.w.org\/{rel}","templated":true}]}}