{"id":84301,"date":"2025-09-02T22:58:32","date_gmt":"2025-09-02T19:58:32","guid":{"rendered":"https:\/\/nautical.store\/toode\/kristina-raglan\/"},"modified":"2025-09-02T22:58:32","modified_gmt":"2025-09-02T19:58:32","slug":"kristina-raglan","status":"publish","type":"product","link":"https:\/\/nautical.store\/fi\/tuote\/kristina-raglan\/","title":{"rendered":"Kristina Raglan"},"content":{"rendered":"<p>Neulepaita on valmistettu erityisen hienosta merinovillasta. Raglanhihat ja resoriyksityiskohdat p\u00e4\u00e4ntiell\u00e4 ja helmassa tuovat klassista ilmett\u00e4. Sama resoriyksityiskohta l\u00f6ytyy my\u00f6s selk\u00e4puolelta. Sivuhalkiot lis\u00e4\u00e4v\u00e4t k\u00e4ytt\u00f6mukavuutta ja liikkumisen vapautta. K\u00e4ytetty lanka on Woolmark-sertifioitu, mik\u00e4 takaa, ett\u00e4 tuote on valmistettu 100 % puhtaasta villasta ja t\u00e4ytt\u00e4\u00e4 korkeat laatustandardit. Valmistettu vastuullisesti Euroopassa.<br \/>\nNormaali mitoitus<br \/>\nResorineulotut yksityiskohdat<br \/>\nSivuhalkiot<br \/>\nRaglanhihat<br \/>\nValmistettu Euroopassa<\/p>\n","protected":false},"excerpt":{"rendered":"<p>Neulepaita 100 % erityisen hienosta merinovillasta<\/p>\n","protected":false},"featured_media":84274,"template":"","meta":{"_acf_changed":false},"pwb-brand":[836],"product_brand":[],"product_cat":[877,827,601],"product_tag":[],"woo-feed-brand":[],"class_list":{"0":"post-84301","1":"product","2":"type-product","3":"status-publish","4":"has-post-thumbnail","6":"pwb-brand-holebrook-fi","7":"product_cat-edullinen-hinta-naiset","8":"product_cat-naiset","9":"product_cat-neuleet","11":"first","12":"instock","13":"sale","14":"taxable","15":"shipping-taxable","16":"purchasable","17":"product-type-variable","18":"wvs-archive-product-wrapper"},"acf":[],"brands":[{"id":836,"name":"Holebrook","slug":"holebrook-fi"}],"_links":{"self":[{"href":"https:\/\/nautical.store\/fi\/wp-json\/wp\/v2\/product\/84301","targetHints":{"allow":["GET"]}}],"collection":[{"href":"https:\/\/nautical.store\/fi\/wp-json\/wp\/v2\/product"}],"about":[{"href":"https:\/\/nautical.store\/fi\/wp-json\/wp\/v2\/types\/product"}],"wp:featuredmedia":[{"embeddable":true,"href":"https:\/\/nautical.store\/fi\/wp-json\/wp\/v2\/media\/84274"}],"wp:attachment":[{"href":"https:\/\/nautical.store\/fi\/wp-json\/wp\/v2\/media?parent=84301"}],"wp:term":[{"taxonomy":"pwb-brand","embeddable":true,"href":"https:\/\/nautical.store\/fi\/wp-json\/wp\/v2\/pwb-brand?post=84301"},{"taxonomy":"product_brand","embeddable":true,"href":"https:\/\/nautical.store\/fi\/wp-json\/wp\/v2\/product_brand?post=84301"},{"taxonomy":"product_cat","embeddable":true,"href":"https:\/\/nautical.store\/fi\/wp-json\/wp\/v2\/product_cat?post=84301"},{"taxonomy":"product_tag","embeddable":true,"href":"https:\/\/nautical.store\/fi\/wp-json\/wp\/v2\/product_tag?post=84301"},{"taxonomy":"woo-feed-brand","embeddable":true,"href":"https:\/\/nautical.store\/fi\/wp-json\/wp\/v2\/woo-feed-brand?post=84301"}],"curies":[{"name":"wp","href":"https:\/\/api.w.org\/{rel}","templated":true}]}}