{"id":84329,"date":"2025-09-02T23:22:41","date_gmt":"2025-09-02T20:22:41","guid":{"rendered":"https:\/\/nautical.store\/toode\/sally-turtle\/"},"modified":"2026-02-06T10:35:12","modified_gmt":"2026-02-06T08:35:12","slug":"sally-turtle","status":"publish","type":"product","link":"https:\/\/nautical.store\/fi\/tuote\/sally-turtle\/","title":{"rendered":"Sally Turtle"},"content":{"rendered":"<p>Neulepaita pehme\u00e4st\u00e4 kashmirsekoitteesta. Korkea kaulus, laskettu hartialinja ja hieman pidempi malli tuovat rentoa ilmett\u00e4. Kontrastiv\u00e4ri helmassa ja neuleen sis\u00e4puolella n\u00e4kyy tyylikk\u00e4\u00e4sti my\u00f6s sivuhalkioista. Yhdist\u00e4 Sally-hameeseen saadaksesi mukavan ja yhten\u00e4isen kokonaisuuden. Neuleessa on v\u00e4lj\u00e4 mitoitus \u2013 normaalin istuvuuden saavuttamiseksi suosittelemme valitsemaan yht\u00e4 kokoa pienemm\u00e4n. K\u00e4ytetty lanka on GRS-sertifioitu, mik\u00e4 tarkoittaa, ett\u00e4 se sis\u00e4lt\u00e4\u00e4 enemm\u00e4n kierr\u00e4tetty\u00e4 materiaalia ja t\u00e4ytt\u00e4\u00e4 j\u00e4ljitett\u00e4vyyden sek\u00e4 sosiaaliset ja ymp\u00e4rist\u00f6vaatimukset. Valmistettu vastuullisesti Euroopassa.<br \/>\nNeulottu kangas: 35 % polyamidia (kierr\u00e4tetty), 30 % viskoosia, 5 % kashmiria<br \/>\n\u2022 V\u00e4lj\u00e4, pidempi malli<br \/>\n\u2022 Kaksipuolinen neulos<br \/>\n\u2022 Sivuhalkiot<br \/>\n\u2022 GRS-sertifioitu lanka<br \/>\n\u2022 Valmistettu Euroopassa<\/p>\n","protected":false},"excerpt":{"rendered":"<p>Neulepaita kashmirsekoitteesta<\/p>\n","protected":false},"featured_media":84402,"template":"","meta":{"_acf_changed":false},"pwb-brand":[836],"product_brand":[],"product_cat":[877,827,601],"product_tag":[],"woo-feed-brand":[],"class_list":{"0":"post-84329","1":"product","2":"type-product","3":"status-publish","4":"has-post-thumbnail","6":"pwb-brand-holebrook-fi","7":"product_cat-edullinen-hinta-naiset","8":"product_cat-naiset","9":"product_cat-neuleet","11":"first","12":"instock","13":"sale","14":"taxable","15":"shipping-taxable","16":"purchasable","17":"product-type-variable","18":"wvs-archive-product-wrapper"},"acf":[],"brands":[{"id":836,"name":"Holebrook","slug":"holebrook-fi"}],"_links":{"self":[{"href":"https:\/\/nautical.store\/fi\/wp-json\/wp\/v2\/product\/84329","targetHints":{"allow":["GET"]}}],"collection":[{"href":"https:\/\/nautical.store\/fi\/wp-json\/wp\/v2\/product"}],"about":[{"href":"https:\/\/nautical.store\/fi\/wp-json\/wp\/v2\/types\/product"}],"wp:featuredmedia":[{"embeddable":true,"href":"https:\/\/nautical.store\/fi\/wp-json\/wp\/v2\/media\/84402"}],"wp:attachment":[{"href":"https:\/\/nautical.store\/fi\/wp-json\/wp\/v2\/media?parent=84329"}],"wp:term":[{"taxonomy":"pwb-brand","embeddable":true,"href":"https:\/\/nautical.store\/fi\/wp-json\/wp\/v2\/pwb-brand?post=84329"},{"taxonomy":"product_brand","embeddable":true,"href":"https:\/\/nautical.store\/fi\/wp-json\/wp\/v2\/product_brand?post=84329"},{"taxonomy":"product_cat","embeddable":true,"href":"https:\/\/nautical.store\/fi\/wp-json\/wp\/v2\/product_cat?post=84329"},{"taxonomy":"product_tag","embeddable":true,"href":"https:\/\/nautical.store\/fi\/wp-json\/wp\/v2\/product_tag?post=84329"},{"taxonomy":"woo-feed-brand","embeddable":true,"href":"https:\/\/nautical.store\/fi\/wp-json\/wp\/v2\/woo-feed-brand?post=84329"}],"curies":[{"name":"wp","href":"https:\/\/api.w.org\/{rel}","templated":true}]}}