{"id":84408,"date":"2025-09-03T10:29:20","date_gmt":"2025-09-03T07:29:20","guid":{"rendered":"https:\/\/nautical.store\/toode\/sally-hame\/"},"modified":"2026-01-05T16:25:56","modified_gmt":"2026-01-05T14:25:56","slug":"sally-hame","status":"publish","type":"product","link":"https:\/\/nautical.store\/fi\/tuote\/sally-hame\/","title":{"rendered":"Sally-hame"},"content":{"rendered":"<p>Neulehame pehme\u00e4st\u00e4 kashmirsekoitteesta. Hameen sis\u00e4puolella on kontrastiv\u00e4ri, joka n\u00e4kyy tyylikk\u00e4\u00e4sti helmassa ja takahalkiossa. Joustava vy\u00f6t\u00e4r\u00f6, pohjepituus ja kevyesti A-linjainen leikkaus tekev\u00e4t istuvuudesta mukavan ja naisellisen. Yhdist\u00e4 Sally Turtle -neuleeseen saadaksesi yhten\u00e4isen ja tyylikk\u00e4\u00e4n asukokonaisuuden. Hameessa on v\u00e4lj\u00e4 mitoitus \u2013 normaalin istuvuuden saavuttamiseksi suosittelemme valitsemaan yht\u00e4 kokoa pienemm\u00e4n. K\u00e4ytetty lanka on GRS-sertifioitu, mik\u00e4 takaa korkeamman kierr\u00e4tysmateriaalin m\u00e4\u00e4r\u00e4n, j\u00e4ljitett\u00e4vyyden sek\u00e4 sosiaaliset ja ymp\u00e4rist\u00f6vaatimukset. Valmistettu vastuullisesti Euroopassa.<br \/>\n\u2022 Normaali mitoitus<br \/>\n\u2022 Joustava vy\u00f6t\u00e4r\u00f6<br \/>\n\u2022 Takahalkio<br \/>\n\u2022 GRS-sertifioitu lanka<br \/>\n\u2022 Valmistettu Euroopassa<br \/>\n\u2022 Materiaali: 35 % polyamidia (kierr\u00e4tetty), 30 % viskoosia, 5 % kashmiria<\/p>\n","protected":false},"excerpt":{"rendered":"<p>Neulehame kashmirsekoitteesta<\/p>\n","protected":false},"featured_media":84396,"template":"","meta":{"_acf_changed":false},"pwb-brand":[836],"product_brand":[],"product_cat":[877,639,827,601],"product_tag":[],"woo-feed-brand":[],"class_list":{"0":"post-84408","1":"product","2":"type-product","3":"status-publish","4":"has-post-thumbnail","6":"pwb-brand-holebrook-fi","7":"product_cat-edullinen-hinta-naiset","8":"product_cat-hameet","9":"product_cat-naiset","10":"product_cat-neuleet","12":"first","13":"instock","14":"sale","15":"taxable","16":"shipping-taxable","17":"purchasable","18":"product-type-variable","19":"wvs-archive-product-wrapper"},"acf":[],"brands":[{"id":836,"name":"Holebrook","slug":"holebrook-fi"}],"_links":{"self":[{"href":"https:\/\/nautical.store\/fi\/wp-json\/wp\/v2\/product\/84408","targetHints":{"allow":["GET"]}}],"collection":[{"href":"https:\/\/nautical.store\/fi\/wp-json\/wp\/v2\/product"}],"about":[{"href":"https:\/\/nautical.store\/fi\/wp-json\/wp\/v2\/types\/product"}],"wp:featuredmedia":[{"embeddable":true,"href":"https:\/\/nautical.store\/fi\/wp-json\/wp\/v2\/media\/84396"}],"wp:attachment":[{"href":"https:\/\/nautical.store\/fi\/wp-json\/wp\/v2\/media?parent=84408"}],"wp:term":[{"taxonomy":"pwb-brand","embeddable":true,"href":"https:\/\/nautical.store\/fi\/wp-json\/wp\/v2\/pwb-brand?post=84408"},{"taxonomy":"product_brand","embeddable":true,"href":"https:\/\/nautical.store\/fi\/wp-json\/wp\/v2\/product_brand?post=84408"},{"taxonomy":"product_cat","embeddable":true,"href":"https:\/\/nautical.store\/fi\/wp-json\/wp\/v2\/product_cat?post=84408"},{"taxonomy":"product_tag","embeddable":true,"href":"https:\/\/nautical.store\/fi\/wp-json\/wp\/v2\/product_tag?post=84408"},{"taxonomy":"woo-feed-brand","embeddable":true,"href":"https:\/\/nautical.store\/fi\/wp-json\/wp\/v2\/woo-feed-brand?post=84408"}],"curies":[{"name":"wp","href":"https:\/\/api.w.org\/{rel}","templated":true}]}}