{"id":84524,"date":"2025-09-04T07:43:57","date_gmt":"2025-09-04T04:43:57","guid":{"rendered":"https:\/\/nautical.store\/toode\/nora-crew\/"},"modified":"2025-10-23T17:53:30","modified_gmt":"2025-10-23T14:53:30","slug":"nora-crew","status":"publish","type":"product","link":"https:\/\/nautical.store\/fi\/tuote\/nora-crew\/","title":{"rendered":"Nora Crew"},"content":{"rendered":"<p>Patenttineulepusero, 100 % orgaanista puuvillaa.<br \/>\nKorkea kaulus, pudotettu olkalinja, koristeelliset saumat ja halkiot sivuilla. Leve\u00e4t hihat. Mukava ja v\u00e4lj\u00e4 istuvuus. Valmistettu Euroopassa kest\u00e4v\u00e4n kehityksen periaatteiden mukaisesti.<\/p>\n<p>* V\u00e4lj\u00e4 istuvuus<br \/>\n* Rakenteellinen neulos<br \/>\n* Leve\u00e4t hihat, halkiot sivuilla<\/p>\n","protected":false},"excerpt":{"rendered":"<p>Neulottu villapaita 100 % orgaanisesta puuvillasta<\/p>\n","protected":false},"featured_media":84503,"template":"","meta":{"_acf_changed":false},"pwb-brand":[836],"product_brand":[],"product_cat":[877,827,601],"product_tag":[],"woo-feed-brand":[],"class_list":{"0":"post-84524","1":"product","2":"type-product","3":"status-publish","4":"has-post-thumbnail","6":"pwb-brand-holebrook-fi","7":"product_cat-edullinen-hinta-naiset","8":"product_cat-naiset","9":"product_cat-neuleet","11":"first","12":"instock","13":"sale","14":"taxable","15":"shipping-taxable","16":"purchasable","17":"product-type-variable","18":"wvs-archive-product-wrapper"},"acf":[],"brands":[{"id":836,"name":"Holebrook","slug":"holebrook-fi"}],"_links":{"self":[{"href":"https:\/\/nautical.store\/fi\/wp-json\/wp\/v2\/product\/84524","targetHints":{"allow":["GET"]}}],"collection":[{"href":"https:\/\/nautical.store\/fi\/wp-json\/wp\/v2\/product"}],"about":[{"href":"https:\/\/nautical.store\/fi\/wp-json\/wp\/v2\/types\/product"}],"wp:featuredmedia":[{"embeddable":true,"href":"https:\/\/nautical.store\/fi\/wp-json\/wp\/v2\/media\/84503"}],"wp:attachment":[{"href":"https:\/\/nautical.store\/fi\/wp-json\/wp\/v2\/media?parent=84524"}],"wp:term":[{"taxonomy":"pwb-brand","embeddable":true,"href":"https:\/\/nautical.store\/fi\/wp-json\/wp\/v2\/pwb-brand?post=84524"},{"taxonomy":"product_brand","embeddable":true,"href":"https:\/\/nautical.store\/fi\/wp-json\/wp\/v2\/product_brand?post=84524"},{"taxonomy":"product_cat","embeddable":true,"href":"https:\/\/nautical.store\/fi\/wp-json\/wp\/v2\/product_cat?post=84524"},{"taxonomy":"product_tag","embeddable":true,"href":"https:\/\/nautical.store\/fi\/wp-json\/wp\/v2\/product_tag?post=84524"},{"taxonomy":"woo-feed-brand","embeddable":true,"href":"https:\/\/nautical.store\/fi\/wp-json\/wp\/v2\/woo-feed-brand?post=84524"}],"curies":[{"name":"wp","href":"https:\/\/api.w.org\/{rel}","templated":true}]}}