{"id":84704,"date":"2025-09-18T21:47:08","date_gmt":"2025-09-18T18:47:08","guid":{"rendered":"https:\/\/nautical.store\/toode\/pellep-siviez-polo\/"},"modified":"2025-09-18T21:47:08","modified_gmt":"2025-09-18T18:47:08","slug":"pellep-siviez-polo","status":"publish","type":"product","link":"https:\/\/nautical.store\/fi\/tuote\/pellep-siviez-polo\/","title":{"rendered":"PelleP Siviez Polo"},"content":{"rendered":"<p><!--StartFragment --><\/p>\n<p>Siviez Polo on chenille-tyyppisest\u00e4 samettimaisesta materiaalista valmistettu paita, jonka sis\u00e4puoli on pehme\u00e4 ja p\u00f6rr\u00f6inen. Paita on tehty kierr\u00e4tetyst\u00e4 polyesterist\u00e4, mik\u00e4 tekee siit\u00e4 ymp\u00e4rist\u00f6yst\u00e4v\u00e4llisen valinnan. Edess\u00e4 on puolipitk\u00e4 vetoketju ja kaulus sek\u00e4 kaksi vetoketjullista taskua, jotka tuovat k\u00e4yt\u00e4nn\u00f6llisyytt\u00e4 ja sporttista ilmett\u00e4. L\u00e4mmin polo syksyyn ja talveen.<\/p>\n<ul>\n<li>Materiaali: 98 % kierr\u00e4tetty\u00e4 polyesteri\u00e4, 2 % elastaania<\/li>\n<li>Normaali istuvuus, sopii jokap\u00e4iv\u00e4iseen k\u00e4ytt\u00f6\u00f6n<\/li>\n<li>Chenille-tyyppinen samettimainen pinta, pehme\u00e4 sis\u00e4puoli<\/li>\n<li>Hihansuissa ja helmassa resorit samasta kankaasta<\/li>\n<li>Puolipitk\u00e4 vetoketju ja kaulus<\/li>\n<li>Kaksi vetoketjullista taskua edess\u00e4<\/li>\n<li>Vetoketjuissa Pelle P -logovetimet<\/li>\n<li>Selk\u00e4puolella yksityiskohta P-kirjonnalla<\/li>\n<li>Vasemmassa hihassa P-logo-merkki<\/li>\n<\/ul>\n<p><!--EndFragment --><\/p>\n<p>&nbsp;<\/p>\n","protected":false},"excerpt":{"rendered":"<p>L\u00e4mmin polo syksyyn ja talveen<\/p>\n","protected":false},"featured_media":84669,"template":"","meta":{"_acf_changed":false},"pwb-brand":[838],"product_brand":[],"product_cat":[716,777,633],"product_tag":[],"woo-feed-brand":[],"class_list":{"0":"post-84704","1":"product","2":"type-product","3":"status-publish","4":"has-post-thumbnail","6":"pwb-brand-pelle-petterson-fi","7":"product_cat-hupparit-ja-fleecet-miehet","8":"product_cat-miehet","9":"product_cat-paidat-fi","11":"first","12":"instock","13":"taxable","14":"shipping-taxable","15":"purchasable","16":"product-type-variable","17":"wvs-archive-product-wrapper"},"acf":[],"brands":[{"id":838,"name":"Pelle Petterson","slug":"pelle-petterson-fi"}],"_links":{"self":[{"href":"https:\/\/nautical.store\/fi\/wp-json\/wp\/v2\/product\/84704","targetHints":{"allow":["GET"]}}],"collection":[{"href":"https:\/\/nautical.store\/fi\/wp-json\/wp\/v2\/product"}],"about":[{"href":"https:\/\/nautical.store\/fi\/wp-json\/wp\/v2\/types\/product"}],"wp:featuredmedia":[{"embeddable":true,"href":"https:\/\/nautical.store\/fi\/wp-json\/wp\/v2\/media\/84669"}],"wp:attachment":[{"href":"https:\/\/nautical.store\/fi\/wp-json\/wp\/v2\/media?parent=84704"}],"wp:term":[{"taxonomy":"pwb-brand","embeddable":true,"href":"https:\/\/nautical.store\/fi\/wp-json\/wp\/v2\/pwb-brand?post=84704"},{"taxonomy":"product_brand","embeddable":true,"href":"https:\/\/nautical.store\/fi\/wp-json\/wp\/v2\/product_brand?post=84704"},{"taxonomy":"product_cat","embeddable":true,"href":"https:\/\/nautical.store\/fi\/wp-json\/wp\/v2\/product_cat?post=84704"},{"taxonomy":"product_tag","embeddable":true,"href":"https:\/\/nautical.store\/fi\/wp-json\/wp\/v2\/product_tag?post=84704"},{"taxonomy":"woo-feed-brand","embeddable":true,"href":"https:\/\/nautical.store\/fi\/wp-json\/wp\/v2\/woo-feed-brand?post=84704"}],"curies":[{"name":"wp","href":"https:\/\/api.w.org\/{rel}","templated":true}]}}