{"id":84729,"date":"2025-09-24T14:09:32","date_gmt":"2025-09-24T11:09:32","guid":{"rendered":"https:\/\/nautical.store\/toode\/pellep-dock-paita\/"},"modified":"2025-09-24T14:09:32","modified_gmt":"2025-09-24T11:09:32","slug":"pellep-dock-paita","status":"publish","type":"product","link":"https:\/\/nautical.store\/fi\/tuote\/pellep-dock-paita\/","title":{"rendered":"PelleP Dock paita"},"content":{"rendered":"<p><!--StartFragment --><\/p>\n<p>Dock-paita on pehme\u00e4st\u00e4 trikookankaasta valmistettu mukava ja tyylik\u00e4s miesten paita, jossa on panostettu huolellisesti yksityiskohtiin. Klassinen kaulus, rintatasku ja koristeelliset napit viimeistelev\u00e4t ilmeen, joka sopii hyvin arkeen ja vapaa-aikaan.<\/p>\n<ul>\n<li>Materiaali: 95 % puuvillaa, 5 % elastaania<\/li>\n<li>Rento istuvuus<\/li>\n<li>Valmistettu pehme\u00e4st\u00e4 trikookankaasta<\/li>\n<li>Pitk\u00e4t hihat, hihansuissa mansetit ja Pelle P -logonapit<\/li>\n<li>Kaulus<\/li>\n<li>Etulista Pelle P -logonapeilla<\/li>\n<li>Rintatasku edess\u00e4<\/li>\n<li>Sivuhalkiot<\/li>\n<li>Tasosaumat sivuilla<\/li>\n<li>Metallinen Pelle P -logomerkki vasemmassa hihassa<\/li>\n<li>P-logon kirjonta niskassa<\/li>\n<li>Kontrastiv\u00e4riset vahvikeompeleet<\/li>\n<\/ul>\n<p><!--EndFragment --><\/p>\n","protected":false},"excerpt":{"rendered":"<p>Mukava miesten paita<\/p>\n","protected":false},"featured_media":84723,"template":"","meta":{"_acf_changed":false},"pwb-brand":[838],"product_brand":[],"product_cat":[777,633],"product_tag":[],"woo-feed-brand":[],"class_list":{"0":"post-84729","1":"product","2":"type-product","3":"status-publish","4":"has-post-thumbnail","6":"pwb-brand-pelle-petterson-fi","7":"product_cat-miehet","8":"product_cat-paidat-fi","10":"first","11":"instock","12":"taxable","13":"shipping-taxable","14":"purchasable","15":"product-type-variable","16":"wvs-archive-product-wrapper"},"acf":[],"brands":[{"id":838,"name":"Pelle Petterson","slug":"pelle-petterson-fi"}],"_links":{"self":[{"href":"https:\/\/nautical.store\/fi\/wp-json\/wp\/v2\/product\/84729","targetHints":{"allow":["GET"]}}],"collection":[{"href":"https:\/\/nautical.store\/fi\/wp-json\/wp\/v2\/product"}],"about":[{"href":"https:\/\/nautical.store\/fi\/wp-json\/wp\/v2\/types\/product"}],"wp:featuredmedia":[{"embeddable":true,"href":"https:\/\/nautical.store\/fi\/wp-json\/wp\/v2\/media\/84723"}],"wp:attachment":[{"href":"https:\/\/nautical.store\/fi\/wp-json\/wp\/v2\/media?parent=84729"}],"wp:term":[{"taxonomy":"pwb-brand","embeddable":true,"href":"https:\/\/nautical.store\/fi\/wp-json\/wp\/v2\/pwb-brand?post=84729"},{"taxonomy":"product_brand","embeddable":true,"href":"https:\/\/nautical.store\/fi\/wp-json\/wp\/v2\/product_brand?post=84729"},{"taxonomy":"product_cat","embeddable":true,"href":"https:\/\/nautical.store\/fi\/wp-json\/wp\/v2\/product_cat?post=84729"},{"taxonomy":"product_tag","embeddable":true,"href":"https:\/\/nautical.store\/fi\/wp-json\/wp\/v2\/product_tag?post=84729"},{"taxonomy":"woo-feed-brand","embeddable":true,"href":"https:\/\/nautical.store\/fi\/wp-json\/wp\/v2\/woo-feed-brand?post=84729"}],"curies":[{"name":"wp","href":"https:\/\/api.w.org\/{rel}","templated":true}]}}