{"id":84820,"date":"2025-09-24T16:14:40","date_gmt":"2025-09-24T13:14:40","guid":{"rendered":"https:\/\/nautical.store\/toode\/pellep-naisten-siviez-zip-fleeceneule\/"},"modified":"2025-09-24T16:14:40","modified_gmt":"2025-09-24T13:14:40","slug":"pellep-naisten-siviez-zip-fleeceneule","status":"publish","type":"product","link":"https:\/\/nautical.store\/fi\/tuote\/pellep-naisten-siviez-zip-fleeceneule\/","title":{"rendered":"PelleP Naisten Siviez Zip -fleeceneule"},"content":{"rendered":"<p><!--StartFragment --><\/p>\n<p>Naisten Siviez Zip -neule on valmistettu chenille-tyyppisest\u00e4 samettimaisesta materiaalista, jonka sis\u00e4puoli on pehme\u00e4 ja p\u00f6rr\u00f6inen \u2013 eritt\u00e4in mukava p\u00e4\u00e4ll\u00e4. Neule on tehty kierr\u00e4tetyst\u00e4 polyesterist\u00e4, mik\u00e4 tekee siit\u00e4 ymp\u00e4rist\u00f6yst\u00e4v\u00e4llisen valinnan. Siin\u00e4 on korkea kaulus puolipitk\u00e4ll\u00e4 vetoketjulla sek\u00e4 edess\u00e4 kaksi vetoketjullista taskua.<\/p>\n<ul>\n<li>Materiaali: 98 % kierr\u00e4tetty\u00e4 polyesteri\u00e4, 2 % elastaania<\/li>\n<li>Normaali istuvuus<\/li>\n<li>Chenille-tyyppinen samettimainen pinta, pehme\u00e4 ja p\u00f6rr\u00f6inen sis\u00e4puoli<\/li>\n<li>Korkea kaulus puolipitk\u00e4ll\u00e4 vetoketjulla<\/li>\n<li>Kaksi vetoketjullista taskua edess\u00e4<\/li>\n<li>Vetoketjut Pelle P -logovetimill\u00e4<\/li>\n<li>Selk\u00e4puolella yksityiskohta P-kirjonnalla<\/li>\n<li>Vasemmassa hihassa P-logo-merkki<\/li>\n<li>S\u00e4vyyn sointuvat vahvikeompeleet<\/li>\n<\/ul>\n<p><!--EndFragment --><\/p>\n","protected":false},"excerpt":{"rendered":"<p><!--StartFragment --><\/p>\n<p>L\u00e4mmin ja pehme naisten fleeceneule<\/p>\n<p>&nbsp;<\/p>\n<p><!--EndFragment --><\/p>\n","protected":false},"featured_media":84747,"template":"","meta":{"_acf_changed":false},"pwb-brand":[838],"product_brand":[],"product_cat":[688,827,590],"product_tag":[],"woo-feed-brand":[],"class_list":{"0":"post-84820","1":"product","2":"type-product","3":"status-publish","4":"has-post-thumbnail","6":"pwb-brand-pelle-petterson-fi","7":"product_cat-hupparit-ja-fleecet","8":"product_cat-naiset","9":"product_cat-paidat","11":"first","12":"outofstock","13":"taxable","14":"shipping-taxable","15":"purchasable","16":"product-type-variable","17":"wvs-archive-product-wrapper"},"acf":[],"brands":[{"id":838,"name":"Pelle Petterson","slug":"pelle-petterson-fi"}],"_links":{"self":[{"href":"https:\/\/nautical.store\/fi\/wp-json\/wp\/v2\/product\/84820","targetHints":{"allow":["GET"]}}],"collection":[{"href":"https:\/\/nautical.store\/fi\/wp-json\/wp\/v2\/product"}],"about":[{"href":"https:\/\/nautical.store\/fi\/wp-json\/wp\/v2\/types\/product"}],"wp:featuredmedia":[{"embeddable":true,"href":"https:\/\/nautical.store\/fi\/wp-json\/wp\/v2\/media\/84747"}],"wp:attachment":[{"href":"https:\/\/nautical.store\/fi\/wp-json\/wp\/v2\/media?parent=84820"}],"wp:term":[{"taxonomy":"pwb-brand","embeddable":true,"href":"https:\/\/nautical.store\/fi\/wp-json\/wp\/v2\/pwb-brand?post=84820"},{"taxonomy":"product_brand","embeddable":true,"href":"https:\/\/nautical.store\/fi\/wp-json\/wp\/v2\/product_brand?post=84820"},{"taxonomy":"product_cat","embeddable":true,"href":"https:\/\/nautical.store\/fi\/wp-json\/wp\/v2\/product_cat?post=84820"},{"taxonomy":"product_tag","embeddable":true,"href":"https:\/\/nautical.store\/fi\/wp-json\/wp\/v2\/product_tag?post=84820"},{"taxonomy":"woo-feed-brand","embeddable":true,"href":"https:\/\/nautical.store\/fi\/wp-json\/wp\/v2\/woo-feed-brand?post=84820"}],"curies":[{"name":"wp","href":"https:\/\/api.w.org\/{rel}","templated":true}]}}