{"id":84835,"date":"2025-09-24T16:41:03","date_gmt":"2025-09-24T13:41:03","guid":{"rendered":"https:\/\/nautical.store\/toode\/pellep-naisten-alpage-fleeceneule\/"},"modified":"2026-01-27T23:09:04","modified_gmt":"2026-01-27T21:09:04","slug":"pellep-naisten-alpage-fleeceneule","status":"publish","type":"product","link":"https:\/\/nautical.store\/fi\/tuote\/pellep-naisten-alpage-fleeceneule\/","title":{"rendered":"PelleP Naisten Alpage-fleeceneule"},"content":{"rendered":"<p><!--StartFragment --><\/p>\n<p>Monik\u00e4ytt\u00f6inen vaate, jota voi k\u00e4ytt\u00e4\u00e4 sek\u00e4 paitana ett\u00e4 takkina. Alpage-paita on valmistettu pehme\u00e4st\u00e4 kierr\u00e4tetyst\u00e4 polyesterifleece-materiaalista. Siin\u00e4 on kaulus, nappilista, hihansuut ja rintataskut, jotka tuovat rennon ilmeen.<\/p>\n<ul>\n<li>Materiaali: 100 % kierr\u00e4tetty\u00e4 polyesteri\u00e4<\/li>\n<li>V\u00e4lj\u00e4 mitoitus<\/li>\n<li>Pehme\u00e4 kierr\u00e4tetty polyesterifleece<\/li>\n<li>Nappilista ja hihansuut kumip\u00e4\u00e4llysteisill\u00e4 painonapeilla<\/li>\n<li>Rintataskut painonapeilla<\/li>\n<li>Tasosaumat sivuilla<\/li>\n<li>P-kirjontayksityiskohta niskan takana<\/li>\n<li>P-logo-merkki vasemmassa yl\u00e4hiassa<\/li>\n<li>Kontrastiv\u00e4riset vahvikeompeleet<\/li>\n<li>Malli (173 cm) k\u00e4ytt\u00e4\u00e4 kokoa S<\/li>\n<\/ul>\n<p>&nbsp;<\/p>\n<p><!--EndFragment --><\/p>\n","protected":false},"excerpt":{"rendered":"<p>Naisten fleecipaita<\/p>\n","protected":false},"featured_media":84787,"template":"","meta":{"_acf_changed":false},"pwb-brand":[838],"product_brand":[],"product_cat":[688,827,590],"product_tag":[],"woo-feed-brand":[],"class_list":{"0":"post-84835","1":"product","2":"type-product","3":"status-publish","4":"has-post-thumbnail","6":"pwb-brand-pelle-petterson-fi","7":"product_cat-hupparit-ja-fleecet","8":"product_cat-naiset","9":"product_cat-paidat","11":"first","12":"instock","13":"taxable","14":"shipping-taxable","15":"purchasable","16":"product-type-variable","17":"wvs-archive-product-wrapper"},"acf":[],"brands":[{"id":838,"name":"Pelle Petterson","slug":"pelle-petterson-fi"}],"_links":{"self":[{"href":"https:\/\/nautical.store\/fi\/wp-json\/wp\/v2\/product\/84835","targetHints":{"allow":["GET"]}}],"collection":[{"href":"https:\/\/nautical.store\/fi\/wp-json\/wp\/v2\/product"}],"about":[{"href":"https:\/\/nautical.store\/fi\/wp-json\/wp\/v2\/types\/product"}],"wp:featuredmedia":[{"embeddable":true,"href":"https:\/\/nautical.store\/fi\/wp-json\/wp\/v2\/media\/84787"}],"wp:attachment":[{"href":"https:\/\/nautical.store\/fi\/wp-json\/wp\/v2\/media?parent=84835"}],"wp:term":[{"taxonomy":"pwb-brand","embeddable":true,"href":"https:\/\/nautical.store\/fi\/wp-json\/wp\/v2\/pwb-brand?post=84835"},{"taxonomy":"product_brand","embeddable":true,"href":"https:\/\/nautical.store\/fi\/wp-json\/wp\/v2\/product_brand?post=84835"},{"taxonomy":"product_cat","embeddable":true,"href":"https:\/\/nautical.store\/fi\/wp-json\/wp\/v2\/product_cat?post=84835"},{"taxonomy":"product_tag","embeddable":true,"href":"https:\/\/nautical.store\/fi\/wp-json\/wp\/v2\/product_tag?post=84835"},{"taxonomy":"woo-feed-brand","embeddable":true,"href":"https:\/\/nautical.store\/fi\/wp-json\/wp\/v2\/woo-feed-brand?post=84835"}],"curies":[{"name":"wp","href":"https:\/\/api.w.org\/{rel}","templated":true}]}}