{"id":84988,"date":"2025-09-25T22:59:36","date_gmt":"2025-09-25T19:59:36","guid":{"rendered":"https:\/\/nautical.store\/toode\/ami-villamekko\/"},"modified":"2026-02-16T13:33:53","modified_gmt":"2026-02-16T11:33:53","slug":"ami-villamekko","status":"publish","type":"product","link":"https:\/\/nautical.store\/fi\/tuote\/ami-villamekko\/","title":{"rendered":"Ami-villamekko"},"content":{"rendered":"<p>Ribbipintainen villasekoitemekko, jossa on korkea kaulus ja leve\u00e4t, olalta laskeutuvat hihat. Mekko ulottuu pohkeen puoliv\u00e4liin ja takana on halkio, joka tuo lis\u00e4\u00e4 liikkumavaraa. Laadukkaat viimeistelyt tekev\u00e4t kokonaisuudesta huolitellun ja tyylikk\u00e4\u00e4n. Valmistettu vastuullisesti Euroopassa.<\/p>\n<ul>\n<li>Materiaali: 80 % villaa, 20 % polyamidia<\/li>\n<li>Leve\u00e4t hihat<\/li>\n<li>Laadukkaat viimeistelyt<\/li>\n<li>OEKO-TEX\u00ae-sertifioitu lanka<\/li>\n<li>Valmistettu Euroopassa<\/li>\n<\/ul>\n","protected":false},"excerpt":{"rendered":"<p>LIS\u00c4ALENNUS! VIIMEISET KOOT<\/p>\n<p>&nbsp;<\/p>\n","protected":false},"featured_media":84981,"template":"","meta":{"_acf_changed":false},"pwb-brand":[836],"product_brand":[],"product_cat":[877,593,827,601],"product_tag":[],"woo-feed-brand":[],"class_list":{"0":"post-84988","1":"product","2":"type-product","3":"status-publish","4":"has-post-thumbnail","6":"pwb-brand-holebrook-fi","7":"product_cat-edullinen-hinta-naiset","8":"product_cat-mekot","9":"product_cat-naiset","10":"product_cat-neuleet","12":"first","13":"instock","14":"sale","15":"taxable","16":"shipping-taxable","17":"purchasable","18":"product-type-variable","19":"wvs-archive-product-wrapper"},"acf":[],"brands":[{"id":836,"name":"Holebrook","slug":"holebrook-fi"}],"_links":{"self":[{"href":"https:\/\/nautical.store\/fi\/wp-json\/wp\/v2\/product\/84988","targetHints":{"allow":["GET"]}}],"collection":[{"href":"https:\/\/nautical.store\/fi\/wp-json\/wp\/v2\/product"}],"about":[{"href":"https:\/\/nautical.store\/fi\/wp-json\/wp\/v2\/types\/product"}],"wp:featuredmedia":[{"embeddable":true,"href":"https:\/\/nautical.store\/fi\/wp-json\/wp\/v2\/media\/84981"}],"wp:attachment":[{"href":"https:\/\/nautical.store\/fi\/wp-json\/wp\/v2\/media?parent=84988"}],"wp:term":[{"taxonomy":"pwb-brand","embeddable":true,"href":"https:\/\/nautical.store\/fi\/wp-json\/wp\/v2\/pwb-brand?post=84988"},{"taxonomy":"product_brand","embeddable":true,"href":"https:\/\/nautical.store\/fi\/wp-json\/wp\/v2\/product_brand?post=84988"},{"taxonomy":"product_cat","embeddable":true,"href":"https:\/\/nautical.store\/fi\/wp-json\/wp\/v2\/product_cat?post=84988"},{"taxonomy":"product_tag","embeddable":true,"href":"https:\/\/nautical.store\/fi\/wp-json\/wp\/v2\/product_tag?post=84988"},{"taxonomy":"woo-feed-brand","embeddable":true,"href":"https:\/\/nautical.store\/fi\/wp-json\/wp\/v2\/woo-feed-brand?post=84988"}],"curies":[{"name":"wp","href":"https:\/\/api.w.org\/{rel}","templated":true}]}}