{"id":85054,"date":"2025-09-26T16:35:17","date_gmt":"2025-09-26T13:35:17","guid":{"rendered":"https:\/\/nautical.store\/toode\/bobby-vintage-samettihousut\/"},"modified":"2025-09-29T23:09:41","modified_gmt":"2025-09-29T20:09:41","slug":"bobby-vintage-samettihousut","status":"publish","type":"product","link":"https:\/\/nautical.store\/fi\/tuote\/bobby-vintage-samettihousut\/","title":{"rendered":"Bobby vintage-samettihousut"},"content":{"rendered":"<ul>\n<li>Tyylikk\u00e4\u00e4t naisten samettihousut, joissa on korkea vy\u00f6t\u00e4r\u00f6 ja v\u00e4lj\u00e4 suora lahje. Miellytt\u00e4v\u00e4n l\u00e4mpim\u00e4t syksyyn ja talveen. Vy\u00f6lenkeiss\u00e4 kulkee koristeellinen punottu nauha, ja lahkeensuut on k\u00e4\u00e4nnetty kaksinkerroin viimeistellyn ilmeen vuoksi.<\/li>\n<li>Materiaali: 98 % puuvillaa, 2 % elastaania<\/li>\n<li>Vintage-samettia, mukavasti joustava<\/li>\n<li>Korkea vy\u00f6t\u00e4r\u00f6 ja suora lahje<\/li>\n<li>5 taskua: edess\u00e4 ja takana<\/li>\n<li>Kiinnitys: nappi ja vetoketju<\/li>\n<li>Koristenauha vy\u00f6lenkeiss\u00e4<\/li>\n<li>Kaksinkertaisesti k\u00e4\u00e4nnetyt lahkeensuut<\/li>\n<\/ul>\n","protected":false},"excerpt":{"rendered":"<p>Naisten vintage-tyyliset samettihousut<\/p>\n","protected":false},"featured_media":85043,"template":"","meta":{"_acf_changed":false},"pwb-brand":[959],"product_brand":[],"product_cat":[640,827],"product_tag":[],"woo-feed-brand":[],"class_list":{"0":"post-85054","1":"product","2":"type-product","3":"status-publish","4":"has-post-thumbnail","6":"pwb-brand-para-mi-fi","7":"product_cat-housut-fi","8":"product_cat-naiset","10":"first","11":"instock","12":"taxable","13":"shipping-taxable","14":"purchasable","15":"product-type-variable","16":"wvs-archive-product-wrapper"},"acf":[],"brands":[{"id":959,"name":"Para Mi","slug":"para-mi-fi"}],"_links":{"self":[{"href":"https:\/\/nautical.store\/fi\/wp-json\/wp\/v2\/product\/85054","targetHints":{"allow":["GET"]}}],"collection":[{"href":"https:\/\/nautical.store\/fi\/wp-json\/wp\/v2\/product"}],"about":[{"href":"https:\/\/nautical.store\/fi\/wp-json\/wp\/v2\/types\/product"}],"wp:featuredmedia":[{"embeddable":true,"href":"https:\/\/nautical.store\/fi\/wp-json\/wp\/v2\/media\/85043"}],"wp:attachment":[{"href":"https:\/\/nautical.store\/fi\/wp-json\/wp\/v2\/media?parent=85054"}],"wp:term":[{"taxonomy":"pwb-brand","embeddable":true,"href":"https:\/\/nautical.store\/fi\/wp-json\/wp\/v2\/pwb-brand?post=85054"},{"taxonomy":"product_brand","embeddable":true,"href":"https:\/\/nautical.store\/fi\/wp-json\/wp\/v2\/product_brand?post=85054"},{"taxonomy":"product_cat","embeddable":true,"href":"https:\/\/nautical.store\/fi\/wp-json\/wp\/v2\/product_cat?post=85054"},{"taxonomy":"product_tag","embeddable":true,"href":"https:\/\/nautical.store\/fi\/wp-json\/wp\/v2\/product_tag?post=85054"},{"taxonomy":"woo-feed-brand","embeddable":true,"href":"https:\/\/nautical.store\/fi\/wp-json\/wp\/v2\/woo-feed-brand?post=85054"}],"curies":[{"name":"wp","href":"https:\/\/api.w.org\/{rel}","templated":true}]}}