{"id":85136,"date":"2025-09-29T22:05:38","date_gmt":"2025-09-29T19:05:38","guid":{"rendered":"https:\/\/nautical.store\/toode\/jade-flare-housut\/"},"modified":"2025-09-29T23:08:19","modified_gmt":"2025-09-29T20:08:19","slug":"jade-flare-housut","status":"publish","type":"product","link":"https:\/\/nautical.store\/fi\/tuote\/jade-flare-housut\/","title":{"rendered":"Jade Flare Housut"},"content":{"rendered":"<p>Jade City Satin -housut ovat korkeavy\u00f6t\u00e4r\u00f6iset ja lahkeista kevyesti levenev\u00e4t. Istuvat napakasti reisist\u00e4 ja levenev\u00e4t polvesta alasp\u00e4in \u2013 tyylik\u00e4s ja imarteleva malli arkeen tai juhlaan. Kangas on kauniisti kiilt\u00e4v\u00e4 ja miellytt\u00e4v\u00e4n joustava.<br \/>\n\u2022 Malli: Korkea vy\u00f6t\u00e4r\u00f6 \/ levenev\u00e4 lahje (Flare Bootcut)<br \/>\n\u2022 Yksityiskohdat: Piilokiinnitys ja koristeelliset takataskut<br \/>\n\u2022 Kiinnitys: Nappi ja vetoketju<br \/>\n\u2022 Taskut: Edess\u00e4 ja takana (takataskut koristeelliset)<br \/>\n\u2022 Materiaali: 57 % puuvillaa, 40 % polyesteri\u00e4, 3 % elastaania<\/p>\n<p>City Satin on puuvillan, polyesterin ja elastaanin sekoitetta. Satiinisidos antaa kankaalle ylellisen kiillon ja pehme\u00e4n tunnun.<br \/>\n\u2022 Pituus: L32<\/p>\n","protected":false},"excerpt":{"rendered":"<p>Korkeavy\u00f6t\u00e4r\u00f6iset leve\u00e4lahkeiset housut<\/p>\n","protected":false},"featured_media":85104,"template":"","meta":{"_acf_changed":false},"pwb-brand":[959],"product_brand":[],"product_cat":[877,640,827],"product_tag":[],"woo-feed-brand":[],"class_list":{"0":"post-85136","1":"product","2":"type-product","3":"status-publish","4":"has-post-thumbnail","6":"pwb-brand-para-mi-fi","7":"product_cat-edullinen-hinta-naiset","8":"product_cat-housut-fi","9":"product_cat-naiset","11":"first","12":"instock","13":"sale","14":"taxable","15":"shipping-taxable","16":"purchasable","17":"product-type-variable","18":"wvs-archive-product-wrapper"},"acf":[],"brands":[{"id":959,"name":"Para Mi","slug":"para-mi-fi"}],"_links":{"self":[{"href":"https:\/\/nautical.store\/fi\/wp-json\/wp\/v2\/product\/85136","targetHints":{"allow":["GET"]}}],"collection":[{"href":"https:\/\/nautical.store\/fi\/wp-json\/wp\/v2\/product"}],"about":[{"href":"https:\/\/nautical.store\/fi\/wp-json\/wp\/v2\/types\/product"}],"wp:featuredmedia":[{"embeddable":true,"href":"https:\/\/nautical.store\/fi\/wp-json\/wp\/v2\/media\/85104"}],"wp:attachment":[{"href":"https:\/\/nautical.store\/fi\/wp-json\/wp\/v2\/media?parent=85136"}],"wp:term":[{"taxonomy":"pwb-brand","embeddable":true,"href":"https:\/\/nautical.store\/fi\/wp-json\/wp\/v2\/pwb-brand?post=85136"},{"taxonomy":"product_brand","embeddable":true,"href":"https:\/\/nautical.store\/fi\/wp-json\/wp\/v2\/product_brand?post=85136"},{"taxonomy":"product_cat","embeddable":true,"href":"https:\/\/nautical.store\/fi\/wp-json\/wp\/v2\/product_cat?post=85136"},{"taxonomy":"product_tag","embeddable":true,"href":"https:\/\/nautical.store\/fi\/wp-json\/wp\/v2\/product_tag?post=85136"},{"taxonomy":"woo-feed-brand","embeddable":true,"href":"https:\/\/nautical.store\/fi\/wp-json\/wp\/v2\/woo-feed-brand?post=85136"}],"curies":[{"name":"wp","href":"https:\/\/api.w.org\/{rel}","templated":true}]}}