{"id":85354,"date":"2025-10-02T22:16:39","date_gmt":"2025-10-02T19:16:39","guid":{"rendered":"https:\/\/nautical.store\/toode\/pellep-molle-hattu\/"},"modified":"2025-11-09T22:46:38","modified_gmt":"2025-11-09T20:46:38","slug":"pellep-molle-hattu","status":"publish","type":"product","link":"https:\/\/nautical.store\/fi\/tuote\/pellep-molle-hattu\/","title":{"rendered":"PelleP Molle -hattu"},"content":{"rendered":"<p><!--StartFragment --><\/p>\n<p>Kevyt Molle-hattu on vuorattu osittain biopohjaisella Sorona Aura\u00ae -materiaalilla. Kokoa voi s\u00e4\u00e4t\u00e4\u00e4 takana olevalla kiristysny\u00f6rill\u00e4, ja korval\u00e4p\u00e4t voi k\u00e4\u00e4nt\u00e4\u00e4 yl\u00f6s tai kiinnitt\u00e4\u00e4 leuan alta neppareilla. DWR-k\u00e4sittely on PFC-vapaa.<\/p>\n<p><strong>Tuotetiedot:<\/strong><\/p>\n<ul>\n<li>Materiaali: 100 % polyesteri\u00e4<\/li>\n<li>Kevyt rakenne<\/li>\n<li>PFC-vapaa DWR-k\u00e4sittely<\/li>\n<li>Sorona Aura\u00ae -pehmuste \u2013 osittain biohajoava, valmistettu maissin varsista<\/li>\n<li>S\u00e4\u00e4dett\u00e4v\u00e4 ny\u00f6rill\u00e4 takaa keskelt\u00e4<\/li>\n<li>Fleece-kangas sis\u00e4osan yl\u00e4osassa<\/li>\n<li>Korval\u00e4p\u00e4t voi k\u00e4\u00e4nt\u00e4\u00e4 yl\u00f6s tai kiinnitt\u00e4\u00e4 leuan alta<\/li>\n<li>Edess\u00e4 P-logomerkki<\/li>\n<li>Lutum-v\u00e4ri on luonnossa ruskeampi kuin kuvassa<\/li>\n<\/ul>\n<p><!--EndFragment --><\/p>\n","protected":false},"excerpt":{"rendered":"<p>Kevyt talvihattu korval\u00e4pill\u00e4 ja leukakiinnityksell\u00e4<\/p>\n","protected":false},"featured_media":85348,"template":"","meta":{"_acf_changed":false},"pwb-brand":[838],"product_brand":[],"product_cat":[628,629,777,827],"product_tag":[],"woo-feed-brand":[],"class_list":{"0":"post-85354","1":"product","2":"type-product","3":"status-publish","4":"has-post-thumbnail","6":"pwb-brand-pelle-petterson-fi","7":"product_cat-asusteet","8":"product_cat-asusteet-naiset","9":"product_cat-miehet","10":"product_cat-naiset","12":"first","13":"instock","14":"taxable","15":"shipping-taxable","16":"purchasable","17":"product-type-variable","18":"wvs-archive-product-wrapper"},"acf":[],"brands":[{"id":838,"name":"Pelle Petterson","slug":"pelle-petterson-fi"}],"_links":{"self":[{"href":"https:\/\/nautical.store\/fi\/wp-json\/wp\/v2\/product\/85354","targetHints":{"allow":["GET"]}}],"collection":[{"href":"https:\/\/nautical.store\/fi\/wp-json\/wp\/v2\/product"}],"about":[{"href":"https:\/\/nautical.store\/fi\/wp-json\/wp\/v2\/types\/product"}],"wp:featuredmedia":[{"embeddable":true,"href":"https:\/\/nautical.store\/fi\/wp-json\/wp\/v2\/media\/85348"}],"wp:attachment":[{"href":"https:\/\/nautical.store\/fi\/wp-json\/wp\/v2\/media?parent=85354"}],"wp:term":[{"taxonomy":"pwb-brand","embeddable":true,"href":"https:\/\/nautical.store\/fi\/wp-json\/wp\/v2\/pwb-brand?post=85354"},{"taxonomy":"product_brand","embeddable":true,"href":"https:\/\/nautical.store\/fi\/wp-json\/wp\/v2\/product_brand?post=85354"},{"taxonomy":"product_cat","embeddable":true,"href":"https:\/\/nautical.store\/fi\/wp-json\/wp\/v2\/product_cat?post=85354"},{"taxonomy":"product_tag","embeddable":true,"href":"https:\/\/nautical.store\/fi\/wp-json\/wp\/v2\/product_tag?post=85354"},{"taxonomy":"woo-feed-brand","embeddable":true,"href":"https:\/\/nautical.store\/fi\/wp-json\/wp\/v2\/woo-feed-brand?post=85354"}],"curies":[{"name":"wp","href":"https:\/\/api.w.org\/{rel}","templated":true}]}}