{"id":85417,"date":"2025-10-06T22:41:30","date_gmt":"2025-10-06T19:41:30","guid":{"rendered":"https:\/\/nautical.store\/toode\/85417\/"},"modified":"2025-10-09T10:39:40","modified_gmt":"2025-10-09T07:39:40","slug":"85417","status":"publish","type":"product","link":"https:\/\/nautical.store\/fi\/tuote\/85417\/","title":{"rendered":"PelleP Polo Tiller"},"content":{"rendered":"<p><!--StartFragment --><\/p>\n<p>Miesten polosvetari, joka on tehty pehme\u00e4st\u00e4 ja mukavasta orgaanisen puuvillan ja kashmirin sekoitteesta. Normaali istuvuus, sile\u00e4\u00e4 neulosta sek\u00e4 vartalossa ett\u00e4 hihoissa. Kauluksessa kapea resori, hihansuissa ja helmassa v\u00e4h\u00e4n leve\u00e4mpi. Edess\u00e4 Pelle P -napit ja vasemmassa helmassa tyylik\u00e4s metallinen P-logo \u2013 pieni yksityiskohta, joka viimeistelee ilmeen.<\/p>\n<p>Materiaali: 92 % orgaanista puuvillaa, 8 % kashmiria<br \/>\nIstuvuus: normaali<br \/>\nNeulos: sile\u00e4 vartalossa ja hihoissa<br \/>\nResorit: kauluksessa, hihansuissa ja helmassa<br \/>\nNapit: Pelle P -nappilista edess\u00e4<br \/>\nYksityiskohdat: metallinen P-logo vasemmassa helmassa<br \/>\nKutistuvuus: max 5 %<\/p>\n<p><!--EndFragment --><\/p>\n","protected":false},"excerpt":{"rendered":"<p><!--StartFragment --><\/p>\n<p>Kashmiria sis\u00e4lt\u00e4v\u00e4 pehme\u00e4 polo<\/p>\n<p><!--EndFragment --><\/p>\n","protected":false},"featured_media":85411,"template":"","meta":{"_acf_changed":false},"pwb-brand":[838],"product_brand":[],"product_cat":[777,619],"product_tag":[],"woo-feed-brand":[],"class_list":{"0":"post-85417","1":"product","2":"type-product","3":"status-publish","4":"has-post-thumbnail","6":"pwb-brand-pelle-petterson-fi","7":"product_cat-miehet","8":"product_cat-neuleet-miehet","10":"first","11":"instock","12":"taxable","13":"shipping-taxable","14":"purchasable","15":"product-type-variable","16":"wvs-archive-product-wrapper"},"acf":[],"brands":[{"id":838,"name":"Pelle Petterson","slug":"pelle-petterson-fi"}],"_links":{"self":[{"href":"https:\/\/nautical.store\/fi\/wp-json\/wp\/v2\/product\/85417","targetHints":{"allow":["GET"]}}],"collection":[{"href":"https:\/\/nautical.store\/fi\/wp-json\/wp\/v2\/product"}],"about":[{"href":"https:\/\/nautical.store\/fi\/wp-json\/wp\/v2\/types\/product"}],"wp:featuredmedia":[{"embeddable":true,"href":"https:\/\/nautical.store\/fi\/wp-json\/wp\/v2\/media\/85411"}],"wp:attachment":[{"href":"https:\/\/nautical.store\/fi\/wp-json\/wp\/v2\/media?parent=85417"}],"wp:term":[{"taxonomy":"pwb-brand","embeddable":true,"href":"https:\/\/nautical.store\/fi\/wp-json\/wp\/v2\/pwb-brand?post=85417"},{"taxonomy":"product_brand","embeddable":true,"href":"https:\/\/nautical.store\/fi\/wp-json\/wp\/v2\/product_brand?post=85417"},{"taxonomy":"product_cat","embeddable":true,"href":"https:\/\/nautical.store\/fi\/wp-json\/wp\/v2\/product_cat?post=85417"},{"taxonomy":"product_tag","embeddable":true,"href":"https:\/\/nautical.store\/fi\/wp-json\/wp\/v2\/product_tag?post=85417"},{"taxonomy":"woo-feed-brand","embeddable":true,"href":"https:\/\/nautical.store\/fi\/wp-json\/wp\/v2\/woo-feed-brand?post=85417"}],"curies":[{"name":"wp","href":"https:\/\/api.w.org\/{rel}","templated":true}]}}