{"id":85571,"date":"2025-10-07T08:27:41","date_gmt":"2025-10-07T05:27:41","guid":{"rendered":"https:\/\/nautical.store\/toode\/pellep-molle-hattu-lapsille\/"},"modified":"2025-10-07T08:27:41","modified_gmt":"2025-10-07T05:27:41","slug":"pellep-molle-hattu-lapsille","status":"publish","type":"product","link":"https:\/\/nautical.store\/fi\/tuote\/pellep-molle-hattu-lapsille\/","title":{"rendered":"PelleP Molle-hattu lapsille"},"content":{"rendered":"<p><!--StartFragment --><\/p>\n<p>Kevyt ja l\u00e4mmin lasten hattu<\/p>\n<ul>\n<li>Materiaali: 100 % polyesteri<\/li>\n<li>Kevyt p\u00e4\u00e4ss\u00e4<\/li>\n<li>PFC-vapaa, vett\u00e4 hylkiv\u00e4 DWR-k\u00e4sittely<\/li>\n<li>Sorona Aura\u00ae -t\u00e4yte, osittain biohajoava, valmistettu maissin varsista<\/li>\n<li>Fleece-vuori yl\u00e4osassa sis\u00e4puolella<\/li>\n<li>S\u00e4\u00e4dett\u00e4v\u00e4 kiinnitys \u2013 sivuosat voi k\u00e4\u00e4nt\u00e4\u00e4 yl\u00f6s tai kiinnitt\u00e4\u00e4 leuan alle<\/li>\n<li>Edess\u00e4 P-logo merkki<\/li>\n<\/ul>\n<p><!--EndFragment --><\/p>\n","protected":false},"excerpt":{"rendered":"<p>Lasten korval\u00e4p\u00e4llinen pipo<\/p>\n","protected":false},"featured_media":85560,"template":"","meta":{"_acf_changed":false},"pwb-brand":[838],"product_brand":[],"product_cat":[826],"product_tag":[],"woo-feed-brand":[],"class_list":{"0":"post-85571","1":"product","2":"type-product","3":"status-publish","4":"has-post-thumbnail","6":"pwb-brand-pelle-petterson-fi","7":"product_cat-lapset","9":"first","10":"instock","11":"taxable","12":"shipping-taxable","13":"purchasable","14":"product-type-variable","15":"wvs-archive-product-wrapper"},"acf":[],"brands":[{"id":838,"name":"Pelle Petterson","slug":"pelle-petterson-fi"}],"_links":{"self":[{"href":"https:\/\/nautical.store\/fi\/wp-json\/wp\/v2\/product\/85571","targetHints":{"allow":["GET"]}}],"collection":[{"href":"https:\/\/nautical.store\/fi\/wp-json\/wp\/v2\/product"}],"about":[{"href":"https:\/\/nautical.store\/fi\/wp-json\/wp\/v2\/types\/product"}],"wp:featuredmedia":[{"embeddable":true,"href":"https:\/\/nautical.store\/fi\/wp-json\/wp\/v2\/media\/85560"}],"wp:attachment":[{"href":"https:\/\/nautical.store\/fi\/wp-json\/wp\/v2\/media?parent=85571"}],"wp:term":[{"taxonomy":"pwb-brand","embeddable":true,"href":"https:\/\/nautical.store\/fi\/wp-json\/wp\/v2\/pwb-brand?post=85571"},{"taxonomy":"product_brand","embeddable":true,"href":"https:\/\/nautical.store\/fi\/wp-json\/wp\/v2\/product_brand?post=85571"},{"taxonomy":"product_cat","embeddable":true,"href":"https:\/\/nautical.store\/fi\/wp-json\/wp\/v2\/product_cat?post=85571"},{"taxonomy":"product_tag","embeddable":true,"href":"https:\/\/nautical.store\/fi\/wp-json\/wp\/v2\/product_tag?post=85571"},{"taxonomy":"woo-feed-brand","embeddable":true,"href":"https:\/\/nautical.store\/fi\/wp-json\/wp\/v2\/woo-feed-brand?post=85571"}],"curies":[{"name":"wp","href":"https:\/\/api.w.org\/{rel}","templated":true}]}}