{"id":85685,"date":"2025-10-09T19:55:07","date_gmt":"2025-10-09T16:55:07","guid":{"rendered":"https:\/\/nautical.store\/toode\/pellep-gelu-talvitakki\/"},"modified":"2026-03-04T21:42:32","modified_gmt":"2026-03-04T19:42:32","slug":"pellep-gelu-talvitakki","status":"publish","type":"product","link":"https:\/\/nautical.store\/fi\/tuote\/pellep-gelu-talvitakki\/","title":{"rendered":"PelleP Gelu\u2011takki"},"content":{"rendered":"<p>L\u00e4mmin, tuulen- ja vedenpit\u00e4v\u00e4 Gelu-toppatakki on valmistettu kest\u00e4v\u00e4st\u00e4 ripstop-kankaasta ja eristetty kierr\u00e4tetyll\u00e4 polyesterill\u00e4. Takissa on irrotettava ja s\u00e4\u00e4dett\u00e4v\u00e4 huppu, vetoketju ja magneettikiinnitys, pehmustettu kaulus sek\u00e4 s\u00e4\u00e4dett\u00e4v\u00e4t hihansuut. Vett\u00e4 hylkiv\u00e4 DWR-k\u00e4sittely on PFC-vapaa. Takkia voi k\u00e4ytt\u00e4\u00e4 monella tavalla \u2013 joko tiiviisti kiinni edest\u00e4 tai avoimena leveiden kaulusten kanssa.<\/p>\n<ul>\n<li>Materiaali: 100 % polyesteri<\/li>\n<li>Normaali istuvuus<\/li>\n<li>Hi:RES 15K2L \u2013 tuulen- ja vedenpit\u00e4v\u00e4 kangas joustavalla kalvolla<\/li>\n<li>P\u00e4\u00e4materiaali: ripstop (ripstop-kangas on erityisesti vahvistettu repeytymist\u00e4 est\u00e4v\u00e4 kangas)<\/li>\n<li>Eristys: kierr\u00e4tetty polyesterivanu<\/li>\n<li>PFC-vapaa vett\u00e4 hylkiv\u00e4 DWR-k\u00e4sittely<\/li>\n<li>Magneettikiinnitykset edess\u00e4<\/li>\n<li>Irrotettava huppu<\/li>\n<li>Huppu s\u00e4\u00e4dett\u00e4viss\u00e4 takaa tarrakiinnityksell\u00e4<\/li>\n<li>Solmittava vy\u00f6<\/li>\n<li>Pehmustettu kaulus<\/li>\n<li>Kohokuvioitu P-logo hihassa ja hupussa<\/li>\n<li>S\u00e4\u00e4dett\u00e4v\u00e4t hihansuut<\/li>\n<li>Tekninen yksityiskohtapainatus sis\u00e4puolella<\/li>\n<li>Malli (170 cm) k\u00e4ytt\u00e4\u00e4 kokoa S<\/li>\n<\/ul>\n","protected":false},"excerpt":{"rendered":"<p>Kevyt, veden- ja tuulenpit\u00e4v\u00e4 takki<\/p>\n","protected":false},"featured_media":85621,"template":"","meta":{"_acf_changed":false},"pwb-brand":[838],"product_brand":[],"product_cat":[827,617,726],"product_tag":[],"woo-feed-brand":[],"class_list":{"0":"post-85685","1":"product","2":"type-product","3":"status-publish","4":"has-post-thumbnail","6":"pwb-brand-pelle-petterson-fi","7":"product_cat-naiset","8":"product_cat-paallysvaatteet","9":"product_cat-tekniset-vaatteet-naiset","11":"first","12":"instock","13":"taxable","14":"shipping-taxable","15":"purchasable","16":"product-type-variable","17":"wvs-archive-product-wrapper"},"acf":[],"brands":[{"id":838,"name":"Pelle Petterson","slug":"pelle-petterson-fi"}],"_links":{"self":[{"href":"https:\/\/nautical.store\/fi\/wp-json\/wp\/v2\/product\/85685","targetHints":{"allow":["GET"]}}],"collection":[{"href":"https:\/\/nautical.store\/fi\/wp-json\/wp\/v2\/product"}],"about":[{"href":"https:\/\/nautical.store\/fi\/wp-json\/wp\/v2\/types\/product"}],"wp:featuredmedia":[{"embeddable":true,"href":"https:\/\/nautical.store\/fi\/wp-json\/wp\/v2\/media\/85621"}],"wp:attachment":[{"href":"https:\/\/nautical.store\/fi\/wp-json\/wp\/v2\/media?parent=85685"}],"wp:term":[{"taxonomy":"pwb-brand","embeddable":true,"href":"https:\/\/nautical.store\/fi\/wp-json\/wp\/v2\/pwb-brand?post=85685"},{"taxonomy":"product_brand","embeddable":true,"href":"https:\/\/nautical.store\/fi\/wp-json\/wp\/v2\/product_brand?post=85685"},{"taxonomy":"product_cat","embeddable":true,"href":"https:\/\/nautical.store\/fi\/wp-json\/wp\/v2\/product_cat?post=85685"},{"taxonomy":"product_tag","embeddable":true,"href":"https:\/\/nautical.store\/fi\/wp-json\/wp\/v2\/product_tag?post=85685"},{"taxonomy":"woo-feed-brand","embeddable":true,"href":"https:\/\/nautical.store\/fi\/wp-json\/wp\/v2\/woo-feed-brand?post=85685"}],"curies":[{"name":"wp","href":"https:\/\/api.w.org\/{rel}","templated":true}]}}