{"id":85944,"date":"2025-10-11T19:20:57","date_gmt":"2025-10-11T16:20:57","guid":{"rendered":"https:\/\/nautical.store\/toode\/pellep-zip-hood-alpage\/"},"modified":"2026-04-05T22:55:55","modified_gmt":"2026-04-05T19:55:55","slug":"pellep-zip-hood-alpage","status":"publish","type":"product","link":"https:\/\/nautical.store\/fi\/tuote\/pellep-zip-hood-alpage\/","title":{"rendered":"PelleP Zip Hood Alpage"},"content":{"rendered":"<p>V\u00e4lj\u00e4sti istuva ja harkituilla yksityiskohdilla viimeistelty Alpage-vetoketjuhuppari on valmistettu pehme\u00e4st\u00e4, kierr\u00e4tetyst\u00e4 polyesterifleece-materiaalista. Hupparissa on vuorattu huppu, joustavat resorit helmassa ja hihansuissa sek\u00e4 kaksi etutaskua.<br \/>\nMateriaali: 100 % kierr\u00e4tetty polyesteri<\/p>\n<ul>\n<li>Istuvuus: v\u00e4lj\u00e4<\/li>\n<li>Pehme\u00e4 kierr\u00e4tetty fleece<\/li>\n<li>1&#215;1 joustinneulos helmassa ja hihansuissa<\/li>\n<li>Kiinte\u00e4, single jersey -vuorattu huppu<\/li>\n<li>Kaksi etutaskua<\/li>\n<li>Edess\u00e4 vetoketju, jossa Pelle P -logovetimen<\/li>\n<li>P-logo-merkki vasemmassa yl\u00e4hiassa ja P-kirjontaa hupussa<\/li>\n<li>Kontrastiv\u00e4riset bartack-vahvistetut ompeleet<\/li>\n<li>Malli (173 cm) k\u00e4ytt\u00e4\u00e4 kokoa S<\/li>\n<\/ul>\n","protected":false},"excerpt":{"rendered":"<p>Mukava fleece-huppari<\/p>\n","protected":false},"featured_media":94286,"template":"","meta":{"_acf_changed":false},"pwb-brand":[838],"product_brand":[],"product_cat":[688,827,617],"product_tag":[],"woo-feed-brand":[],"class_list":{"0":"post-85944","1":"product","2":"type-product","3":"status-publish","4":"has-post-thumbnail","6":"pwb-brand-pelle-petterson-fi","7":"product_cat-hupparit-ja-fleecet","8":"product_cat-naiset","9":"product_cat-paallysvaatteet","11":"first","12":"instock","13":"taxable","14":"shipping-taxable","15":"purchasable","16":"product-type-variable","17":"wvs-archive-product-wrapper"},"acf":[],"brands":[{"id":838,"name":"Pelle Petterson","slug":"pelle-petterson-fi"}],"_links":{"self":[{"href":"https:\/\/nautical.store\/fi\/wp-json\/wp\/v2\/product\/85944","targetHints":{"allow":["GET"]}}],"collection":[{"href":"https:\/\/nautical.store\/fi\/wp-json\/wp\/v2\/product"}],"about":[{"href":"https:\/\/nautical.store\/fi\/wp-json\/wp\/v2\/types\/product"}],"wp:featuredmedia":[{"embeddable":true,"href":"https:\/\/nautical.store\/fi\/wp-json\/wp\/v2\/media\/94286"}],"wp:attachment":[{"href":"https:\/\/nautical.store\/fi\/wp-json\/wp\/v2\/media?parent=85944"}],"wp:term":[{"taxonomy":"pwb-brand","embeddable":true,"href":"https:\/\/nautical.store\/fi\/wp-json\/wp\/v2\/pwb-brand?post=85944"},{"taxonomy":"product_brand","embeddable":true,"href":"https:\/\/nautical.store\/fi\/wp-json\/wp\/v2\/product_brand?post=85944"},{"taxonomy":"product_cat","embeddable":true,"href":"https:\/\/nautical.store\/fi\/wp-json\/wp\/v2\/product_cat?post=85944"},{"taxonomy":"product_tag","embeddable":true,"href":"https:\/\/nautical.store\/fi\/wp-json\/wp\/v2\/product_tag?post=85944"},{"taxonomy":"woo-feed-brand","embeddable":true,"href":"https:\/\/nautical.store\/fi\/wp-json\/wp\/v2\/woo-feed-brand?post=85944"}],"curies":[{"name":"wp","href":"https:\/\/api.w.org\/{rel}","templated":true}]}}