{"id":85972,"date":"2025-10-11T23:31:06","date_gmt":"2025-10-11T20:31:06","guid":{"rendered":"https:\/\/nautical.store\/toode\/edna-jakku\/"},"modified":"2025-10-11T23:31:06","modified_gmt":"2025-10-11T20:31:06","slug":"edna-jakku","status":"publish","type":"product","link":"https:\/\/nautical.store\/fi\/tuote\/edna-jakku\/","title":{"rendered":"Edna-jakku"},"content":{"rendered":"<p>Milano-tyylinen Edna-jakku on naisellisen mallinen ja rennosti laskeutuva, valmistettu pehme\u00e4st\u00e4 villasekoitteesta. Jakussa on leve\u00e4t, muotoillut hihat koristeompeleilla sek\u00e4 nelj\u00e4n napin yksirivinen kiinnitys. Tyylik\u00e4s ja vastuullisesti Euroopassa valmistettu valinta arkeen ja juhlaan.<\/p>\n<ul>\n<li>Materiaali: neulottu kangas, 20 % polyamidia<\/li>\n<li>Naisellinen leikkaus ja laskettu olkalinja<\/li>\n<li>Leve\u00e4t hihat koristeompeleilla<\/li>\n<li>OEKO-TEX\u00ae-sertifioitu lanka<\/li>\n<li>Valmistettu Euroopassa<\/li>\n<\/ul>\n","protected":false},"excerpt":{"rendered":"<p>Korostetuilla hihoilla varustettu jakku<\/p>\n","protected":false},"featured_media":85968,"template":"","meta":{"_acf_changed":false},"pwb-brand":[836],"product_brand":[],"product_cat":[877,827,601],"product_tag":[],"woo-feed-brand":[],"class_list":{"0":"post-85972","1":"product","2":"type-product","3":"status-publish","4":"has-post-thumbnail","6":"pwb-brand-holebrook-fi","7":"product_cat-edullinen-hinta-naiset","8":"product_cat-naiset","9":"product_cat-neuleet","11":"first","12":"instock","13":"sale","14":"taxable","15":"shipping-taxable","16":"purchasable","17":"product-type-variable","18":"wvs-archive-product-wrapper"},"acf":[],"brands":[{"id":836,"name":"Holebrook","slug":"holebrook-fi"}],"_links":{"self":[{"href":"https:\/\/nautical.store\/fi\/wp-json\/wp\/v2\/product\/85972","targetHints":{"allow":["GET"]}}],"collection":[{"href":"https:\/\/nautical.store\/fi\/wp-json\/wp\/v2\/product"}],"about":[{"href":"https:\/\/nautical.store\/fi\/wp-json\/wp\/v2\/types\/product"}],"wp:featuredmedia":[{"embeddable":true,"href":"https:\/\/nautical.store\/fi\/wp-json\/wp\/v2\/media\/85968"}],"wp:attachment":[{"href":"https:\/\/nautical.store\/fi\/wp-json\/wp\/v2\/media?parent=85972"}],"wp:term":[{"taxonomy":"pwb-brand","embeddable":true,"href":"https:\/\/nautical.store\/fi\/wp-json\/wp\/v2\/pwb-brand?post=85972"},{"taxonomy":"product_brand","embeddable":true,"href":"https:\/\/nautical.store\/fi\/wp-json\/wp\/v2\/product_brand?post=85972"},{"taxonomy":"product_cat","embeddable":true,"href":"https:\/\/nautical.store\/fi\/wp-json\/wp\/v2\/product_cat?post=85972"},{"taxonomy":"product_tag","embeddable":true,"href":"https:\/\/nautical.store\/fi\/wp-json\/wp\/v2\/product_tag?post=85972"},{"taxonomy":"woo-feed-brand","embeddable":true,"href":"https:\/\/nautical.store\/fi\/wp-json\/wp\/v2\/woo-feed-brand?post=85972"}],"curies":[{"name":"wp","href":"https:\/\/api.w.org\/{rel}","templated":true}]}}