{"id":85995,"date":"2025-10-11T23:50:52","date_gmt":"2025-10-11T20:50:52","guid":{"rendered":"https:\/\/nautical.store\/toode\/sonja-neulehousut\/"},"modified":"2025-10-11T23:50:52","modified_gmt":"2025-10-11T20:50:52","slug":"sonja-neulehousut","status":"publish","type":"product","link":"https:\/\/nautical.store\/fi\/tuote\/sonja-neulehousut\/","title":{"rendered":"Sonja-neulehousut"},"content":{"rendered":"<p><!--StartFragment --><\/p>\n<p>Mukavat villasekoitteiset neulehousut joustavalla vy\u00f6t\u00e4r\u00f6ll\u00e4. V\u00e4lj\u00e4 malli, takana p\u00e4\u00e4lle ommellut taskut ja t\u00e4yspitk\u00e4t, kaarevasti leikatut lahkeet. Lahkeensuissa joustinneulos. Yhdist\u00e4 neuleeseen ja luo tyylik\u00e4s kokonaisuus. Valmistettu vastuullisesti Euroopassa.<\/p>\n<ul>\n<li>V\u00e4lj\u00e4 mitoitus<\/li>\n<li>P\u00e4\u00e4lle ommellut takataskut<\/li>\n<li>Kaarevasti leikattu t\u00e4yspitk\u00e4 lahje<\/li>\n<li>OEKO-TEX\u00ae-sertifioitu lanka<\/li>\n<li>Valmistettu Euroopassa<\/li>\n<\/ul>\n<p><!--EndFragment --><\/p>\n","protected":false},"excerpt":{"rendered":"<p>Tyylikk\u00e4\u00e4t villasekoitteiset housut<\/p>\n","protected":false},"featured_media":85990,"template":"","meta":{"_acf_changed":false},"pwb-brand":[836],"product_brand":[],"product_cat":[877,640,827,601],"product_tag":[],"woo-feed-brand":[],"class_list":{"0":"post-85995","1":"product","2":"type-product","3":"status-publish","4":"has-post-thumbnail","6":"pwb-brand-holebrook-fi","7":"product_cat-edullinen-hinta-naiset","8":"product_cat-housut-fi","9":"product_cat-naiset","10":"product_cat-neuleet","12":"first","13":"instock","14":"sale","15":"taxable","16":"shipping-taxable","17":"purchasable","18":"product-type-variable","19":"wvs-archive-product-wrapper"},"acf":[],"brands":[{"id":836,"name":"Holebrook","slug":"holebrook-fi"}],"_links":{"self":[{"href":"https:\/\/nautical.store\/fi\/wp-json\/wp\/v2\/product\/85995","targetHints":{"allow":["GET"]}}],"collection":[{"href":"https:\/\/nautical.store\/fi\/wp-json\/wp\/v2\/product"}],"about":[{"href":"https:\/\/nautical.store\/fi\/wp-json\/wp\/v2\/types\/product"}],"wp:featuredmedia":[{"embeddable":true,"href":"https:\/\/nautical.store\/fi\/wp-json\/wp\/v2\/media\/85990"}],"wp:attachment":[{"href":"https:\/\/nautical.store\/fi\/wp-json\/wp\/v2\/media?parent=85995"}],"wp:term":[{"taxonomy":"pwb-brand","embeddable":true,"href":"https:\/\/nautical.store\/fi\/wp-json\/wp\/v2\/pwb-brand?post=85995"},{"taxonomy":"product_brand","embeddable":true,"href":"https:\/\/nautical.store\/fi\/wp-json\/wp\/v2\/product_brand?post=85995"},{"taxonomy":"product_cat","embeddable":true,"href":"https:\/\/nautical.store\/fi\/wp-json\/wp\/v2\/product_cat?post=85995"},{"taxonomy":"product_tag","embeddable":true,"href":"https:\/\/nautical.store\/fi\/wp-json\/wp\/v2\/product_tag?post=85995"},{"taxonomy":"woo-feed-brand","embeddable":true,"href":"https:\/\/nautical.store\/fi\/wp-json\/wp\/v2\/woo-feed-brand?post=85995"}],"curies":[{"name":"wp","href":"https:\/\/api.w.org\/{rel}","templated":true}]}}