{"id":86020,"date":"2025-10-12T13:29:32","date_gmt":"2025-10-12T10:29:32","guid":{"rendered":"https:\/\/nautical.store\/toode\/wendela-merinovillainen-neulehame\/"},"modified":"2026-02-23T20:23:23","modified_gmt":"2026-02-23T18:23:23","slug":"wendela-merinovillainen-neulehame","status":"publish","type":"product","link":"https:\/\/nautical.store\/fi\/tuote\/wendela-merinovillainen-neulehame\/","title":{"rendered":"Wendela-merinovillainen neulehame"},"content":{"rendered":"<p><!--StartFragment --><\/p>\n<p>Neulehame erityisen hienosta merinovillasta. A-linjainen malli, pohjepituus ja joustava vy\u00f6t\u00e4r\u00f6 takaavat mukavan istuvuuden. Helmassa ribatut yksityiskohdat tuovat viimeistellyn ilmeen. Yhdist\u00e4 Kristina-toppiin ja luo tyylik\u00e4s kokonaisuus. Lanka on merkitty Woolmark-merkinn\u00e4ll\u00e4, joka takaa 100 % puhtaan villan ja korkean laadun. Valmistettu vastuullisesti Euroopassa.<\/p>\n<ul>\n<li>Klassinen istuvuus<\/li>\n<li>Joustava vy\u00f6t\u00e4r\u00f6<\/li>\n<li>Pohjepituus<\/li>\n<li>A-linjainen malli<\/li>\n<li>Valmistettu Euroopassa<\/li>\n<\/ul>\n<p>&nbsp;<\/p>\n<p>&nbsp;<\/p>\n<p><!--EndFragment --><\/p>\n","protected":false},"excerpt":{"rendered":"<p>LIS\u00c4ALENNUS! VIIMEISET VARASTOSSA<\/p>\n","protected":false},"featured_media":86010,"template":"","meta":{"_acf_changed":false},"pwb-brand":[836],"product_brand":[],"product_cat":[877,639,827,601],"product_tag":[],"woo-feed-brand":[],"class_list":{"0":"post-86020","1":"product","2":"type-product","3":"status-publish","4":"has-post-thumbnail","6":"pwb-brand-holebrook-fi","7":"product_cat-edullinen-hinta-naiset","8":"product_cat-hameet","9":"product_cat-naiset","10":"product_cat-neuleet","12":"first","13":"instock","14":"sale","15":"taxable","16":"shipping-taxable","17":"purchasable","18":"product-type-variable","19":"wvs-archive-product-wrapper"},"acf":[],"brands":[{"id":836,"name":"Holebrook","slug":"holebrook-fi"}],"_links":{"self":[{"href":"https:\/\/nautical.store\/fi\/wp-json\/wp\/v2\/product\/86020","targetHints":{"allow":["GET"]}}],"collection":[{"href":"https:\/\/nautical.store\/fi\/wp-json\/wp\/v2\/product"}],"about":[{"href":"https:\/\/nautical.store\/fi\/wp-json\/wp\/v2\/types\/product"}],"wp:featuredmedia":[{"embeddable":true,"href":"https:\/\/nautical.store\/fi\/wp-json\/wp\/v2\/media\/86010"}],"wp:attachment":[{"href":"https:\/\/nautical.store\/fi\/wp-json\/wp\/v2\/media?parent=86020"}],"wp:term":[{"taxonomy":"pwb-brand","embeddable":true,"href":"https:\/\/nautical.store\/fi\/wp-json\/wp\/v2\/pwb-brand?post=86020"},{"taxonomy":"product_brand","embeddable":true,"href":"https:\/\/nautical.store\/fi\/wp-json\/wp\/v2\/product_brand?post=86020"},{"taxonomy":"product_cat","embeddable":true,"href":"https:\/\/nautical.store\/fi\/wp-json\/wp\/v2\/product_cat?post=86020"},{"taxonomy":"product_tag","embeddable":true,"href":"https:\/\/nautical.store\/fi\/wp-json\/wp\/v2\/product_tag?post=86020"},{"taxonomy":"woo-feed-brand","embeddable":true,"href":"https:\/\/nautical.store\/fi\/wp-json\/wp\/v2\/woo-feed-brand?post=86020"}],"curies":[{"name":"wp","href":"https:\/\/api.w.org\/{rel}","templated":true}]}}