{"id":86072,"date":"2025-10-12T14:08:26","date_gmt":"2025-10-12T11:08:26","guid":{"rendered":"https:\/\/nautical.store\/toode\/sjovik-sukat\/"},"modified":"2025-11-24T11:50:15","modified_gmt":"2025-11-24T09:50:15","slug":"sjovik-sukat","status":"publish","type":"product","link":"https:\/\/nautical.store\/fi\/tuote\/sjovik-sukat\/","title":{"rendered":"Sj\u00f6vik-sukat"},"content":{"rendered":"<p><!--StartFragment --><\/p>\n<p>Neulotut villasekoitesukat, joissa on el\u00e4v\u00e4pintainen rakenne ja joustava resori yl\u00e4osassa. Lanka on GRS-sertifioitu, mik\u00e4 tarkoittaa suurempaa kierr\u00e4tysmateriaalin osuutta sek\u00e4 tiukempia sosiaalisia ja ymp\u00e4rist\u00f6vaatimuksia. Valmistettu vastuullisesti Euroopassa.<\/p>\n<p>\u2022 Rakenteellinen neulos<br \/>\n\u2022 Joustava resori ylh\u00e4\u00e4ll\u00e4<br \/>\n\u2022 Unisex-malli<br \/>\n\u2022 GRS-sertifioitu lanka<br \/>\n\u2022 Valmistettu Euroopassa<\/p>\n<p>Materiaali: 25 % akryyli, 23 % polyamidi, 2 % lycra<\/p>\n<p><!--EndFragment --><\/p>\n","protected":false},"excerpt":{"rendered":"<p>Pitk\u00e4vartiset sukat villasekoitteesta \u2013 ajaton mukavuus ja l\u00e4mp\u00f6<\/p>\n","protected":false},"featured_media":86059,"template":"","meta":{"_acf_changed":false},"pwb-brand":[836],"product_brand":[],"product_cat":[629,628,777,827,619],"product_tag":[],"woo-feed-brand":[],"class_list":{"0":"post-86072","1":"product","2":"type-product","3":"status-publish","4":"has-post-thumbnail","6":"pwb-brand-holebrook-fi","7":"product_cat-asusteet-naiset","8":"product_cat-asusteet","9":"product_cat-miehet","10":"product_cat-naiset","11":"product_cat-neuleet-miehet","13":"first","14":"instock","15":"taxable","16":"shipping-taxable","17":"purchasable","18":"product-type-variable","19":"wvs-archive-product-wrapper"},"acf":[],"brands":[{"id":836,"name":"Holebrook","slug":"holebrook-fi"}],"_links":{"self":[{"href":"https:\/\/nautical.store\/fi\/wp-json\/wp\/v2\/product\/86072","targetHints":{"allow":["GET"]}}],"collection":[{"href":"https:\/\/nautical.store\/fi\/wp-json\/wp\/v2\/product"}],"about":[{"href":"https:\/\/nautical.store\/fi\/wp-json\/wp\/v2\/types\/product"}],"wp:featuredmedia":[{"embeddable":true,"href":"https:\/\/nautical.store\/fi\/wp-json\/wp\/v2\/media\/86059"}],"wp:attachment":[{"href":"https:\/\/nautical.store\/fi\/wp-json\/wp\/v2\/media?parent=86072"}],"wp:term":[{"taxonomy":"pwb-brand","embeddable":true,"href":"https:\/\/nautical.store\/fi\/wp-json\/wp\/v2\/pwb-brand?post=86072"},{"taxonomy":"product_brand","embeddable":true,"href":"https:\/\/nautical.store\/fi\/wp-json\/wp\/v2\/product_brand?post=86072"},{"taxonomy":"product_cat","embeddable":true,"href":"https:\/\/nautical.store\/fi\/wp-json\/wp\/v2\/product_cat?post=86072"},{"taxonomy":"product_tag","embeddable":true,"href":"https:\/\/nautical.store\/fi\/wp-json\/wp\/v2\/product_tag?post=86072"},{"taxonomy":"woo-feed-brand","embeddable":true,"href":"https:\/\/nautical.store\/fi\/wp-json\/wp\/v2\/woo-feed-brand?post=86072"}],"curies":[{"name":"wp","href":"https:\/\/api.w.org\/{rel}","templated":true}]}}