{"id":86138,"date":"2025-10-12T22:37:26","date_gmt":"2025-10-12T19:37:26","guid":{"rendered":"https:\/\/nautical.store\/toode\/tindra-hame\/"},"modified":"2025-10-12T22:37:26","modified_gmt":"2025-10-12T19:37:26","slug":"tindra-hame","status":"publish","type":"product","link":"https:\/\/nautical.store\/fi\/tuote\/tindra-hame\/","title":{"rendered":"Tindra-hame"},"content":{"rendered":"<p>Pehme\u00e4 ja p\u00f6rr\u00f6inen kid mohair -sekoitteesta valmistettu sile\u00e4neuloksinen hame. Joustava vy\u00f6t\u00e4r\u00f6, suora malli ja nilkkapituus. Yhdist\u00e4 Tindra-toppiin saadaksesi tyylikk\u00e4\u00e4n ja harmonisen kokonaisuuden. Lanka on sertifioitu Responsible Mohair Standardin (RMS) ja Global Recycled Standardin (GRS) mukaisesti. Kest\u00e4v\u00e4sti valmistettu Euroopassa.<\/p>\n<ul>\n<li>Normaali mitoitus<\/li>\n<li>Joustava vy\u00f6t\u00e4r\u00f6<\/li>\n<li>Keskipituus<\/li>\n<li>RMS- ja GRS-sertifioitu lanka<\/li>\n<li>Valmistettu Euroopassa<\/li>\n<li>Materiaali: 36 % kid mohair (RMS), 36 % alpakka, 25 % kierr\u00e4tetty polyamidi, 3 % elastaani<br \/>\nHoito-ohje: k\u00e4sinpesu, ei rumpukuivausta<\/li>\n<\/ul>\n","protected":false},"excerpt":{"rendered":"<p>Mohairlangasta neulottu hame<\/p>\n","protected":false},"featured_media":86122,"template":"","meta":{"_acf_changed":false},"pwb-brand":[836],"product_brand":[],"product_cat":[877,639,827,601],"product_tag":[],"woo-feed-brand":[],"class_list":{"0":"post-86138","1":"product","2":"type-product","3":"status-publish","4":"has-post-thumbnail","6":"pwb-brand-holebrook-fi","7":"product_cat-edullinen-hinta-naiset","8":"product_cat-hameet","9":"product_cat-naiset","10":"product_cat-neuleet","12":"first","13":"instock","14":"sale","15":"taxable","16":"shipping-taxable","17":"purchasable","18":"product-type-variable","19":"wvs-archive-product-wrapper"},"acf":[],"brands":[{"id":836,"name":"Holebrook","slug":"holebrook-fi"}],"_links":{"self":[{"href":"https:\/\/nautical.store\/fi\/wp-json\/wp\/v2\/product\/86138","targetHints":{"allow":["GET"]}}],"collection":[{"href":"https:\/\/nautical.store\/fi\/wp-json\/wp\/v2\/product"}],"about":[{"href":"https:\/\/nautical.store\/fi\/wp-json\/wp\/v2\/types\/product"}],"wp:featuredmedia":[{"embeddable":true,"href":"https:\/\/nautical.store\/fi\/wp-json\/wp\/v2\/media\/86122"}],"wp:attachment":[{"href":"https:\/\/nautical.store\/fi\/wp-json\/wp\/v2\/media?parent=86138"}],"wp:term":[{"taxonomy":"pwb-brand","embeddable":true,"href":"https:\/\/nautical.store\/fi\/wp-json\/wp\/v2\/pwb-brand?post=86138"},{"taxonomy":"product_brand","embeddable":true,"href":"https:\/\/nautical.store\/fi\/wp-json\/wp\/v2\/product_brand?post=86138"},{"taxonomy":"product_cat","embeddable":true,"href":"https:\/\/nautical.store\/fi\/wp-json\/wp\/v2\/product_cat?post=86138"},{"taxonomy":"product_tag","embeddable":true,"href":"https:\/\/nautical.store\/fi\/wp-json\/wp\/v2\/product_tag?post=86138"},{"taxonomy":"woo-feed-brand","embeddable":true,"href":"https:\/\/nautical.store\/fi\/wp-json\/wp\/v2\/woo-feed-brand?post=86138"}],"curies":[{"name":"wp","href":"https:\/\/api.w.org\/{rel}","templated":true}]}}