{"id":86310,"date":"2025-10-14T21:56:59","date_gmt":"2025-10-14T18:56:59","guid":{"rendered":"https:\/\/nautical.store\/toode\/esqualo-naisten-keinoturkistakki\/"},"modified":"2026-02-23T20:45:47","modified_gmt":"2026-02-23T18:45:47","slug":"esqualo-naisten-keinoturkistakki","status":"publish","type":"product","link":"https:\/\/nautical.store\/fi\/tuote\/esqualo-naisten-keinoturkistakki\/","title":{"rendered":"Esqualo Naisten Keinoturkistakki"},"content":{"rendered":"<p>Pehme\u00e4 ja kevyt naisten takki, jossa on kaksirivinen napitus. Takki on saatavilla kahdessa v\u00e4riss\u00e4 ja tuo tyylikk\u00e4\u00e4n lis\u00e4n syysgarderobiisi.<br \/>\n\u2022 Huivikaulus<br \/>\n\u2022 V\u00e4lj\u00e4 mitoitus<br \/>\n\u2022 P\u00e4\u00e4llikangas: 100 % polyesteri<br \/>\n\u2022 Vuori: 100 % polyesteri<\/p>\n","protected":false},"excerpt":{"rendered":"<p>LIS\u00c4ALENNUS! VIIMEISET VARASTOSSA<\/p>\n","protected":false},"featured_media":86302,"template":"","meta":{"_acf_changed":false},"pwb-brand":[1640],"product_brand":[],"product_cat":[877,827,617],"product_tag":[],"woo-feed-brand":[],"class_list":{"0":"post-86310","1":"product","2":"type-product","3":"status-publish","4":"has-post-thumbnail","6":"pwb-brand-esqualo-fi","7":"product_cat-edullinen-hinta-naiset","8":"product_cat-naiset","9":"product_cat-paallysvaatteet","11":"first","12":"instock","13":"sale","14":"taxable","15":"shipping-taxable","16":"purchasable","17":"product-type-variable","18":"wvs-archive-product-wrapper"},"acf":[],"brands":[{"id":1640,"name":"EsQualo","slug":"esqualo-fi"}],"_links":{"self":[{"href":"https:\/\/nautical.store\/fi\/wp-json\/wp\/v2\/product\/86310","targetHints":{"allow":["GET"]}}],"collection":[{"href":"https:\/\/nautical.store\/fi\/wp-json\/wp\/v2\/product"}],"about":[{"href":"https:\/\/nautical.store\/fi\/wp-json\/wp\/v2\/types\/product"}],"wp:featuredmedia":[{"embeddable":true,"href":"https:\/\/nautical.store\/fi\/wp-json\/wp\/v2\/media\/86302"}],"wp:attachment":[{"href":"https:\/\/nautical.store\/fi\/wp-json\/wp\/v2\/media?parent=86310"}],"wp:term":[{"taxonomy":"pwb-brand","embeddable":true,"href":"https:\/\/nautical.store\/fi\/wp-json\/wp\/v2\/pwb-brand?post=86310"},{"taxonomy":"product_brand","embeddable":true,"href":"https:\/\/nautical.store\/fi\/wp-json\/wp\/v2\/product_brand?post=86310"},{"taxonomy":"product_cat","embeddable":true,"href":"https:\/\/nautical.store\/fi\/wp-json\/wp\/v2\/product_cat?post=86310"},{"taxonomy":"product_tag","embeddable":true,"href":"https:\/\/nautical.store\/fi\/wp-json\/wp\/v2\/product_tag?post=86310"},{"taxonomy":"woo-feed-brand","embeddable":true,"href":"https:\/\/nautical.store\/fi\/wp-json\/wp\/v2\/woo-feed-brand?post=86310"}],"curies":[{"name":"wp","href":"https:\/\/api.w.org\/{rel}","templated":true}]}}