{"id":86404,"date":"2025-10-14T22:51:57","date_gmt":"2025-10-14T19:51:57","guid":{"rendered":"https:\/\/nautical.store\/toode\/esqualo-keinoturkisliivi\/"},"modified":"2026-02-25T15:44:06","modified_gmt":"2026-02-25T13:44:06","slug":"esqualo-keinoturkisliivi","status":"publish","type":"product","link":"https:\/\/nautical.store\/fi\/tuote\/esqualo-keinoturkisliivi\/","title":{"rendered":"Esqualo Keinoturkisliivi"},"content":{"rendered":"<p>Pehme\u00e4 ja l\u00e4mmin liivi neppareilla \u2013 tyylik\u00e4s tapa pysy\u00e4 l\u00e4mpim\u00e4n\u00e4!<br \/>\nOversize-mitoitus \u2013 suosittelemme valitsemaan yht\u00e4 kokoa pienemm\u00e4n, jos pid\u00e4t vartalonmy\u00f6t\u00e4isemm\u00e4st\u00e4 istuvuudesta.<br \/>\nSelk\u00e4puolen laskokset korostavat liivin py\u00f6re\u00e4\u00e4 ja naisellista siluettia.<\/p>\n<ul>\n<li>Malli on 173 cm pitk\u00e4 ja k\u00e4ytt\u00e4\u00e4 kokoa S.<\/li>\n<li>P\u00e4\u00e4llikangas: 100 % polyesteri<\/li>\n<li>Vuori: 100 % polyesteri<\/li>\n<li>Mitoitus: oversize<\/li>\n<\/ul>\n","protected":false},"excerpt":{"rendered":"<p>LIS\u00c4ALE! VIIMEISET TUOTTEET VARASTOSSA<\/p>\n","protected":false},"featured_media":86397,"template":"","meta":{"_acf_changed":false},"pwb-brand":[1640],"product_brand":[],"product_cat":[877,827,617],"product_tag":[],"woo-feed-brand":[],"class_list":{"0":"post-86404","1":"product","2":"type-product","3":"status-publish","4":"has-post-thumbnail","6":"pwb-brand-esqualo-fi","7":"product_cat-edullinen-hinta-naiset","8":"product_cat-naiset","9":"product_cat-paallysvaatteet","11":"first","12":"instock","13":"sale","14":"taxable","15":"shipping-taxable","16":"purchasable","17":"product-type-variable","18":"wvs-archive-product-wrapper"},"acf":[],"brands":[{"id":1640,"name":"EsQualo","slug":"esqualo-fi"}],"_links":{"self":[{"href":"https:\/\/nautical.store\/fi\/wp-json\/wp\/v2\/product\/86404","targetHints":{"allow":["GET"]}}],"collection":[{"href":"https:\/\/nautical.store\/fi\/wp-json\/wp\/v2\/product"}],"about":[{"href":"https:\/\/nautical.store\/fi\/wp-json\/wp\/v2\/types\/product"}],"wp:featuredmedia":[{"embeddable":true,"href":"https:\/\/nautical.store\/fi\/wp-json\/wp\/v2\/media\/86397"}],"wp:attachment":[{"href":"https:\/\/nautical.store\/fi\/wp-json\/wp\/v2\/media?parent=86404"}],"wp:term":[{"taxonomy":"pwb-brand","embeddable":true,"href":"https:\/\/nautical.store\/fi\/wp-json\/wp\/v2\/pwb-brand?post=86404"},{"taxonomy":"product_brand","embeddable":true,"href":"https:\/\/nautical.store\/fi\/wp-json\/wp\/v2\/product_brand?post=86404"},{"taxonomy":"product_cat","embeddable":true,"href":"https:\/\/nautical.store\/fi\/wp-json\/wp\/v2\/product_cat?post=86404"},{"taxonomy":"product_tag","embeddable":true,"href":"https:\/\/nautical.store\/fi\/wp-json\/wp\/v2\/product_tag?post=86404"},{"taxonomy":"woo-feed-brand","embeddable":true,"href":"https:\/\/nautical.store\/fi\/wp-json\/wp\/v2\/woo-feed-brand?post=86404"}],"curies":[{"name":"wp","href":"https:\/\/api.w.org\/{rel}","templated":true}]}}