{"id":86541,"date":"2025-10-19T23:02:02","date_gmt":"2025-10-19T20:02:02","guid":{"rendered":"https:\/\/nautical.store\/toode\/pellep-navigo-neulepaita\/"},"modified":"2025-10-20T11:42:19","modified_gmt":"2025-10-20T08:42:19","slug":"pellep-navigo-neulepaita","status":"publish","type":"product","link":"https:\/\/nautical.store\/fi\/tuote\/pellep-navigo-neulepaita\/","title":{"rendered":"PelleP Navigo-neulepaita"},"content":{"rendered":"<p>Navigo-neulepaita on valmistettu pehme\u00e4st\u00e4, harjatusta ja painavasta yksikerroksisesta trikookankaasta. Huolellisesti viimeistellyt yksityiskohdat, kuten joustava p\u00e4\u00e4ntie, vetoketjullinen rintatasku, sivuhalkiot ja koristeelliset tikkaukset, tuovat lis\u00e4\u00e4 k\u00e4ytt\u00f6mukavuutta ja ilmett\u00e4. Mukava neule sopii erinomaisesti jokap\u00e4iv\u00e4iseen k\u00e4ytt\u00f6\u00f6n.<\/p>\n<ul>\n<li>Materiaali: 100 % puuvillaa<\/li>\n<li>Normaali mitoitus<\/li>\n<li>Pehme\u00e4 harjattu painava yksikerroksinen trikoo<\/li>\n<li>Kaksinkertainen joustava p\u00e4\u00e4ntie<\/li>\n<li>Vetoketjullinen rintatasku vasemmalla<\/li>\n<li>Takana yksityiskohta P-kirjontaa<br \/>\nPelle P -logomerkki vasemmassa hihassa<br \/>\nSivuhalkiot<br \/>\nKontrastiv\u00e4riset vahvistustikkaukset<br \/>\nKoristeellinen nauhaviimeistely p\u00e4\u00e4ntiess\u00e4 ja sivuissa<br \/>\nMalli (185 cm) k\u00e4ytt\u00e4\u00e4 kokoa M<\/li>\n<\/ul>\n","protected":false},"excerpt":{"rendered":"<p>Mukava ja pehme neulepaita<\/p>\n","protected":false},"featured_media":86517,"template":"","meta":{"_acf_changed":false},"pwb-brand":[838],"product_brand":[],"product_cat":[777,633],"product_tag":[],"woo-feed-brand":[],"class_list":{"0":"post-86541","1":"product","2":"type-product","3":"status-publish","4":"has-post-thumbnail","6":"pwb-brand-pelle-petterson-fi","7":"product_cat-miehet","8":"product_cat-paidat-fi","10":"first","11":"instock","12":"taxable","13":"shipping-taxable","14":"purchasable","15":"product-type-variable","16":"wvs-archive-product-wrapper"},"acf":[],"brands":[{"id":838,"name":"Pelle Petterson","slug":"pelle-petterson-fi"}],"_links":{"self":[{"href":"https:\/\/nautical.store\/fi\/wp-json\/wp\/v2\/product\/86541","targetHints":{"allow":["GET"]}}],"collection":[{"href":"https:\/\/nautical.store\/fi\/wp-json\/wp\/v2\/product"}],"about":[{"href":"https:\/\/nautical.store\/fi\/wp-json\/wp\/v2\/types\/product"}],"wp:featuredmedia":[{"embeddable":true,"href":"https:\/\/nautical.store\/fi\/wp-json\/wp\/v2\/media\/86517"}],"wp:attachment":[{"href":"https:\/\/nautical.store\/fi\/wp-json\/wp\/v2\/media?parent=86541"}],"wp:term":[{"taxonomy":"pwb-brand","embeddable":true,"href":"https:\/\/nautical.store\/fi\/wp-json\/wp\/v2\/pwb-brand?post=86541"},{"taxonomy":"product_brand","embeddable":true,"href":"https:\/\/nautical.store\/fi\/wp-json\/wp\/v2\/product_brand?post=86541"},{"taxonomy":"product_cat","embeddable":true,"href":"https:\/\/nautical.store\/fi\/wp-json\/wp\/v2\/product_cat?post=86541"},{"taxonomy":"product_tag","embeddable":true,"href":"https:\/\/nautical.store\/fi\/wp-json\/wp\/v2\/product_tag?post=86541"},{"taxonomy":"woo-feed-brand","embeddable":true,"href":"https:\/\/nautical.store\/fi\/wp-json\/wp\/v2\/woo-feed-brand?post=86541"}],"curies":[{"name":"wp","href":"https:\/\/api.w.org\/{rel}","templated":true}]}}