{"id":86625,"date":"2025-10-20T11:47:02","date_gmt":"2025-10-20T08:47:02","guid":{"rendered":"https:\/\/nautical.store\/toode\/pellep-vauvan-makuupussi-commodus\/"},"modified":"2025-10-20T21:22:01","modified_gmt":"2025-10-20T18:22:01","slug":"pellep-vauvan-makuupussi-commodus","status":"publish","type":"product","link":"https:\/\/nautical.store\/fi\/tuote\/pellep-vauvan-makuupussi-commodus\/","title":{"rendered":"PelleP Vauvan makuupussi Commodus"},"content":{"rendered":"<p><!--StartFragment --><\/p>\n<p>Vauvan makuupussi on valmistettu joustavasta, veden- ja tuulenpit\u00e4v\u00e4st\u00e4 kankaasta, joka tarjoaa suojaa ja mukavuutta kaikissa olosuhteissa. Pehmuste on valmistettu kierr\u00e4tetyst\u00e4 polyesterist\u00e4, joka on per\u00e4isin PET-pulloista. K\u00e4yt\u00e4nn\u00f6lliset yksityiskohdat, kuten irrotettava huppu ja turvavy\u00f6n l\u00e4pivientiaukot, tekev\u00e4t siit\u00e4 erinomaisen valinnan rattaisiin tai turvaistuimeen.<\/p>\n<p>Materiaali: 100 % polyesteri<br \/>\nTuotteen ominaisuudet:<\/p>\n<ul>\n<li>Joustava, veden- ja tuulenpit\u00e4v\u00e4 kangas<\/li>\n<li>Pelle P -merkki edess\u00e4<\/li>\n<li>Pehmuste kierr\u00e4tetyst\u00e4 PET-pulloista valmistetulla polyesterill\u00e4<\/li>\n<li>Irrotettava huppu<\/li>\n<li>Hihan alaosassa lis\u00e4materiaali, joka voidaan taittaa k\u00e4den peitoksi kuin lapaseksi<\/li>\n<li>Etutasku neppareilla<\/li>\n<li>Pienet aukot olkap\u00e4ill\u00e4 ja alaosassa turvavy\u00f6n kiinnitt\u00e4mist\u00e4 varten<\/li>\n<li>Kaksi vetoketjua edess\u00e4 helppoon avaamiseen<\/li>\n<li>Pelle P -logo sel\u00e4n keskell\u00e4<\/li>\n<\/ul>\n<p><!--EndFragment --><\/p>\n","protected":false},"excerpt":{"rendered":"<p>S\u00e4\u00e4nkest\u00e4v\u00e4 makuupussi vauvalle<\/p>\n","protected":false},"featured_media":86621,"template":"","meta":{"_acf_changed":false},"pwb-brand":[838],"product_brand":[],"product_cat":[826],"product_tag":[],"woo-feed-brand":[],"class_list":{"0":"post-86625","1":"product","2":"type-product","3":"status-publish","4":"has-post-thumbnail","6":"pwb-brand-pelle-petterson-fi","7":"product_cat-lapset","9":"first","10":"instock","11":"taxable","12":"shipping-taxable","13":"purchasable","14":"product-type-variable","15":"wvs-archive-product-wrapper"},"acf":[],"brands":[{"id":838,"name":"Pelle Petterson","slug":"pelle-petterson-fi"}],"_links":{"self":[{"href":"https:\/\/nautical.store\/fi\/wp-json\/wp\/v2\/product\/86625","targetHints":{"allow":["GET"]}}],"collection":[{"href":"https:\/\/nautical.store\/fi\/wp-json\/wp\/v2\/product"}],"about":[{"href":"https:\/\/nautical.store\/fi\/wp-json\/wp\/v2\/types\/product"}],"wp:featuredmedia":[{"embeddable":true,"href":"https:\/\/nautical.store\/fi\/wp-json\/wp\/v2\/media\/86621"}],"wp:attachment":[{"href":"https:\/\/nautical.store\/fi\/wp-json\/wp\/v2\/media?parent=86625"}],"wp:term":[{"taxonomy":"pwb-brand","embeddable":true,"href":"https:\/\/nautical.store\/fi\/wp-json\/wp\/v2\/pwb-brand?post=86625"},{"taxonomy":"product_brand","embeddable":true,"href":"https:\/\/nautical.store\/fi\/wp-json\/wp\/v2\/product_brand?post=86625"},{"taxonomy":"product_cat","embeddable":true,"href":"https:\/\/nautical.store\/fi\/wp-json\/wp\/v2\/product_cat?post=86625"},{"taxonomy":"product_tag","embeddable":true,"href":"https:\/\/nautical.store\/fi\/wp-json\/wp\/v2\/product_tag?post=86625"},{"taxonomy":"woo-feed-brand","embeddable":true,"href":"https:\/\/nautical.store\/fi\/wp-json\/wp\/v2\/woo-feed-brand?post=86625"}],"curies":[{"name":"wp","href":"https:\/\/api.w.org\/{rel}","templated":true}]}}