{"id":86670,"date":"2025-10-20T21:45:11","date_gmt":"2025-10-20T18:45:11","guid":{"rendered":"https:\/\/nautical.store\/toode\/pellep-miesten-housut-brenton-chinos\/"},"modified":"2025-10-21T22:25:59","modified_gmt":"2025-10-21T19:25:59","slug":"pellep-miesten-housut-brenton-chinos","status":"publish","type":"product","link":"https:\/\/nautical.store\/fi\/tuote\/pellep-miesten-housut-brenton-chinos\/","title":{"rendered":"PelleP Miesten Housut Brenton Chinos"},"content":{"rendered":"<p><!--StartFragment --><\/p>\n<p>Brenton chino -housut on tehty laadukkaasta, hieman joustavasta puuvillaisesta tvillikankaasta, joka tuntuu mukavalta p\u00e4\u00e4ll\u00e4. Klassinen malli ja harkitut yksityiskohdat tekev\u00e4t n\u00e4ist\u00e4 housuista nappivalinnan arkeen ja siistimp\u00e4\u00e4n menoon.<\/p>\n<p>Materiaali: 97 % puuvillaa, 3 % elastaania<br \/>\nTuotteen ominaisuudet:<\/p>\n<ul>\n<li>Laadukas puuvillainen tvillikangas<\/li>\n<li>Joustava materiaali takaa hyv\u00e4n istuvuuden<\/li>\n<li>Kaksi etutaskua<\/li>\n<li>Kaksi takataskua kanttauksella<\/li>\n<li>Vetoketjukiinnitys edess\u00e4<\/li>\n<li>Pelle P -nappi<\/li>\n<li>Pelle P -kumimerkki oikean takataskun yl\u00e4puolella<\/li>\n<li>Lahkeen sis\u00e4pituus koossa 32&#8243;: 82 cm<\/li>\n<li>S\u00e4\u00e4dett\u00e4v\u00e4 vy\u00f6t\u00e4r\u00f6 parempaa istuvuutta varten<\/li>\n<li>Mallilla kuvassa p\u00e4\u00e4ll\u00e4 Tiller-neulepaita<\/li>\n<\/ul>\n<p><!--EndFragment --><\/p>\n","protected":false},"excerpt":{"rendered":"<p>Mukavat housut arkeen<\/p>\n","protected":false},"featured_media":86654,"template":"","meta":{"_acf_changed":false},"pwb-brand":[838],"product_brand":[],"product_cat":[876,610,777],"product_tag":[],"woo-feed-brand":[],"class_list":{"0":"post-86670","1":"product","2":"type-product","3":"status-publish","4":"has-post-thumbnail","6":"pwb-brand-pelle-petterson-fi","7":"product_cat-edullinen-hinta-miehet-fi","8":"product_cat-housut","9":"product_cat-miehet","11":"first","12":"instock","13":"sale","14":"taxable","15":"shipping-taxable","16":"purchasable","17":"product-type-variable","18":"wvs-archive-product-wrapper"},"acf":[],"brands":[{"id":838,"name":"Pelle Petterson","slug":"pelle-petterson-fi"}],"_links":{"self":[{"href":"https:\/\/nautical.store\/fi\/wp-json\/wp\/v2\/product\/86670","targetHints":{"allow":["GET"]}}],"collection":[{"href":"https:\/\/nautical.store\/fi\/wp-json\/wp\/v2\/product"}],"about":[{"href":"https:\/\/nautical.store\/fi\/wp-json\/wp\/v2\/types\/product"}],"wp:featuredmedia":[{"embeddable":true,"href":"https:\/\/nautical.store\/fi\/wp-json\/wp\/v2\/media\/86654"}],"wp:attachment":[{"href":"https:\/\/nautical.store\/fi\/wp-json\/wp\/v2\/media?parent=86670"}],"wp:term":[{"taxonomy":"pwb-brand","embeddable":true,"href":"https:\/\/nautical.store\/fi\/wp-json\/wp\/v2\/pwb-brand?post=86670"},{"taxonomy":"product_brand","embeddable":true,"href":"https:\/\/nautical.store\/fi\/wp-json\/wp\/v2\/product_brand?post=86670"},{"taxonomy":"product_cat","embeddable":true,"href":"https:\/\/nautical.store\/fi\/wp-json\/wp\/v2\/product_cat?post=86670"},{"taxonomy":"product_tag","embeddable":true,"href":"https:\/\/nautical.store\/fi\/wp-json\/wp\/v2\/product_tag?post=86670"},{"taxonomy":"woo-feed-brand","embeddable":true,"href":"https:\/\/nautical.store\/fi\/wp-json\/wp\/v2\/woo-feed-brand?post=86670"}],"curies":[{"name":"wp","href":"https:\/\/api.w.org\/{rel}","templated":true}]}}