{"id":86748,"date":"2025-10-21T22:41:28","date_gmt":"2025-10-21T19:41:28","guid":{"rendered":"https:\/\/nautical.store\/toode\/pellep-commodus-lammin-toppatakki\/"},"modified":"2025-10-21T22:41:28","modified_gmt":"2025-10-21T19:41:28","slug":"pellep-commodus-lammin-toppatakki","status":"publish","type":"product","link":"https:\/\/nautical.store\/fi\/tuote\/pellep-commodus-lammin-toppatakki\/","title":{"rendered":"PelleP Commodus &#8211; l\u00e4mmin toppatakki"},"content":{"rendered":"<p><!--StartFragment --><\/p>\n<p>L\u00e4mmin ja mukava talvitakki, joka on valmistettu tuulenpit\u00e4v\u00e4st\u00e4 ja vett\u00e4hylkiv\u00e4st\u00e4 joustavasta materiaalista. Takki on vuorattu nailontaftilla ja t\u00e4ytetty kierr\u00e4tetyll\u00e4 polyesterill\u00e4. Sopii erinomaisesti arkeen kylmin\u00e4 ja tuulisina p\u00e4ivin\u00e4. S\u00e4\u00e4dett\u00e4v\u00e4 huppu ja k\u00e4yt\u00e4nn\u00f6lliset taskut tuovat lis\u00e4mukavuutta. PFC-vapaa DWR-k\u00e4sittely tekee pinnasta ymp\u00e4rist\u00f6yst\u00e4v\u00e4llisen.<\/p>\n<ul>\n<li>Normaali istuvuus<\/li>\n<li>Tuulen- ja vedenpit\u00e4v\u00e4 joustava kangas<\/li>\n<li>Vuori: 100 % nailontafti (polyamidi)<\/li>\n<li>T\u00e4yte: 100 % kierr\u00e4tetty polyesteri<\/li>\n<li>P\u00e4\u00e4llikangas: 100 % polyesteri<\/li>\n<li>PFC-vapaa DWR-k\u00e4sittely<\/li>\n<li>YKK k\u00e4\u00e4nteinen spiraalivetoketju edess\u00e4<\/li>\n<li>Kaksi sivutaskua pehme\u00e4ll\u00e4 fleecevuorilla ja piilovetoketjuilla<\/li>\n<li>Yksi sis\u00e4tasku<\/li>\n<li>S\u00e4\u00e4dett\u00e4v\u00e4 huppu piilonarulla, tarralla ja neppareilla<\/li>\n<li>Nepparit hupun reunassa \u2013 mahdollisuus pident\u00e4\u00e4 lippaa<\/li>\n<li>Piilotettu joustava reunus hihansuissa<\/li>\n<li>Metallinen P-logo-merkki vasemmassa hihassa<\/li>\n<li>Heijastava P-logo hupussa<\/li>\n<li>Heijastava Pelle P -logo vasemmalla rinnassa<\/li>\n<li>Tekninen sis\u00e4printti<\/li>\n<\/ul>\n<p><!--EndFragment --><\/p>\n","protected":false},"excerpt":{"rendered":"<p>Tuulen- ja vedenpit\u00e4v\u00e4 talvitakki<\/p>\n","protected":false},"featured_media":86737,"template":"","meta":{"_acf_changed":false},"pwb-brand":[838],"product_brand":[],"product_cat":[777,702,682],"product_tag":[],"woo-feed-brand":[],"class_list":{"0":"post-86748","1":"product","2":"type-product","3":"status-publish","4":"has-post-thumbnail","6":"pwb-brand-pelle-petterson-fi","7":"product_cat-miehet","8":"product_cat-paallysvaatteet-miehet","9":"product_cat-tekniset-vaatteet","11":"first","12":"instock","13":"taxable","14":"shipping-taxable","15":"purchasable","16":"product-type-variable","17":"wvs-archive-product-wrapper"},"acf":[],"brands":[{"id":838,"name":"Pelle Petterson","slug":"pelle-petterson-fi"}],"_links":{"self":[{"href":"https:\/\/nautical.store\/fi\/wp-json\/wp\/v2\/product\/86748","targetHints":{"allow":["GET"]}}],"collection":[{"href":"https:\/\/nautical.store\/fi\/wp-json\/wp\/v2\/product"}],"about":[{"href":"https:\/\/nautical.store\/fi\/wp-json\/wp\/v2\/types\/product"}],"wp:featuredmedia":[{"embeddable":true,"href":"https:\/\/nautical.store\/fi\/wp-json\/wp\/v2\/media\/86737"}],"wp:attachment":[{"href":"https:\/\/nautical.store\/fi\/wp-json\/wp\/v2\/media?parent=86748"}],"wp:term":[{"taxonomy":"pwb-brand","embeddable":true,"href":"https:\/\/nautical.store\/fi\/wp-json\/wp\/v2\/pwb-brand?post=86748"},{"taxonomy":"product_brand","embeddable":true,"href":"https:\/\/nautical.store\/fi\/wp-json\/wp\/v2\/product_brand?post=86748"},{"taxonomy":"product_cat","embeddable":true,"href":"https:\/\/nautical.store\/fi\/wp-json\/wp\/v2\/product_cat?post=86748"},{"taxonomy":"product_tag","embeddable":true,"href":"https:\/\/nautical.store\/fi\/wp-json\/wp\/v2\/product_tag?post=86748"},{"taxonomy":"woo-feed-brand","embeddable":true,"href":"https:\/\/nautical.store\/fi\/wp-json\/wp\/v2\/woo-feed-brand?post=86748"}],"curies":[{"name":"wp","href":"https:\/\/api.w.org\/{rel}","templated":true}]}}