{"id":86779,"date":"2025-10-21T22:44:16","date_gmt":"2025-10-21T19:44:16","guid":{"rendered":"https:\/\/nautical.store\/toode\/pellep-molle-miesten-talvitakki\/"},"modified":"2025-11-13T23:41:36","modified_gmt":"2025-11-13T21:41:36","slug":"pellep-molle-miesten-talvitakki","status":"publish","type":"product","link":"https:\/\/nautical.store\/fi\/tuote\/pellep-molle-miesten-talvitakki\/","title":{"rendered":"PelleP Molle &#8211; miesten talvitakki"},"content":{"rendered":"<p><!--StartFragment --><\/p>\n<p>Miesten Molle-takki on valmistettu kierr\u00e4tetyst\u00e4 polyesterist\u00e4 ja t\u00e4ytetty pallokuitut\u00e4ytteell\u00e4, joka koostuu 30 % Sorona\u00ae-materiaalista ja 70 % PET-pulloista kierr\u00e4tetyst\u00e4 polyesterist\u00e4. P\u00e4\u00e4llikangas on vett\u00e4hylkiv\u00e4 ja k\u00e4sitelty PFC-vapaalla DWR-pinnoitteella.<\/p>\n<p>Takissa on edess\u00e4 mattamusta YKK VISLON\u00ae Soft Touch -kaksisuuntainen vetoketju, kaksi etutaskua n\u00e4kym\u00e4tt\u00f6mill\u00e4 magneettinapeilla ja kaksi sivutaskua fleecevuorilla. Sis\u00e4puolella on kaksi verkkotaskua ja yksi vetoketjullinen rintatasku. Helmassa on s\u00e4\u00e4dett\u00e4v\u00e4t kiristysny\u00f6rit, ja hihansuissa joustavat sis\u00e4mansetit.<\/p>\n<p>Takissa on irrotettava huppu, heijastavat P-logot hupussa, sel\u00e4ss\u00e4 ja kauluksessa sek\u00e4 kuminen metallinen P-logo-hihamerkki. Leikkaus on v\u00e4lj\u00e4 ja mukava.<\/p>\n<ul>\n<li>P\u00e4\u00e4llikangas: 100 % kierr\u00e4tetty polyesteri<\/li>\n<li>T\u00e4yte: pallokuitu \u2013 30 % Sorona\u00ae, 70 % kierr\u00e4tetty polyesteri PET-pulloista<\/li>\n<li>Vett\u00e4hylkiv\u00e4 kangas<\/li>\n<li>PFC-vapaa DWR-k\u00e4sittely<\/li>\n<li>YKK VISLON\u00ae Soft Touch -kaksisuuntainen vetoketju (mattamusta, edess\u00e4 keskell\u00e4)<\/li>\n<li>Kaksi etutaskua n\u00e4kym\u00e4tt\u00f6mill\u00e4 magneettinapeilla<\/li>\n<li>Kaksi sivutaskua fleecevuorilla<\/li>\n<li>Kaksi sis\u00e4verkkotaskua<\/li>\n<li>Sis\u00e4inen vetoketjullinen rintatasku<\/li>\n<li>S\u00e4\u00e4dett\u00e4v\u00e4 kiristysny\u00f6ri vy\u00f6t\u00e4r\u00f6ll\u00e4 ja helmassa<\/li>\n<li>Etulista n\u00e4kym\u00e4tt\u00f6mill\u00e4 magneettinapeilla<\/li>\n<li>Joustavat sis\u00e4mansetit hihansuissa<\/li>\n<li>Pelle P -logolla varustettu vetoketjun vedin edess\u00e4<\/li>\n<li>Hupussa P-logolla varustettu ny\u00f6ri<\/li>\n<li>Ripustuslenkki sel\u00e4n keskell\u00e4<\/li>\n<li>Irrotettava huppu<\/li>\n<li>Heijastavat P-logot hupussa, sel\u00e4ss\u00e4 ja kauluksessa<\/li>\n<li>True experience -sis\u00e4printti<\/li>\n<li>Kuminen metallinen P-logo-hihamerkki<\/li>\n<li>V\u00e4lj\u00e4 mitoitus<\/li>\n<\/ul>\n<p><!--EndFragment --><\/p>\n","protected":false},"excerpt":{"rendered":"<p>Miesten l\u00e4mmin ja muhkea talvitakki<\/p>\n","protected":false},"featured_media":86775,"template":"","meta":{"_acf_changed":false},"pwb-brand":[838],"product_brand":[],"product_cat":[777,702,682],"product_tag":[],"woo-feed-brand":[],"class_list":{"0":"post-86779","1":"product","2":"type-product","3":"status-publish","4":"has-post-thumbnail","6":"pwb-brand-pelle-petterson-fi","7":"product_cat-miehet","8":"product_cat-paallysvaatteet-miehet","9":"product_cat-tekniset-vaatteet","11":"first","12":"instock","13":"taxable","14":"shipping-taxable","15":"purchasable","16":"product-type-variable","17":"wvs-archive-product-wrapper"},"acf":[],"brands":[{"id":838,"name":"Pelle Petterson","slug":"pelle-petterson-fi"}],"_links":{"self":[{"href":"https:\/\/nautical.store\/fi\/wp-json\/wp\/v2\/product\/86779","targetHints":{"allow":["GET"]}}],"collection":[{"href":"https:\/\/nautical.store\/fi\/wp-json\/wp\/v2\/product"}],"about":[{"href":"https:\/\/nautical.store\/fi\/wp-json\/wp\/v2\/types\/product"}],"wp:featuredmedia":[{"embeddable":true,"href":"https:\/\/nautical.store\/fi\/wp-json\/wp\/v2\/media\/86775"}],"wp:attachment":[{"href":"https:\/\/nautical.store\/fi\/wp-json\/wp\/v2\/media?parent=86779"}],"wp:term":[{"taxonomy":"pwb-brand","embeddable":true,"href":"https:\/\/nautical.store\/fi\/wp-json\/wp\/v2\/pwb-brand?post=86779"},{"taxonomy":"product_brand","embeddable":true,"href":"https:\/\/nautical.store\/fi\/wp-json\/wp\/v2\/product_brand?post=86779"},{"taxonomy":"product_cat","embeddable":true,"href":"https:\/\/nautical.store\/fi\/wp-json\/wp\/v2\/product_cat?post=86779"},{"taxonomy":"product_tag","embeddable":true,"href":"https:\/\/nautical.store\/fi\/wp-json\/wp\/v2\/product_tag?post=86779"},{"taxonomy":"woo-feed-brand","embeddable":true,"href":"https:\/\/nautical.store\/fi\/wp-json\/wp\/v2\/woo-feed-brand?post=86779"}],"curies":[{"name":"wp","href":"https:\/\/api.w.org\/{rel}","templated":true}]}}