{"id":86849,"date":"2025-10-22T12:31:26","date_gmt":"2025-10-22T09:31:26","guid":{"rendered":"https:\/\/nautical.store\/toode\/pellep-gelu-naisten-kevyttoppatakki\/"},"modified":"2026-03-29T12:50:23","modified_gmt":"2026-03-29T09:50:23","slug":"pellep-gelu-naisten-kevyttoppatakki","status":"publish","type":"product","link":"https:\/\/nautical.store\/fi\/tuote\/pellep-gelu-naisten-kevyttoppatakki\/","title":{"rendered":"PelleP Gelu \u2013 naisten kevyttoppatakki"},"content":{"rendered":"<p><!--StartFragment --><\/p>\n<p>L\u00e4mmin, tuulen- ja vedenpit\u00e4v\u00e4 Gelu-takki on valmistettu kest\u00e4v\u00e4st\u00e4 ripstop-kankaasta ja eristetty kierr\u00e4tetyll\u00e4 polyesterit\u00e4ytteell\u00e4. Takin yksityiskohdat, kuten liimattu etulista ja taskul\u00e4p\u00e4t magneettinapeilla, pehmustettu kaulus ja s\u00e4\u00e4dett\u00e4v\u00e4t hihansuut, lis\u00e4\u00e4v\u00e4t k\u00e4ytt\u00f6mukavuutta ja toiminnallisuutta. P\u00e4\u00e4llikangas on k\u00e4sitelty ymp\u00e4rist\u00f6yst\u00e4v\u00e4llisell\u00e4 PFC-vapaalla DWR-pinnoitteella.<\/p>\n<p>Yhdist\u00e4 Gelu-s\u00e4\u00e4nkest\u00e4v\u00e4 hame takkiin ja saat k\u00e4yt\u00e4nn\u00f6llisen kokonaisuuden jokap\u00e4iv\u00e4iseen liikkumiseen.<\/p>\n<ul>\n<li>P\u00e4\u00e4llikangas: 100 % polyesteri<\/li>\n<li>Normaali istuvuus<\/li>\n<li>Hi:RES 15K2L \u2013 tuulen- ja vedenpit\u00e4v\u00e4 kangas joustavalla kalvolla<\/li>\n<li>Ripstop-rakenteinen p\u00e4\u00e4kangas<\/li>\n<li>Kierr\u00e4tetty polyesterit\u00e4yte<\/li>\n<li>Joustava vuorikangas<\/li>\n<li>PFC-vapaa DWR-k\u00e4sittely<\/li>\n<li>Liimattu etulista ja taskul\u00e4p\u00e4t<\/li>\n<li>Magneettinapit etulistassa<\/li>\n<li>S\u00e4\u00e4dett\u00e4v\u00e4 vy\u00f6t\u00e4r\u00f6nauha<\/li>\n<li>Pehmustettu kaulus<\/li>\n<li>Kohokuvioitu P-logo hihassa<\/li>\n<li>S\u00e4\u00e4dett\u00e4v\u00e4t hihansuut<\/li>\n<li>Tekninen sis\u00e4printti<\/li>\n<li>Malli (170 cm) k\u00e4ytt\u00e4\u00e4 kokoa S<\/li>\n<\/ul>\n<p><!--EndFragment --><\/p>\n","protected":false},"excerpt":{"rendered":"<p>Naisten toppatakki<\/p>\n","protected":false},"featured_media":93278,"template":"","meta":{"_acf_changed":false},"pwb-brand":[838],"product_brand":[],"product_cat":[827,617,726],"product_tag":[],"woo-feed-brand":[],"class_list":{"0":"post-86849","1":"product","2":"type-product","3":"status-publish","4":"has-post-thumbnail","6":"pwb-brand-pelle-petterson-fi","7":"product_cat-naiset","8":"product_cat-paallysvaatteet","9":"product_cat-tekniset-vaatteet-naiset","11":"first","12":"instock","13":"taxable","14":"shipping-taxable","15":"purchasable","16":"product-type-variable","17":"wvs-archive-product-wrapper"},"acf":[],"brands":[{"id":838,"name":"Pelle Petterson","slug":"pelle-petterson-fi"}],"_links":{"self":[{"href":"https:\/\/nautical.store\/fi\/wp-json\/wp\/v2\/product\/86849","targetHints":{"allow":["GET"]}}],"collection":[{"href":"https:\/\/nautical.store\/fi\/wp-json\/wp\/v2\/product"}],"about":[{"href":"https:\/\/nautical.store\/fi\/wp-json\/wp\/v2\/types\/product"}],"wp:featuredmedia":[{"embeddable":true,"href":"https:\/\/nautical.store\/fi\/wp-json\/wp\/v2\/media\/93278"}],"wp:attachment":[{"href":"https:\/\/nautical.store\/fi\/wp-json\/wp\/v2\/media?parent=86849"}],"wp:term":[{"taxonomy":"pwb-brand","embeddable":true,"href":"https:\/\/nautical.store\/fi\/wp-json\/wp\/v2\/pwb-brand?post=86849"},{"taxonomy":"product_brand","embeddable":true,"href":"https:\/\/nautical.store\/fi\/wp-json\/wp\/v2\/product_brand?post=86849"},{"taxonomy":"product_cat","embeddable":true,"href":"https:\/\/nautical.store\/fi\/wp-json\/wp\/v2\/product_cat?post=86849"},{"taxonomy":"product_tag","embeddable":true,"href":"https:\/\/nautical.store\/fi\/wp-json\/wp\/v2\/product_tag?post=86849"},{"taxonomy":"woo-feed-brand","embeddable":true,"href":"https:\/\/nautical.store\/fi\/wp-json\/wp\/v2\/woo-feed-brand?post=86849"}],"curies":[{"name":"wp","href":"https:\/\/api.w.org\/{rel}","templated":true}]}}