{"id":86895,"date":"2025-10-22T12:34:55","date_gmt":"2025-10-22T09:34:55","guid":{"rendered":"https:\/\/nautical.store\/toode\/pellep-gelu-naisten-tekninen-ulkoiluhame\/"},"modified":"2026-04-02T19:16:09","modified_gmt":"2026-04-02T16:16:09","slug":"pellep-gelu-naisten-tekninen-ulkoiluhame","status":"publish","type":"product","link":"https:\/\/nautical.store\/fi\/tuote\/pellep-gelu-naisten-tekninen-ulkoiluhame\/","title":{"rendered":"PelleP Gelu \u2013 naisten tekninen ulkoiluhame"},"content":{"rendered":"<p><!--StartFragment --><\/p>\n<p>L\u00e4mmin, tuulen- ja vedenpit\u00e4v\u00e4 Gelu-eristetty hame on valmistettu kest\u00e4v\u00e4st\u00e4 ripstop-kankaasta ja eristetty kierr\u00e4tetyll\u00e4 polyesterit\u00e4ytteell\u00e4. Hameessa on s\u00e4\u00e4dett\u00e4v\u00e4 vy\u00f6t\u00e4r\u00f6 sek\u00e4 takana lenkki logollisella nepparilla, jonka avulla hameen voi kiinnitt\u00e4\u00e4 saman sarjan takkiin.<\/p>\n<ul>\n<li>P\u00e4\u00e4llikangas: 100 % polyesteri<\/li>\n<li>Normaali istuvuus<\/li>\n<li>Hi:RES 15K2L \u2013 tuulen- ja vedenpit\u00e4v\u00e4 kangas joustavalla kalvolla<\/li>\n<li>Ripstop-rakenteinen p\u00e4\u00e4kangas<\/li>\n<li>Kierr\u00e4tetty polyesterit\u00e4yte<\/li>\n<li>Joustava vuorikangas<\/li>\n<li>PFC-vapaa DWR-k\u00e4sittely<\/li>\n<li>Kohokuvioitu P-logo sivussa<\/li>\n<li>Tekninen sis\u00e4printti<\/li>\n<li>S\u00e4\u00e4dett\u00e4v\u00e4 vy\u00f6t\u00e4r\u00f6 nauhalla ja nepparilla<\/li>\n<li>Takana keskell\u00e4 lenkki logollisella nepparilla \u2013 mahdollistaa hameen kiinnitt\u00e4misen takkiin<\/li>\n<li>Pituus koossa S\/M: 57 cm<\/li>\n<li>Pituus koossa L\/XL: 58 cm<\/li>\n<\/ul>\n<p><!--EndFragment --><\/p>\n","protected":false},"excerpt":{"rendered":"<p>Naisten s\u00e4\u00e4nkest\u00e4v\u00e4 hame<\/p>\n","protected":false},"featured_media":86881,"template":"","meta":{"_acf_changed":false},"pwb-brand":[838],"product_brand":[],"product_cat":[639,827,617,726],"product_tag":[],"woo-feed-brand":[],"class_list":{"0":"post-86895","1":"product","2":"type-product","3":"status-publish","4":"has-post-thumbnail","6":"pwb-brand-pelle-petterson-fi","7":"product_cat-hameet","8":"product_cat-naiset","9":"product_cat-paallysvaatteet","10":"product_cat-tekniset-vaatteet-naiset","12":"first","13":"instock","14":"taxable","15":"shipping-taxable","16":"purchasable","17":"product-type-variable","18":"wvs-archive-product-wrapper"},"acf":[],"brands":[{"id":838,"name":"Pelle Petterson","slug":"pelle-petterson-fi"}],"_links":{"self":[{"href":"https:\/\/nautical.store\/fi\/wp-json\/wp\/v2\/product\/86895","targetHints":{"allow":["GET"]}}],"collection":[{"href":"https:\/\/nautical.store\/fi\/wp-json\/wp\/v2\/product"}],"about":[{"href":"https:\/\/nautical.store\/fi\/wp-json\/wp\/v2\/types\/product"}],"wp:featuredmedia":[{"embeddable":true,"href":"https:\/\/nautical.store\/fi\/wp-json\/wp\/v2\/media\/86881"}],"wp:attachment":[{"href":"https:\/\/nautical.store\/fi\/wp-json\/wp\/v2\/media?parent=86895"}],"wp:term":[{"taxonomy":"pwb-brand","embeddable":true,"href":"https:\/\/nautical.store\/fi\/wp-json\/wp\/v2\/pwb-brand?post=86895"},{"taxonomy":"product_brand","embeddable":true,"href":"https:\/\/nautical.store\/fi\/wp-json\/wp\/v2\/product_brand?post=86895"},{"taxonomy":"product_cat","embeddable":true,"href":"https:\/\/nautical.store\/fi\/wp-json\/wp\/v2\/product_cat?post=86895"},{"taxonomy":"product_tag","embeddable":true,"href":"https:\/\/nautical.store\/fi\/wp-json\/wp\/v2\/product_tag?post=86895"},{"taxonomy":"woo-feed-brand","embeddable":true,"href":"https:\/\/nautical.store\/fi\/wp-json\/wp\/v2\/woo-feed-brand?post=86895"}],"curies":[{"name":"wp","href":"https:\/\/api.w.org\/{rel}","templated":true}]}}