{"id":86923,"date":"2025-10-22T12:40:28","date_gmt":"2025-10-22T09:40:28","guid":{"rendered":"https:\/\/nautical.store\/toode\/pellep-alpage-miesten-oversize-fliisipaita\/"},"modified":"2026-03-31T08:24:29","modified_gmt":"2026-03-31T05:24:29","slug":"pellep-alpage-miesten-oversize-fliisipaita","status":"publish","type":"product","link":"https:\/\/nautical.store\/fi\/tuote\/pellep-alpage-miesten-oversize-fliisipaita\/","title":{"rendered":"PelleP Alpage \u2013 miesten oversize-fliisipaita"},"content":{"rendered":"<p><!--StartFragment --><\/p>\n<p>Monik\u00e4ytt\u00f6inen vaate, jota voi k\u00e4ytt\u00e4\u00e4 sek\u00e4 paitana ett\u00e4 takkina. Alpage-fleecipaita on valmistettu pehme\u00e4st\u00e4 kierr\u00e4tetyst\u00e4 polyesterifleece-materiaalista. Siin\u00e4 on kaulus, edess\u00e4 nappilista, hihansuut ja rintataskut kumip\u00e4\u00e4llysteisill\u00e4 neppareilla. Pudotetut hartiat ja v\u00e4lj\u00e4 mitoitus tekev\u00e4t k\u00e4yt\u00f6st\u00e4 mukavan ja rennon.<\/p>\n<ul>\n<li>Materiaali: 100 % kierr\u00e4tetty polyesteri<\/li>\n<li>V\u00e4lj\u00e4 mitoitus<\/li>\n<li>Pudotetut hartiat<\/li>\n<li>Pehme\u00e4 kierr\u00e4tetty fleece<\/li>\n<li>Edess\u00e4 ja hihansuissa kumip\u00e4\u00e4llysteiset nepparit<\/li>\n<li>Rintataskut neppareilla<\/li>\n<li>Litte\u00e4t saumat<\/li>\n<li>P-kirjontamerkill\u00e4 niskan takana<\/li>\n<li>P-logo-merkki vasemmassa hihassa<\/li>\n<li>Kontrastiv\u00e4riset vahvistustikkaukset<\/li>\n<li>Malli (185 cm) k\u00e4ytt\u00e4\u00e4 kokoa M<\/li>\n<\/ul>\n<p><!--EndFragment --><\/p>\n","protected":false},"excerpt":{"rendered":"<p><!--StartFragment --><\/p>\n<p>Miesten fliisipaita<\/p>\n<p>&nbsp;<\/p>\n<p><!--EndFragment --><\/p>\n","protected":false},"featured_media":86901,"template":"","meta":{"_acf_changed":false},"pwb-brand":[838],"product_brand":[],"product_cat":[716,777,633],"product_tag":[],"woo-feed-brand":[],"class_list":{"0":"post-86923","1":"product","2":"type-product","3":"status-publish","4":"has-post-thumbnail","6":"pwb-brand-pelle-petterson-fi","7":"product_cat-hupparit-ja-fleecet-miehet","8":"product_cat-miehet","9":"product_cat-paidat-fi","11":"first","12":"instock","13":"taxable","14":"shipping-taxable","15":"purchasable","16":"product-type-variable","17":"wvs-archive-product-wrapper"},"acf":[],"brands":[{"id":838,"name":"Pelle Petterson","slug":"pelle-petterson-fi"}],"_links":{"self":[{"href":"https:\/\/nautical.store\/fi\/wp-json\/wp\/v2\/product\/86923","targetHints":{"allow":["GET"]}}],"collection":[{"href":"https:\/\/nautical.store\/fi\/wp-json\/wp\/v2\/product"}],"about":[{"href":"https:\/\/nautical.store\/fi\/wp-json\/wp\/v2\/types\/product"}],"wp:featuredmedia":[{"embeddable":true,"href":"https:\/\/nautical.store\/fi\/wp-json\/wp\/v2\/media\/86901"}],"wp:attachment":[{"href":"https:\/\/nautical.store\/fi\/wp-json\/wp\/v2\/media?parent=86923"}],"wp:term":[{"taxonomy":"pwb-brand","embeddable":true,"href":"https:\/\/nautical.store\/fi\/wp-json\/wp\/v2\/pwb-brand?post=86923"},{"taxonomy":"product_brand","embeddable":true,"href":"https:\/\/nautical.store\/fi\/wp-json\/wp\/v2\/product_brand?post=86923"},{"taxonomy":"product_cat","embeddable":true,"href":"https:\/\/nautical.store\/fi\/wp-json\/wp\/v2\/product_cat?post=86923"},{"taxonomy":"product_tag","embeddable":true,"href":"https:\/\/nautical.store\/fi\/wp-json\/wp\/v2\/product_tag?post=86923"},{"taxonomy":"woo-feed-brand","embeddable":true,"href":"https:\/\/nautical.store\/fi\/wp-json\/wp\/v2\/woo-feed-brand?post=86923"}],"curies":[{"name":"wp","href":"https:\/\/api.w.org\/{rel}","templated":true}]}}