{"id":87040,"date":"2025-10-22T16:17:19","date_gmt":"2025-10-22T13:17:19","guid":{"rendered":"https:\/\/nautical.store\/toode\/pellep-propulsion-naisten-treenipaita\/"},"modified":"2025-10-22T16:17:19","modified_gmt":"2025-10-22T13:17:19","slug":"pellep-propulsion-naisten-treenipaita","status":"publish","type":"product","link":"https:\/\/nautical.store\/fi\/tuote\/pellep-propulsion-naisten-treenipaita\/","title":{"rendered":"PelleP Propulsion \u2013 naisten treenipaita"},"content":{"rendered":"<p><!--StartFragment --><\/p>\n<p>P\u00e4ivitimme suosikkisi \u2013 toiminnallisen treenipaidan \u2013 raikkaalla uudistuksella, jotta voit liikkua ja suoriutua parhaalla mahdollisella tavalla kaikissa tilanteissa. T\u00e4m\u00e4 V-kaula-aukkoinen tekninen T-paita on valmistettu kevyest\u00e4 ja joustavasta materiaalista, joka mukautuu liikkeisiisi vaivattomasti. Kosteutta siirt\u00e4v\u00e4 kangas pit\u00e4\u00e4 olon viile\u00e4n\u00e4 ja kuivana, eik\u00e4 tartu ihoon aktiivisessa menossa l\u00e4mpimiss\u00e4 olosuhteissa. UV50+ suoja huolehtii hyvinvoinnistasi my\u00f6s auringon alla. Klassista muotoilua t\u00e4ydent\u00e4v\u00e4t Pelle P:n tunnusomaiset yksityiskohdat: logopainatus sel\u00e4n keskell\u00e4 ja olkap\u00e4\u00e4ll\u00e4 sek\u00e4 tyylik\u00e4s True Experience -painatus sivusaumassa.<\/p>\n<ul>\n<li>Materiaali: 80 % polyamidia, 20 % elastaania<\/li>\n<li>Tekninen V-kaula-aukkoinen T-paita<\/li>\n<li>Viilent\u00e4v\u00e4 ja miellytt\u00e4v\u00e4 k\u00e4ytt\u00e4\u00e4<\/li>\n<li>Kosteutta siirt\u00e4v\u00e4 kangas<\/li>\n<li>Kevyt ja joustava materiaali<\/li>\n<li>UV50+ aurinkosuoja<\/li>\n<li>Halkiot sivusaumassa ja hihansuissa<\/li>\n<li>Kontrastiv\u00e4riset vahvistustikkaukset<\/li>\n<li>Kohopainettu Pelle P -logo olkap\u00e4\u00e4ll\u00e4<\/li>\n<li>Kohopainettu P-logo sel\u00e4n keskell\u00e4<\/li>\n<li>True Experience -painatus alasel\u00e4ss\u00e4<\/li>\n<\/ul>\n<p><!--EndFragment --><\/p>\n","protected":false},"excerpt":{"rendered":"<p>Mukava treenipaita naisille<\/p>\n","protected":false},"featured_media":87033,"template":"","meta":{"_acf_changed":false},"pwb-brand":[838],"product_brand":[],"product_cat":[827,1260,1262,590,726],"product_tag":[],"woo-feed-brand":[],"class_list":{"0":"post-87040","1":"product","2":"type-product","3":"status-publish","4":"has-post-thumbnail","6":"pwb-brand-pelle-petterson-fi","7":"product_cat-naiset","8":"product_cat-naisten-golfvaatteet","9":"product_cat-naisten-purjehdusvaatteet","10":"product_cat-paidat","11":"product_cat-tekniset-vaatteet-naiset","13":"first","14":"instock","15":"taxable","16":"shipping-taxable","17":"purchasable","18":"product-type-variable","19":"wvs-archive-product-wrapper"},"acf":[],"brands":[{"id":838,"name":"Pelle Petterson","slug":"pelle-petterson-fi"}],"_links":{"self":[{"href":"https:\/\/nautical.store\/fi\/wp-json\/wp\/v2\/product\/87040","targetHints":{"allow":["GET"]}}],"collection":[{"href":"https:\/\/nautical.store\/fi\/wp-json\/wp\/v2\/product"}],"about":[{"href":"https:\/\/nautical.store\/fi\/wp-json\/wp\/v2\/types\/product"}],"wp:featuredmedia":[{"embeddable":true,"href":"https:\/\/nautical.store\/fi\/wp-json\/wp\/v2\/media\/87033"}],"wp:attachment":[{"href":"https:\/\/nautical.store\/fi\/wp-json\/wp\/v2\/media?parent=87040"}],"wp:term":[{"taxonomy":"pwb-brand","embeddable":true,"href":"https:\/\/nautical.store\/fi\/wp-json\/wp\/v2\/pwb-brand?post=87040"},{"taxonomy":"product_brand","embeddable":true,"href":"https:\/\/nautical.store\/fi\/wp-json\/wp\/v2\/product_brand?post=87040"},{"taxonomy":"product_cat","embeddable":true,"href":"https:\/\/nautical.store\/fi\/wp-json\/wp\/v2\/product_cat?post=87040"},{"taxonomy":"product_tag","embeddable":true,"href":"https:\/\/nautical.store\/fi\/wp-json\/wp\/v2\/product_tag?post=87040"},{"taxonomy":"woo-feed-brand","embeddable":true,"href":"https:\/\/nautical.store\/fi\/wp-json\/wp\/v2\/woo-feed-brand?post=87040"}],"curies":[{"name":"wp","href":"https:\/\/api.w.org\/{rel}","templated":true}]}}