{"id":87268,"date":"2025-10-23T14:42:20","date_gmt":"2025-10-23T11:42:20","guid":{"rendered":"https:\/\/nautical.store\/toode\/pelle-p-vela-fd-kevyt-kangaslaukku\/"},"modified":"2025-10-23T14:42:20","modified_gmt":"2025-10-23T11:42:20","slug":"pelle-p-vela-fd-kevyt-kangaslaukku","status":"publish","type":"product","link":"https:\/\/nautical.store\/fi\/tuote\/pelle-p-vela-fd-kevyt-kangaslaukku\/","title":{"rendered":"Pelle P Vela FD kevyt kangaslaukku"},"content":{"rendered":"<p><!--StartFragment --><\/p>\n<p>Kevyt, kest\u00e4v\u00e4 ja nopeasti kuivuva Rip Stop -materiaalista valmistettu laukku,\u00a0jossa on pitk\u00e4 vetoketju, koristeelliset ny\u00f6rit ja s\u00e4\u00e4dett\u00e4v\u00e4t metallisoljilla varustetut olkahihnat. Etupuolella brodeerattu Pelle P -logo.<\/p>\n<p>Materiaali<strong>:<\/strong> 100 % polyamidia<\/p>\n<ul>\n<li>Nopea kuivuva Rip Stop -p\u00e4\u00e4kangas<\/li>\n<li>K\u00e4\u00e4nnetty spiraalivetoketju koristeellisella vetonarulla<\/li>\n<li>S\u00e4\u00e4dett\u00e4v\u00e4t olkahihnat metallisoljilla<\/li>\n<li>Brodeerattu Pelle P -logo etupuolella<\/li>\n<li>PFC-vapaa vett\u00e4hylkiv\u00e4 DWR-k\u00e4sittely<\/li>\n<li>Antistaattinen ja suolavett\u00e4 kest\u00e4v\u00e4 viimeistely<\/li>\n<li>Ihanteellinen matkak\u00e4ytt\u00f6\u00f6n: tilava, kevyt ja vett\u00e4hylkiv\u00e4 materiaali<\/li>\n<\/ul>\n<p><!--EndFragment --><\/p>\n","protected":false},"excerpt":{"rendered":"<p>Kevyt ja kokoon taittuva kangaslaukku<\/p>\n","protected":false},"featured_media":87245,"template":"","meta":{"_acf_changed":false},"pwb-brand":[838],"product_brand":[],"product_cat":[628,629,777,827],"product_tag":[],"woo-feed-brand":[],"class_list":{"0":"post-87268","1":"product","2":"type-product","3":"status-publish","4":"has-post-thumbnail","6":"pwb-brand-pelle-petterson-fi","7":"product_cat-asusteet","8":"product_cat-asusteet-naiset","9":"product_cat-miehet","10":"product_cat-naiset","12":"first","13":"instock","14":"taxable","15":"shipping-taxable","16":"purchasable","17":"product-type-variable","18":"wvs-archive-product-wrapper"},"acf":[],"brands":[{"id":838,"name":"Pelle Petterson","slug":"pelle-petterson-fi"}],"_links":{"self":[{"href":"https:\/\/nautical.store\/fi\/wp-json\/wp\/v2\/product\/87268","targetHints":{"allow":["GET"]}}],"collection":[{"href":"https:\/\/nautical.store\/fi\/wp-json\/wp\/v2\/product"}],"about":[{"href":"https:\/\/nautical.store\/fi\/wp-json\/wp\/v2\/types\/product"}],"wp:featuredmedia":[{"embeddable":true,"href":"https:\/\/nautical.store\/fi\/wp-json\/wp\/v2\/media\/87245"}],"wp:attachment":[{"href":"https:\/\/nautical.store\/fi\/wp-json\/wp\/v2\/media?parent=87268"}],"wp:term":[{"taxonomy":"pwb-brand","embeddable":true,"href":"https:\/\/nautical.store\/fi\/wp-json\/wp\/v2\/pwb-brand?post=87268"},{"taxonomy":"product_brand","embeddable":true,"href":"https:\/\/nautical.store\/fi\/wp-json\/wp\/v2\/product_brand?post=87268"},{"taxonomy":"product_cat","embeddable":true,"href":"https:\/\/nautical.store\/fi\/wp-json\/wp\/v2\/product_cat?post=87268"},{"taxonomy":"product_tag","embeddable":true,"href":"https:\/\/nautical.store\/fi\/wp-json\/wp\/v2\/product_tag?post=87268"},{"taxonomy":"woo-feed-brand","embeddable":true,"href":"https:\/\/nautical.store\/fi\/wp-json\/wp\/v2\/woo-feed-brand?post=87268"}],"curies":[{"name":"wp","href":"https:\/\/api.w.org\/{rel}","templated":true}]}}