{"id":87278,"date":"2025-10-23T14:18:05","date_gmt":"2025-10-23T11:18:05","guid":{"rendered":"https:\/\/nautical.store\/toode\/pelle-p-commodus-urheilulaukku\/"},"modified":"2026-03-31T08:30:26","modified_gmt":"2026-03-31T05:30:26","slug":"pelle-p-commodus-urheilulaukku","status":"publish","type":"product","link":"https:\/\/nautical.store\/fi\/tuote\/pelle-p-commodus-urheilulaukku\/","title":{"rendered":"Pelle P Commodus Urheilulaukku"},"content":{"rendered":"<p><!--StartFragment --><\/p>\n<p>Tilava laukku, joka on valmistettu tuulta ja vett\u00e4 hylkiv\u00e4st\u00e4 kankaasta. Kevyesti pehmustetut kantokahvat takaavat miellytt\u00e4v\u00e4n k\u00e4ytt\u00f6mukavuuden. Jos etsit kest\u00e4v\u00e4\u00e4, toiminnallista ja tyylik\u00e4st\u00e4 laukkua, joka sopii niin t\u00f6ihin, treeneihin kuin vapaa-aikaan, t\u00e4m\u00e4 on juuri oikea valinta.<\/p>\n<p>Materiaali: 100 % polyesteri\u00e4<\/p>\n<ul>\n<li>Tuulta ja vett\u00e4 hylkiv\u00e4 kangas<\/li>\n<li>Pitk\u00e4 vetoketju helppoon avaamiseen<\/li>\n<li>Pelle P -merkki<\/li>\n<li>Kevyesti pehmustetut kantokahvat<\/li>\n<li>Sis\u00e4tasku vetoketjulla<\/li>\n<li>Sis\u00e4puolella verkkotasku joustavalla nauhalla<\/li>\n<li>Pehmuste kierr\u00e4tetyst\u00e4 PET-pulloista valmistetusta polyesterist\u00e4<\/li>\n<li>Mitat: 36 \u00d7 50 \u00d7 19 cm<\/li>\n<\/ul>\n<p><!--EndFragment --><\/p>\n","protected":false},"excerpt":{"rendered":"<p>Tilava ja kevyt teknisest\u00e4 kankaasta valmistettu laukku<\/p>\n","protected":false},"featured_media":70885,"template":"","meta":{"_acf_changed":false},"pwb-brand":[838],"product_brand":[],"product_cat":[628,629,777,827],"product_tag":[],"woo-feed-brand":[],"class_list":{"0":"post-87278","1":"product","2":"type-product","3":"status-publish","4":"has-post-thumbnail","6":"pwb-brand-pelle-petterson-fi","7":"product_cat-asusteet","8":"product_cat-asusteet-naiset","9":"product_cat-miehet","10":"product_cat-naiset","12":"first","13":"instock","14":"taxable","15":"shipping-taxable","16":"purchasable","17":"product-type-variable","18":"wvs-archive-product-wrapper"},"acf":[],"brands":[{"id":838,"name":"Pelle Petterson","slug":"pelle-petterson-fi"}],"_links":{"self":[{"href":"https:\/\/nautical.store\/fi\/wp-json\/wp\/v2\/product\/87278","targetHints":{"allow":["GET"]}}],"collection":[{"href":"https:\/\/nautical.store\/fi\/wp-json\/wp\/v2\/product"}],"about":[{"href":"https:\/\/nautical.store\/fi\/wp-json\/wp\/v2\/types\/product"}],"wp:featuredmedia":[{"embeddable":true,"href":"https:\/\/nautical.store\/fi\/wp-json\/wp\/v2\/media\/70885"}],"wp:attachment":[{"href":"https:\/\/nautical.store\/fi\/wp-json\/wp\/v2\/media?parent=87278"}],"wp:term":[{"taxonomy":"pwb-brand","embeddable":true,"href":"https:\/\/nautical.store\/fi\/wp-json\/wp\/v2\/pwb-brand?post=87278"},{"taxonomy":"product_brand","embeddable":true,"href":"https:\/\/nautical.store\/fi\/wp-json\/wp\/v2\/product_brand?post=87278"},{"taxonomy":"product_cat","embeddable":true,"href":"https:\/\/nautical.store\/fi\/wp-json\/wp\/v2\/product_cat?post=87278"},{"taxonomy":"product_tag","embeddable":true,"href":"https:\/\/nautical.store\/fi\/wp-json\/wp\/v2\/product_tag?post=87278"},{"taxonomy":"woo-feed-brand","embeddable":true,"href":"https:\/\/nautical.store\/fi\/wp-json\/wp\/v2\/woo-feed-brand?post=87278"}],"curies":[{"name":"wp","href":"https:\/\/api.w.org\/{rel}","templated":true}]}}