{"id":87341,"date":"2025-10-23T14:53:14","date_gmt":"2025-10-23T11:53:14","guid":{"rendered":"https:\/\/nautical.store\/toode\/pellep-gelu-bucket-hattu\/"},"modified":"2025-10-31T08:40:08","modified_gmt":"2025-10-31T06:40:08","slug":"pellep-gelu-bucket-hattu","status":"publish","type":"product","link":"https:\/\/nautical.store\/fi\/tuote\/pellep-gelu-bucket-hattu\/","title":{"rendered":"PelleP Gelu bucket-hattu"},"content":{"rendered":"<p>Tuulen- ja vedenpit\u00e4v\u00e4 Gelu-l\u00e4mp\u00f6hattu on valmistettu kest\u00e4v\u00e4st\u00e4 ripstop-kankaasta ja siin\u00e4 on pehme\u00e4, kierr\u00e4tetyst\u00e4 polyesterist\u00e4 valmistettu fleecevuori. DWR-k\u00e4sittely on PFC-vapaa, mik\u00e4 tekee siit\u00e4 ymp\u00e4rist\u00f6yst\u00e4v\u00e4llisen valinnan.<\/p>\n<ul>\n<li>Materiaali: 100 % polyesteri<\/li>\n<li>Normaali istuvuus<\/li>\n<li>Hi:RES\u00ae 15K2L \u2013 tuulen- ja vedenpit\u00e4v\u00e4 kangas joustavalla kalvolla<\/li>\n<li>P\u00e4\u00e4materiaali: ripstop<\/li>\n<li>L\u00e4mp\u00f6eristeen\u00e4 kierr\u00e4tetty polyesterit\u00e4yte<\/li>\n<li>Sis\u00e4puolella fleecekangas<\/li>\n<li>PFC-vapaa DWR-k\u00e4sittely<\/li>\n<li>Koristeelliset saumat<\/li>\n<li>Koholla oleva P-logo edess\u00e4<\/li>\n<\/ul>\n","protected":false},"excerpt":{"rendered":"<p><!--StartFragment --><\/p>\n<p>Pehme, topattu ja sporttinen bucket-hattu<\/p>\n<p><!--EndFragment --><\/p>\n","protected":false},"featured_media":87329,"template":"","meta":{"_acf_changed":false},"pwb-brand":[838],"product_brand":[],"product_cat":[629,628,777,827],"product_tag":[],"woo-feed-brand":[],"class_list":{"0":"post-87341","1":"product","2":"type-product","3":"status-publish","4":"has-post-thumbnail","6":"pwb-brand-pelle-petterson-fi","7":"product_cat-asusteet-naiset","8":"product_cat-asusteet","9":"product_cat-miehet","10":"product_cat-naiset","12":"first","13":"instock","14":"taxable","15":"shipping-taxable","16":"purchasable","17":"product-type-variable","18":"wvs-archive-product-wrapper"},"acf":[],"brands":[{"id":838,"name":"Pelle Petterson","slug":"pelle-petterson-fi"}],"_links":{"self":[{"href":"https:\/\/nautical.store\/fi\/wp-json\/wp\/v2\/product\/87341","targetHints":{"allow":["GET"]}}],"collection":[{"href":"https:\/\/nautical.store\/fi\/wp-json\/wp\/v2\/product"}],"about":[{"href":"https:\/\/nautical.store\/fi\/wp-json\/wp\/v2\/types\/product"}],"wp:featuredmedia":[{"embeddable":true,"href":"https:\/\/nautical.store\/fi\/wp-json\/wp\/v2\/media\/87329"}],"wp:attachment":[{"href":"https:\/\/nautical.store\/fi\/wp-json\/wp\/v2\/media?parent=87341"}],"wp:term":[{"taxonomy":"pwb-brand","embeddable":true,"href":"https:\/\/nautical.store\/fi\/wp-json\/wp\/v2\/pwb-brand?post=87341"},{"taxonomy":"product_brand","embeddable":true,"href":"https:\/\/nautical.store\/fi\/wp-json\/wp\/v2\/product_brand?post=87341"},{"taxonomy":"product_cat","embeddable":true,"href":"https:\/\/nautical.store\/fi\/wp-json\/wp\/v2\/product_cat?post=87341"},{"taxonomy":"product_tag","embeddable":true,"href":"https:\/\/nautical.store\/fi\/wp-json\/wp\/v2\/product_tag?post=87341"},{"taxonomy":"woo-feed-brand","embeddable":true,"href":"https:\/\/nautical.store\/fi\/wp-json\/wp\/v2\/woo-feed-brand?post=87341"}],"curies":[{"name":"wp","href":"https:\/\/api.w.org\/{rel}","templated":true}]}}