{"id":87852,"date":"2025-10-29T23:13:57","date_gmt":"2025-10-29T21:13:57","guid":{"rendered":"https:\/\/nautical.store\/toode\/henri-lloyd-dri-fast-polo\/"},"modified":"2026-03-26T21:28:33","modified_gmt":"2026-03-26T19:28:33","slug":"henri-lloyd-dri-fast-polo","status":"publish","type":"product","link":"https:\/\/nautical.store\/fi\/tuote\/henri-lloyd-dri-fast-polo\/","title":{"rendered":"Henri Lloyd Dri-Fast Polo"},"content":{"rendered":"<p><!--StartFragment --><\/p>\n<p>Kevyt ja tekninen Dri-Fast pikeepaita yhdist\u00e4\u00e4 tyylikk\u00e4\u00e4n ilmeen ja toiminnallisuuden. Nopeasti kuivuva materiaali, UV 50 -suoja ja Polygiene-teknologia pit\u00e4v\u00e4t olon raikkaana koko p\u00e4iv\u00e4n \u2013 niin maissa kuin merell\u00e4.<\/p>\n<p>Sopii erinomaisesti aurinkoisiin p\u00e4iviin rannalla tai veneess\u00e4, joko yksin\u00e4\u00e4n tai kerrospukeutumisen osana. Joustava kangas takaa liikkumavapauden, eik\u00e4 paita kaipaa silityst\u00e4.<\/p>\n<ul>\n<li>Polygiene-teknologia ehk\u00e4isee hajujen muodostumista<\/li>\n<li>Hengitt\u00e4v\u00e4, kosteutta siirt\u00e4v\u00e4 ja nopeasti kuivuva kangas<\/li>\n<li>UV 50 -suoja auringolta<\/li>\n<li>Ei rypisty \u2013 ei tarvitse silitt\u00e4\u00e4<\/li>\n<li>Joustava rakenne mukavaan liikkumiseen<\/li>\n<\/ul>\n<p>Materiaali: 100 % kierr\u00e4tetty\u00e4 polyesteripikeet\u00e4 (30\/1 lanka, yksikerroksinen)<\/p>\n<p><!--EndFragment --><\/p>\n","protected":false},"excerpt":{"rendered":"<p>Nopeasti kuivuva pikeepaita UV-suojalla<\/p>\n","protected":false},"featured_media":92728,"template":"","meta":{"_acf_changed":false},"pwb-brand":[2665],"product_brand":[],"product_cat":[777,1259,1261,633,1269,682],"product_tag":[],"woo-feed-brand":[],"class_list":{"0":"post-87852","1":"product","2":"type-product","3":"status-publish","4":"has-post-thumbnail","6":"pwb-brand-henri-lloyd-fi","7":"product_cat-miehet","8":"product_cat-miesten-golfvaatteet","9":"product_cat-miesten-purjehdusvaatteet","10":"product_cat-paidat-fi","11":"product_cat-purjehdus","12":"product_cat-tekniset-vaatteet","14":"first","15":"instock","16":"taxable","17":"shipping-taxable","18":"purchasable","19":"product-type-variable","20":"wvs-archive-product-wrapper"},"acf":[],"brands":[{"id":2665,"name":"Henri Lloyd","slug":"henri-lloyd-fi"}],"_links":{"self":[{"href":"https:\/\/nautical.store\/fi\/wp-json\/wp\/v2\/product\/87852","targetHints":{"allow":["GET"]}}],"collection":[{"href":"https:\/\/nautical.store\/fi\/wp-json\/wp\/v2\/product"}],"about":[{"href":"https:\/\/nautical.store\/fi\/wp-json\/wp\/v2\/types\/product"}],"wp:featuredmedia":[{"embeddable":true,"href":"https:\/\/nautical.store\/fi\/wp-json\/wp\/v2\/media\/92728"}],"wp:attachment":[{"href":"https:\/\/nautical.store\/fi\/wp-json\/wp\/v2\/media?parent=87852"}],"wp:term":[{"taxonomy":"pwb-brand","embeddable":true,"href":"https:\/\/nautical.store\/fi\/wp-json\/wp\/v2\/pwb-brand?post=87852"},{"taxonomy":"product_brand","embeddable":true,"href":"https:\/\/nautical.store\/fi\/wp-json\/wp\/v2\/product_brand?post=87852"},{"taxonomy":"product_cat","embeddable":true,"href":"https:\/\/nautical.store\/fi\/wp-json\/wp\/v2\/product_cat?post=87852"},{"taxonomy":"product_tag","embeddable":true,"href":"https:\/\/nautical.store\/fi\/wp-json\/wp\/v2\/product_tag?post=87852"},{"taxonomy":"woo-feed-brand","embeddable":true,"href":"https:\/\/nautical.store\/fi\/wp-json\/wp\/v2\/woo-feed-brand?post=87852"}],"curies":[{"name":"wp","href":"https:\/\/api.w.org\/{rel}","templated":true}]}}