{"id":87869,"date":"2025-10-30T08:50:38","date_gmt":"2025-10-30T06:50:38","guid":{"rendered":"https:\/\/nautical.store\/toode\/henri-lloyd-falmouth-polo\/"},"modified":"2025-10-30T08:50:38","modified_gmt":"2025-10-30T06:50:38","slug":"henri-lloyd-falmouth-polo","status":"publish","type":"product","link":"https:\/\/nautical.store\/fi\/tuote\/henri-lloyd-falmouth-polo\/","title":{"rendered":"Henri Lloyd Falmouth Polo"},"content":{"rendered":"<p><!--StartFragment --><\/p>\n<p>Klassinen pikeepaita, joka on valmistettu kest\u00e4v\u00e4st\u00e4 190 g\/m\u00b2 piqu\u00e9-kankaasta. Luomupuuvillainen materiaali tuntuu miellytt\u00e4v\u00e4lt\u00e4 iholla ja kest\u00e4\u00e4 k\u00e4ytt\u00f6\u00e4. Neulottu ribbikaulus ja hihansuut tuovat viimeistellyn ilmeen, ja istuvuus on mukavan napakka.<\/p>\n<p>Rinnassa brodeerattu Henri-Lloydin laakeriseppele ja kruunu, helmassa kudottu logomerkki.<\/p>\n<ul>\n<li>100 % luomupuuvillaa<\/li>\n<li>190 g\/m\u00b2 piqu\u00e9-kangas \u2013 kest\u00e4v\u00e4 ja mukava<\/li>\n<li>Neulottu ribbikaulus ja hihansuut<\/li>\n<li>Brodeerattu logo rinnassa<\/li>\n<li>Kudottu Henri-Lloyd -merkki helmassa<\/li>\n<\/ul>\n<p>Hoito-ohjeet<\/p>\n<ul>\n<li>Hienopesu 30 \u00b0C<\/li>\n<li>Pese samanv\u00e4risten kanssa<\/li>\n<li>Ei valkaisua<\/li>\n<li>Ei rumpukuivausta<\/li>\n<li>Ei kemiallista pesua<\/li>\n<li>Muotoile kosteana<\/li>\n<li>Silitys keskil\u00e4mm\u00f6ll\u00e4 tarvittaessa<\/li>\n<\/ul>\n<p><!--EndFragment --><\/p>\n","protected":false},"excerpt":{"rendered":"<p>Tyylik\u00e4s ja ajaton pikeepaita \u2013 100 % luomupuuvillaa<\/p>\n","protected":false},"featured_media":87528,"template":"","meta":{"_acf_changed":false},"pwb-brand":[2665],"product_brand":[],"product_cat":[777,1259,633],"product_tag":[],"woo-feed-brand":[],"class_list":{"0":"post-87869","1":"product","2":"type-product","3":"status-publish","4":"has-post-thumbnail","6":"pwb-brand-henri-lloyd-fi","7":"product_cat-miehet","8":"product_cat-miesten-golfvaatteet","9":"product_cat-paidat-fi","11":"first","12":"instock","13":"taxable","14":"shipping-taxable","15":"purchasable","16":"product-type-variable","17":"wvs-archive-product-wrapper"},"acf":[],"brands":[{"id":2665,"name":"Henri Lloyd","slug":"henri-lloyd-fi"}],"_links":{"self":[{"href":"https:\/\/nautical.store\/fi\/wp-json\/wp\/v2\/product\/87869","targetHints":{"allow":["GET"]}}],"collection":[{"href":"https:\/\/nautical.store\/fi\/wp-json\/wp\/v2\/product"}],"about":[{"href":"https:\/\/nautical.store\/fi\/wp-json\/wp\/v2\/types\/product"}],"wp:featuredmedia":[{"embeddable":true,"href":"https:\/\/nautical.store\/fi\/wp-json\/wp\/v2\/media\/87528"}],"wp:attachment":[{"href":"https:\/\/nautical.store\/fi\/wp-json\/wp\/v2\/media?parent=87869"}],"wp:term":[{"taxonomy":"pwb-brand","embeddable":true,"href":"https:\/\/nautical.store\/fi\/wp-json\/wp\/v2\/pwb-brand?post=87869"},{"taxonomy":"product_brand","embeddable":true,"href":"https:\/\/nautical.store\/fi\/wp-json\/wp\/v2\/product_brand?post=87869"},{"taxonomy":"product_cat","embeddable":true,"href":"https:\/\/nautical.store\/fi\/wp-json\/wp\/v2\/product_cat?post=87869"},{"taxonomy":"product_tag","embeddable":true,"href":"https:\/\/nautical.store\/fi\/wp-json\/wp\/v2\/product_tag?post=87869"},{"taxonomy":"woo-feed-brand","embeddable":true,"href":"https:\/\/nautical.store\/fi\/wp-json\/wp\/v2\/woo-feed-brand?post=87869"}],"curies":[{"name":"wp","href":"https:\/\/api.w.org\/{rel}","templated":true}]}}