{"id":87898,"date":"2025-10-30T08:59:38","date_gmt":"2025-10-30T06:59:38","guid":{"rendered":"https:\/\/nautical.store\/toode\/henri-lloyd-voyager-rugbypaita\/"},"modified":"2025-10-30T08:59:38","modified_gmt":"2025-10-30T06:59:38","slug":"henri-lloyd-voyager-rugbypaita","status":"publish","type":"product","link":"https:\/\/nautical.store\/fi\/tuote\/henri-lloyd-voyager-rugbypaita\/","title":{"rendered":"Henri Lloyd Voyager -rugbypaita"},"content":{"rendered":"<p><!--StartFragment --><\/p>\n<p>Tutustu Henri-Lloyd Voyager -ragbypaitaan \u2013 klassinen ja tyylik\u00e4s valinta, jossa yhdistyv\u00e4t merihenkinen design ja laadukkaat materiaalit. Rinnassa kontrastiraita, brodeerattu kruunu ja laakeriseppele sek\u00e4 piilotettu kolmen napin lista tuovat viimeistellyn ilmeen.<\/p>\n<p>Valmistettu raskaasta 100 % luomupuuvillasta, joka istuu hyvin ja tuntuu mukavalta p\u00e4\u00e4ll\u00e4. Ribbineulottu hihansuut ja puuvillainen twill-kaulus lis\u00e4\u00e4v\u00e4t kest\u00e4vyytt\u00e4 ja antavat perinteisen ilmeen.<\/p>\n<ul>\n<li>Raskas yksikerroksinen puuvillakangas<\/li>\n<li>Leikatut ja ommellut paneelit Henri-Lloydin brodeeratulla logolla<\/li>\n<li>Puuvillainen twill-kaulus<\/li>\n<li>Ribbineulottu hihansuut<\/li>\n<li>100 % luomupuuvillaa<\/li>\n<\/ul>\n<p><!--EndFragment --><\/p>\n","protected":false},"excerpt":{"rendered":"<p>Klassisen tyylinen paita luomupuuvillasta<\/p>\n","protected":false},"featured_media":87573,"template":"","meta":{"_acf_changed":false},"pwb-brand":[2665],"product_brand":[],"product_cat":[777,633],"product_tag":[],"woo-feed-brand":[],"class_list":{"0":"post-87898","1":"product","2":"type-product","3":"status-publish","4":"has-post-thumbnail","6":"pwb-brand-henri-lloyd-fi","7":"product_cat-miehet","8":"product_cat-paidat-fi","10":"first","11":"instock","12":"taxable","13":"shipping-taxable","14":"purchasable","15":"product-type-variable","16":"wvs-archive-product-wrapper"},"acf":[],"brands":[{"id":2665,"name":"Henri Lloyd","slug":"henri-lloyd-fi"}],"_links":{"self":[{"href":"https:\/\/nautical.store\/fi\/wp-json\/wp\/v2\/product\/87898","targetHints":{"allow":["GET"]}}],"collection":[{"href":"https:\/\/nautical.store\/fi\/wp-json\/wp\/v2\/product"}],"about":[{"href":"https:\/\/nautical.store\/fi\/wp-json\/wp\/v2\/types\/product"}],"wp:featuredmedia":[{"embeddable":true,"href":"https:\/\/nautical.store\/fi\/wp-json\/wp\/v2\/media\/87573"}],"wp:attachment":[{"href":"https:\/\/nautical.store\/fi\/wp-json\/wp\/v2\/media?parent=87898"}],"wp:term":[{"taxonomy":"pwb-brand","embeddable":true,"href":"https:\/\/nautical.store\/fi\/wp-json\/wp\/v2\/pwb-brand?post=87898"},{"taxonomy":"product_brand","embeddable":true,"href":"https:\/\/nautical.store\/fi\/wp-json\/wp\/v2\/product_brand?post=87898"},{"taxonomy":"product_cat","embeddable":true,"href":"https:\/\/nautical.store\/fi\/wp-json\/wp\/v2\/product_cat?post=87898"},{"taxonomy":"product_tag","embeddable":true,"href":"https:\/\/nautical.store\/fi\/wp-json\/wp\/v2\/product_tag?post=87898"},{"taxonomy":"woo-feed-brand","embeddable":true,"href":"https:\/\/nautical.store\/fi\/wp-json\/wp\/v2\/woo-feed-brand?post=87898"}],"curies":[{"name":"wp","href":"https:\/\/api.w.org\/{rel}","templated":true}]}}