{"id":87917,"date":"2025-10-30T09:03:37","date_gmt":"2025-10-30T07:03:37","guid":{"rendered":"https:\/\/nautical.store\/toode\/henri-lloyd-dartmouth-t-paita\/"},"modified":"2025-10-30T09:03:37","modified_gmt":"2025-10-30T07:03:37","slug":"henri-lloyd-dartmouth-t-paita","status":"publish","type":"product","link":"https:\/\/nautical.store\/fi\/tuote\/henri-lloyd-dartmouth-t-paita\/","title":{"rendered":"Henri Lloyd Dartmouth -T-paita"},"content":{"rendered":"<p><!--StartFragment --><\/p>\n<p>Henri-Lloyd Dartmouth on laadukas versio klassisesta lyhythihaisesta T-paidasta. Premium-piqu\u00e9-kangas takaa hyv\u00e4n hengitt\u00e4vyyden, miellytt\u00e4v\u00e4n tekstuurin ja kest\u00e4vyyden. 100 % luomupuuvilla tuntuu pehme\u00e4lt\u00e4 ja luonnolliselta, mutta pit\u00e4\u00e4 samalla hyvin muotonsa.<\/p>\n<p>Ribbikaulus ja hihansuut antavat viimeistellyn ilmeen ja tekev\u00e4t paidasta monik\u00e4ytt\u00f6isen arjen suosikin. Henri-Lloydin tunnusomaiset yksityiskohdat \u2013 brodeerattu Crown &amp; Laurel -logo rinnassa ja kierr\u00e4tyskankaasta valmistettu merkki sivusaumassa \u2013 tuovat tyyliin persoonallisuutta ja br\u00e4ndin eleganssia.<\/p>\n<p>\ud83d\udd39 Materiaali ja yksityiskohdat<\/p>\n<ul>\n<li>190 g piqu\u00e9-kangas \u2013 hengitt\u00e4v\u00e4 ja kest\u00e4v\u00e4<\/li>\n<li>Ribbikaulus ja hihansuut \u2013 pit\u00e4v\u00e4t muotonsa<\/li>\n<li>Brodeerattu logo rinnassa<\/li>\n<li>Kierr\u00e4tyskankaasta valmistettu merkki vasemmassa helmassa<\/li>\n<li>100 % luomupuuvillaa<\/li>\n<\/ul>\n<p><!--EndFragment --><\/p>\n","protected":false},"excerpt":{"rendered":"<p>Klassinen ja laadukas T-paita<\/p>\n","protected":false},"featured_media":87615,"template":"","meta":{"_acf_changed":false},"pwb-brand":[2665],"product_brand":[],"product_cat":[876,777,633],"product_tag":[],"woo-feed-brand":[],"class_list":{"0":"post-87917","1":"product","2":"type-product","3":"status-publish","4":"has-post-thumbnail","6":"pwb-brand-henri-lloyd-fi","7":"product_cat-edullinen-hinta-miehet-fi","8":"product_cat-miehet","9":"product_cat-paidat-fi","11":"first","12":"instock","13":"sale","14":"taxable","15":"shipping-taxable","16":"purchasable","17":"product-type-variable","18":"wvs-archive-product-wrapper"},"acf":[],"brands":[{"id":2665,"name":"Henri Lloyd","slug":"henri-lloyd-fi"}],"_links":{"self":[{"href":"https:\/\/nautical.store\/fi\/wp-json\/wp\/v2\/product\/87917","targetHints":{"allow":["GET"]}}],"collection":[{"href":"https:\/\/nautical.store\/fi\/wp-json\/wp\/v2\/product"}],"about":[{"href":"https:\/\/nautical.store\/fi\/wp-json\/wp\/v2\/types\/product"}],"wp:featuredmedia":[{"embeddable":true,"href":"https:\/\/nautical.store\/fi\/wp-json\/wp\/v2\/media\/87615"}],"wp:attachment":[{"href":"https:\/\/nautical.store\/fi\/wp-json\/wp\/v2\/media?parent=87917"}],"wp:term":[{"taxonomy":"pwb-brand","embeddable":true,"href":"https:\/\/nautical.store\/fi\/wp-json\/wp\/v2\/pwb-brand?post=87917"},{"taxonomy":"product_brand","embeddable":true,"href":"https:\/\/nautical.store\/fi\/wp-json\/wp\/v2\/product_brand?post=87917"},{"taxonomy":"product_cat","embeddable":true,"href":"https:\/\/nautical.store\/fi\/wp-json\/wp\/v2\/product_cat?post=87917"},{"taxonomy":"product_tag","embeddable":true,"href":"https:\/\/nautical.store\/fi\/wp-json\/wp\/v2\/product_tag?post=87917"},{"taxonomy":"woo-feed-brand","embeddable":true,"href":"https:\/\/nautical.store\/fi\/wp-json\/wp\/v2\/woo-feed-brand?post=87917"}],"curies":[{"name":"wp","href":"https:\/\/api.w.org\/{rel}","templated":true}]}}