{"id":87931,"date":"2025-10-30T10:56:49","date_gmt":"2025-10-30T08:56:49","guid":{"rendered":"https:\/\/nautical.store\/toode\/henri-lloyd-kilrush-pipo\/"},"modified":"2025-10-30T10:56:49","modified_gmt":"2025-10-30T08:56:49","slug":"henri-lloyd-kilrush-pipo","status":"publish","type":"product","link":"https:\/\/nautical.store\/fi\/tuote\/henri-lloyd-kilrush-pipo\/","title":{"rendered":"Henri Lloyd Kilrush -pipo"},"content":{"rendered":"<p><!--StartFragment --><\/p>\n<p><!--StartFragment --><\/p>\n<p>Henri-Lloydin Kilrush-pipo pit\u00e4\u00e4 p\u00e4\u00e4n l\u00e4mpim\u00e4n\u00e4 ja on samalla tyylik\u00e4s valinta kylm\u00e4\u00e4n s\u00e4\u00e4h\u00e4n.\u00a0Pehme\u00e4 neulottu materiaali, k\u00e4\u00e4nnetty reuna ja edess\u00e4 brodeerattu Henri-Lloyd -logo antavat pipolle viimeistellyn ja merihenkisen ilmeen. Sopii t\u00e4ydellisesti viileisiin p\u00e4iviin kaupungilla tai ulkoillessa.<\/p>\n<ul>\n<li>80 % villaa, 20 % polyamidia<\/li>\n<li>5gg 1&#215;1 ribbineulos \u2013 joustava ja istuva<\/li>\n<li>Brodeerattu Henri-Lloyd -logo edess\u00e4<\/li>\n<\/ul>\n<p><!--EndFragment --><\/p>\n","protected":false},"excerpt":{"rendered":"<p>L\u00e4mmin neulottu pipo<\/p>\n","protected":false},"featured_media":87654,"template":"","meta":{"_acf_changed":false},"pwb-brand":[2665],"product_brand":[],"product_cat":[629,628,777,1261,1262],"product_tag":[],"woo-feed-brand":[],"class_list":{"0":"post-87931","1":"product","2":"type-product","3":"status-publish","4":"has-post-thumbnail","6":"pwb-brand-henri-lloyd-fi","7":"product_cat-asusteet-naiset","8":"product_cat-asusteet","9":"product_cat-miehet","10":"product_cat-miesten-purjehdusvaatteet","11":"product_cat-naisten-purjehdusvaatteet","13":"first","14":"instock","15":"taxable","16":"shipping-taxable","17":"purchasable","18":"product-type-variable","19":"wvs-archive-product-wrapper"},"acf":[],"brands":[{"id":2665,"name":"Henri Lloyd","slug":"henri-lloyd-fi"}],"_links":{"self":[{"href":"https:\/\/nautical.store\/fi\/wp-json\/wp\/v2\/product\/87931","targetHints":{"allow":["GET"]}}],"collection":[{"href":"https:\/\/nautical.store\/fi\/wp-json\/wp\/v2\/product"}],"about":[{"href":"https:\/\/nautical.store\/fi\/wp-json\/wp\/v2\/types\/product"}],"wp:featuredmedia":[{"embeddable":true,"href":"https:\/\/nautical.store\/fi\/wp-json\/wp\/v2\/media\/87654"}],"wp:attachment":[{"href":"https:\/\/nautical.store\/fi\/wp-json\/wp\/v2\/media?parent=87931"}],"wp:term":[{"taxonomy":"pwb-brand","embeddable":true,"href":"https:\/\/nautical.store\/fi\/wp-json\/wp\/v2\/pwb-brand?post=87931"},{"taxonomy":"product_brand","embeddable":true,"href":"https:\/\/nautical.store\/fi\/wp-json\/wp\/v2\/product_brand?post=87931"},{"taxonomy":"product_cat","embeddable":true,"href":"https:\/\/nautical.store\/fi\/wp-json\/wp\/v2\/product_cat?post=87931"},{"taxonomy":"product_tag","embeddable":true,"href":"https:\/\/nautical.store\/fi\/wp-json\/wp\/v2\/product_tag?post=87931"},{"taxonomy":"woo-feed-brand","embeddable":true,"href":"https:\/\/nautical.store\/fi\/wp-json\/wp\/v2\/woo-feed-brand?post=87931"}],"curies":[{"name":"wp","href":"https:\/\/api.w.org\/{rel}","templated":true}]}}